{"id":2870,"date":"2025-09-16T08:12:00","date_gmt":"2025-09-16T08:12:00","guid":{"rendered":"https:\/\/raytalkcomms.com\/?page_id=2870"},"modified":"2025-12-31T08:34:27","modified_gmt":"2025-12-31T08:34:27","slug":"technical-advantages","status":"publish","type":"page","link":"https:\/\/raytalkcomms.com\/ru\/odm-service\/technical-advantages\/","title":{"rendered":"\u0422\u0435\u0445\u043d\u0438\u0447\u0435\u0441\u043a\u0438\u0435 \u043f\u0440\u0435\u0438\u043c\u0443\u0449\u0435\u0441\u0442\u0432\u0430"},"content":{"rendered":"<div data-elementor-type=\"wp-page\" data-elementor-id=\"2870\" class=\"elementor elementor-2870\" data-elementor-post-type=\"page\">\n\t\t\t\t<div class=\"elementor-element elementor-element-6732be4 e-grid e-con-boxed e-con e-parent\" data-id=\"6732be4\" data-element_type=\"container\" data-settings=\"{&quot;background_background&quot;:&quot;classic&quot;}\">\n\t\t\t\t\t<div class=\"e-con-inner\">\n\t\t<div class=\"elementor-element elementor-element-4a42ef1 e-con-full e-flex e-con e-child\" data-id=\"4a42ef1\" data-element_type=\"container\">\n\t\t\t\t<div class=\"elementor-element elementor-element-89389a8 elementor-widget elementor-widget-heading\" data-id=\"89389a8\" data-element_type=\"widget\" data-widget_type=\"heading.default\">\n\t\t\t\t<div class=\"elementor-widget-container\">\n\t\t\t\t\t<h2 class=\"elementor-heading-title elementor-size-default\">\u0422\u0435\u0445\u043d\u0438\u0447\u0435\u0441\u043a\u0438\u0435 \u043f\u0440\u0435\u0438\u043c\u0443\u0449\u0435\u0441\u0442\u0432\u0430<\/h2>\t\t\t\t<\/div>\n\t\t\t\t<\/div>\n\t\t\t\t<div class=\"elementor-element elementor-element-15cdcfa elementor-widget elementor-widget-text-editor\" data-id=\"15cdcfa\" data-element_type=\"widget\" data-widget_type=\"text-editor.default\">\n\t\t\t\t<div class=\"elementor-widget-container\">\n\t\t\t\t\t\t\t\t\t<p>Where innovation meets precision.<\/p>\t\t\t\t\t\t\t\t<\/div>\n\t\t\t\t<\/div>\n\t\t\t\t<\/div>\n\t\t\t\t\t<\/div>\n\t\t\t\t<\/div>\n\t\t<div class=\"elementor-element elementor-element-4cd7afa e-flex e-con-boxed e-con e-parent\" data-id=\"4cd7afa\" data-element_type=\"container\">\n\t\t\t\t\t<div class=\"e-con-inner\">\n\t\t\t\t<div class=\"elementor-element elementor-element-21cd72f e-n-tabs-mobile elementor-widget elementor-widget-n-tabs\" data-id=\"21cd72f\" data-element_type=\"widget\" data-settings=\"{&quot;horizontal_scroll&quot;:&quot;disable&quot;}\" data-widget_type=\"nested-tabs.default\">\n\t\t\t\t<div class=\"elementor-widget-container\">\n\t\t\t\t\t\t\t<div class=\"e-n-tabs\" data-widget-number=\"35444527\" aria-label=\"Onglets. Ouvrez des \u00e9l\u00e9ments avec Entrer ou Espace, fermez-les avec Echape et naviguez \u00e0 l&#039;aide des touches fl\u00e9ch\u00e9es.\" data-no-translation-aria-label=\"\">\n\t\t\t<div class=\"e-n-tabs-heading\" role=\"tablist\">\n\t\t\t\t\t<button id=\"e-n-tab-title-354445271\" data-tab-title-id=\"e-n-tab-title-354445271\" class=\"e-n-tab-title\" aria-selected=\"true\" data-tab-index=\"1\" role=\"tab\" tabindex=\"0\" aria-controls=\"e-n-tab-content-354445271\" style=\"--n-tabs-title-order: 1;\">\n\t\t\t\t\t<span class=\"e-n-tab-icon\">\n\t\t\t<i aria-hidden=\"true\" class=\"fas fa-pencil-ruler\"><\/i>\t\t\t<i aria-hidden=\"true\" class=\"fas fa-pencil-ruler\"><\/i>\t\t<\/span>\n\t\t\t\t\t<span class=\"e-n-tab-title-text\">\n\t\t\t\tDesign\t\t\t<\/span>\n\t\t<\/button>\n\t\t\t\t<button id=\"e-n-tab-title-354445272\" data-tab-title-id=\"e-n-tab-title-354445272\" class=\"e-n-tab-title\" aria-selected=\"false\" data-tab-index=\"2\" role=\"tab\" tabindex=\"-1\" aria-controls=\"e-n-tab-content-354445272\" style=\"--n-tabs-title-order: 2;\">\n\t\t\t\t\t<span class=\"e-n-tab-icon\">\n\t\t\t<i aria-hidden=\"true\" class=\"fas fa-cog\"><\/i>\t\t\t<i aria-hidden=\"true\" class=\"fas fa-cog\"><\/i>\t\t<\/span>\n\t\t\t\t\t<span class=\"e-n-tab-title-text\">\n\t\t\t\tEngineering\t\t\t<\/span>\n\t\t<\/button>\n\t\t\t\t<button id=\"e-n-tab-title-354445273\" data-tab-title-id=\"e-n-tab-title-354445273\" class=\"e-n-tab-title\" aria-selected=\"false\" data-tab-index=\"3\" role=\"tab\" tabindex=\"-1\" aria-controls=\"e-n-tab-content-354445273\" style=\"--n-tabs-title-order: 3;\">\n\t\t\t\t\t<span class=\"e-n-tab-icon\">\n\t\t\t<i aria-hidden=\"true\" class=\"fas fa-hammer\"><\/i>\t\t\t<i aria-hidden=\"true\" class=\"fas fa-hammer\"><\/i>\t\t<\/span>\n\t\t\t\t\t<span class=\"e-n-tab-title-text\">\n\t\t\t\tManufacturing\t\t\t<\/span>\n\t\t<\/button>\n\t\t\t\t\t<\/div>\n\t\t\t<div class=\"e-n-tabs-content\">\n\t\t\t\t<div id=\"e-n-tab-content-354445271\" role=\"tabpanel\" aria-labelledby=\"e-n-tab-title-354445271\" data-tab-index=\"1\" style=\"--n-tabs-title-order: 1;\" class=\"e-active elementor-element elementor-element-7fa2ba2 e-con-full e-flex e-con e-child\" data-id=\"7fa2ba2\" data-element_type=\"container\">\n\t\t<div class=\"elementor-element elementor-element-c9607cb e-flex e-con-boxed e-con e-child\" data-id=\"c9607cb\" data-element_type=\"container\">\n\t\t\t\t\t<div class=\"e-con-inner\">\n\t\t\t\t<div class=\"elementor-element elementor-element-bc7251e elementor-widget elementor-widget-image\" data-id=\"bc7251e\" data-element_type=\"widget\" data-widget_type=\"image.default\">\n\t\t\t\t<div class=\"elementor-widget-container\">\n\t\t\t\t\t\t\t\t\t\t\t\t\t\t\t<img fetchpriority=\"high\" decoding=\"async\" width=\"1024\" height=\"366\" src=\"https:\/\/raytalkcomms.com\/wp-content\/uploads\/2025\/09\/ODM-Design-1024x366.jpg\" class=\"attachment-large size-large wp-image-3611\" alt=\"Blueprint and 3D design of two way radio accessories showcasing RayTalk engineering, design, and manufacturing expertise.\" srcset=\"https:\/\/raytalkcomms.com\/wp-content\/uploads\/2025\/09\/ODM-Design-1024x366.jpg 1024w, https:\/\/raytalkcomms.com\/wp-content\/uploads\/2025\/09\/ODM-Design-300x107.jpg 300w, https:\/\/raytalkcomms.com\/wp-content\/uploads\/2025\/09\/ODM-Design-768x274.jpg 768w, https:\/\/raytalkcomms.com\/wp-content\/uploads\/2025\/09\/ODM-Design-1536x549.jpg 1536w, https:\/\/raytalkcomms.com\/wp-content\/uploads\/2025\/09\/ODM-Design-1000x357.jpg 1000w, https:\/\/raytalkcomms.com\/wp-content\/uploads\/2025\/09\/ODM-Design.jpg 1903w\" sizes=\"(max-width: 1024px) 100vw, 1024px\" \/>\t\t\t\t\t\t\t\t\t\t\t\t\t\t\t<\/div>\n\t\t\t\t<\/div>\n\t\t\t\t<div class=\"elementor-element elementor-element-c4d88d2 elementor-widget elementor-widget-text-editor\" data-id=\"c4d88d2\" data-element_type=\"widget\" data-widget_type=\"text-editor.default\">\n\t\t\t\t<div class=\"elementor-widget-container\">\n\t\t\t\t\t\t\t\t\t<p>We are experts in mold design and manufacturing. Whether our customers need simple molded plastic parts or more complex electronic components, Our engineering team has the ability and tools to generate quick solutions. A successful manufacturing design project is related to the discussion and cooperation between you and the customer.<\/p>\t\t\t\t\t\t\t\t<\/div>\n\t\t\t\t<\/div>\n\t\t\t\t\t<\/div>\n\t\t\t\t<\/div>\n\t\t\t\t<\/div>\n\t\t<div id=\"e-n-tab-content-354445272\" role=\"tabpanel\" aria-labelledby=\"e-n-tab-title-354445272\" data-tab-index=\"2\" style=\"--n-tabs-title-order: 2;\" class=\"elementor-element elementor-element-536ee01 e-con-full e-flex e-con e-child\" data-id=\"536ee01\" data-element_type=\"container\">\n\t\t<div class=\"elementor-element elementor-element-dc6a3c6 e-con-full e-flex e-con e-child\" data-id=\"dc6a3c6\" data-element_type=\"container\" data-settings=\"{&quot;background_background&quot;:&quot;classic&quot;}\">\n\t\t\t\t<div class=\"elementor-element elementor-element-0d30616 elementor-widget elementor-widget-heading\" data-id=\"0d30616\" data-element_type=\"widget\" data-widget_type=\"heading.default\">\n\t\t\t\t<div class=\"elementor-widget-container\">\n\t\t\t\t\t<h3 class=\"elementor-heading-title elementor-size-default\">PCBA<\/h3>\t\t\t\t<\/div>\n\t\t\t\t<\/div>\n\t\t\t\t<div class=\"elementor-element elementor-element-a4ac5b4 elementor-widget elementor-widget-text-editor\" data-id=\"a4ac5b4\" data-element_type=\"widget\" data-widget_type=\"text-editor.default\">\n\t\t\t\t<div class=\"elementor-widget-container\">\n\t\t\t\t\t\t\t\t\t<p>PCBA is an indispensable component in electronic products. We can produce simple to complex multi-layer integrated circuits. Our R&amp;D team can design advanced circuits to produce comprehensive products.<\/p>\t\t\t\t\t\t\t\t<\/div>\n\t\t\t\t<\/div>\n\t\t\t\t<\/div>\n\t\t<div class=\"elementor-element elementor-element-b3632f6 e-con-full e-flex e-con e-child\" data-id=\"b3632f6\" data-element_type=\"container\" data-settings=\"{&quot;background_background&quot;:&quot;classic&quot;}\">\n\t\t\t\t<div class=\"elementor-element elementor-element-bf587ac elementor-widget elementor-widget-heading\" data-id=\"bf587ac\" data-element_type=\"widget\" data-widget_type=\"heading.default\">\n\t\t\t\t<div class=\"elementor-widget-container\">\n\t\t\t\t\t<h3 class=\"elementor-heading-title elementor-size-default\">MOLD DESIGN<\/h3>\t\t\t\t<\/div>\n\t\t\t\t<\/div>\n\t\t\t\t<div class=\"elementor-element elementor-element-b74f217 elementor-widget elementor-widget-text-editor\" data-id=\"b74f217\" data-element_type=\"widget\" data-widget_type=\"text-editor.default\">\n\t\t\t\t<div class=\"elementor-widget-container\">\n\t\t\t\t\t\t\t\t\t<p>We have our own mold department, which is filled with all kinds of molds. Except for the molds for conventional products, many of them are customized for customers. Our ability to design and manufacture injection molds and assembly production jigs makes us stand out from the competition.<\/p><p>Whether it is a small batch of electronic components or a large batch of plastic parts, we consistently design and manufacture high-quality injection molds at a lower cost and faster speed. Because we can fully control the injection mold design process, we can design given parts and related tools to achieve efficient manufacturability. We can take your product from concept to full production in ten weeks or less. This minimizes overall production costs without sacrificing quality.<\/p>\t\t\t\t\t\t\t\t<\/div>\n\t\t\t\t<\/div>\n\t\t\t\t<\/div>\n\t\t<div class=\"elementor-element elementor-element-711b573 e-con-full e-flex e-con e-child\" data-id=\"711b573\" data-element_type=\"container\" data-settings=\"{&quot;background_background&quot;:&quot;classic&quot;}\">\n\t\t\t\t<div class=\"elementor-element elementor-element-6cce6ca elementor-widget elementor-widget-heading\" data-id=\"6cce6ca\" data-element_type=\"widget\" data-widget_type=\"heading.default\">\n\t\t\t\t<div class=\"elementor-widget-container\">\n\t\t\t\t\t<h3 class=\"elementor-heading-title elementor-size-default\">3D PRINTING<\/h3>\t\t\t\t<\/div>\n\t\t\t\t<\/div>\n\t\t\t\t<div class=\"elementor-element elementor-element-9cdb8b0 elementor-widget elementor-widget-text-editor\" data-id=\"9cdb8b0\" data-element_type=\"widget\" data-widget_type=\"text-editor.default\">\n\t\t\t\t<div class=\"elementor-widget-container\">\n\t\t\t\t\t\t\t\t\t<p>Nowadays 3D printing is widely used in various production components, prototypes and tools. In Ray Talk manufacturing, we also apply 3D printing to OEM, ODM projects. 3D functional and structural prototypes can help pull project schedule and move more efficiently to bulk production.<\/p>\t\t\t\t\t\t\t\t<\/div>\n\t\t\t\t<\/div>\n\t\t\t\t<\/div>\n\t\t\t\t<\/div>\n\t\t<div id=\"e-n-tab-content-354445273\" role=\"tabpanel\" aria-labelledby=\"e-n-tab-title-354445273\" data-tab-index=\"3\" style=\"--n-tabs-title-order: 3;\" class=\"elementor-element elementor-element-b1e0d53 e-con-full e-flex e-con e-child\" data-id=\"b1e0d53\" data-element_type=\"container\">\n\t\t<div class=\"elementor-element elementor-element-b7a49c1 e-con-full e-flex e-con e-child\" data-id=\"b7a49c1\" data-element_type=\"container\" data-settings=\"{&quot;background_background&quot;:&quot;classic&quot;}\">\n\t\t\t\t<div class=\"elementor-element elementor-element-4bf3e03 elementor-widget elementor-widget-heading\" data-id=\"4bf3e03\" data-element_type=\"widget\" data-widget_type=\"heading.default\">\n\t\t\t\t<div class=\"elementor-widget-container\">\n\t\t\t\t\t<h3 class=\"elementor-heading-title elementor-size-default\">PURCHASING &amp; IQC<\/h3>\t\t\t\t<\/div>\n\t\t\t\t<\/div>\n\t\t\t\t<div class=\"elementor-element elementor-element-a37a44b elementor-widget elementor-widget-text-editor\" data-id=\"a37a44b\" data-element_type=\"widget\" data-widget_type=\"text-editor.default\">\n\t\t\t\t<div class=\"elementor-widget-container\">\n\t\t\t\t\t\t\t\t\t<p>Purchase all necessary materials and components, and manufacture tools. This usually takes 4-6 weeks to complete. Once the materials arrive at our factory, IQC department will inspect raw materials to ensure that the materials used in production are all qualified products. After that, the bill of materials(BOM) will be organized by our inventory experts and delivered to the production team assemblers for next steps.<\/p>\t\t\t\t\t\t\t\t<\/div>\n\t\t\t\t<\/div>\n\t\t\t\t<\/div>\n\t\t<div class=\"elementor-element elementor-element-a69cb73 e-con-full e-flex e-con e-child\" data-id=\"a69cb73\" data-element_type=\"container\" data-settings=\"{&quot;background_background&quot;:&quot;classic&quot;}\">\n\t\t\t\t<div class=\"elementor-element elementor-element-30839d0 elementor-widget elementor-widget-heading\" data-id=\"30839d0\" data-element_type=\"widget\" data-widget_type=\"heading.default\">\n\t\t\t\t<div class=\"elementor-widget-container\">\n\t\t\t\t\t<h3 class=\"elementor-heading-title elementor-size-default\">MANUFACTURING<\/h3>\t\t\t\t<\/div>\n\t\t\t\t<\/div>\n\t\t\t\t<div class=\"elementor-element elementor-element-6a6cadf elementor-widget elementor-widget-text-editor\" data-id=\"6a6cadf\" data-element_type=\"widget\" data-widget_type=\"text-editor.default\">\n\t\t\t\t<div class=\"elementor-widget-container\">\n\t\t\t\t\t\t\t\t\t<p>Once the customer confirms the pre-production sample, we will immediately notify the production line, the production line will apply for picking, verification, spare parts and corresponding production tools, and then arrange the production process to promote efficient production. Once mass production starts, we will confirm the delivery time. Generally speaking, our delivery time is about 4 weeks. The specific time depends on the complexity and scale of the project. Whether it is the complexity of the project or the size of the order and scale, we have a complete production facility and a professional technical team to meet your manufacturing needs.<\/p>\t\t\t\t\t\t\t\t<\/div>\n\t\t\t\t<\/div>\n\t\t\t\t<\/div>\n\t\t<div class=\"elementor-element elementor-element-cc77ea6 e-con-full e-flex e-con e-child\" data-id=\"cc77ea6\" data-element_type=\"container\" data-settings=\"{&quot;background_background&quot;:&quot;classic&quot;}\">\n\t\t\t\t<div class=\"elementor-element elementor-element-71c0845 elementor-widget elementor-widget-heading\" data-id=\"71c0845\" data-element_type=\"widget\" data-widget_type=\"heading.default\">\n\t\t\t\t<div class=\"elementor-widget-container\">\n\t\t\t\t\t<h3 class=\"elementor-heading-title elementor-size-default\">TESTING<\/h3>\t\t\t\t<\/div>\n\t\t\t\t<\/div>\n\t\t\t\t<div class=\"elementor-element elementor-element-ce8ea6e elementor-widget elementor-widget-text-editor\" data-id=\"ce8ea6e\" data-element_type=\"widget\" data-widget_type=\"text-editor.default\">\n\t\t\t\t<div class=\"elementor-widget-container\">\n\t\t\t\t\t\t\t\t\t<p>We will conduct multiple rounds of testing and full inspection of the products before shipment. Usually, our QA\/QC personnel will test the products before and after production, assembly and packaging to provide customers with quality-assured products and ensure that the products are specifically designed for their unique applications.<\/p>\t\t\t\t\t\t\t\t<\/div>\n\t\t\t\t<\/div>\n\t\t\t\t<\/div>\n\t\t\t\t<\/div>\n\t\t\t\t\t<\/div>\n\t\t<\/div>\n\t\t\t\t\t\t<\/div>\n\t\t\t\t<\/div>\n\t\t\t\t\t<\/div>\n\t\t\t\t<\/div>\n\t\t<div class=\"elementor-element elementor-element-c933118 e-flex e-con-boxed e-con e-parent\" data-id=\"c933118\" data-element_type=\"container\">\n\t\t\t\t\t<div class=\"e-con-inner\">\n\t\t\t\t\t<\/div>\n\t\t\t\t<\/div>\n\t\t\t\t<\/div>","protected":false},"excerpt":{"rendered":"<p>Technical Advantages Where innovation meets precision. Design Engineering Manufacturing We are experts in mold design and manufacturing. Whether our customers need simple molded plastic parts or more complex electronic components, Our engineering team has the ability and tools to generate quick solutions. A successful manufacturing design project is related to the discussion and cooperation between [&hellip;]<\/p>\n","protected":false},"author":1,"featured_media":3611,"parent":2525,"menu_order":0,"comment_status":"closed","ping_status":"closed","template":"","meta":{"footnotes":""},"class_list":["post-2870","page","type-page","status-publish","has-post-thumbnail","hentry"],"blocksy_meta":[],"_links":{"self":[{"href":"https:\/\/raytalkcomms.com\/ru\/wp-json\/wp\/v2\/pages\/2870","targetHints":{"allow":["GET"]}}],"collection":[{"href":"https:\/\/raytalkcomms.com\/ru\/wp-json\/wp\/v2\/pages"}],"about":[{"href":"https:\/\/raytalkcomms.com\/ru\/wp-json\/wp\/v2\/types\/page"}],"author":[{"embeddable":true,"href":"https:\/\/raytalkcomms.com\/ru\/wp-json\/wp\/v2\/users\/1"}],"replies":[{"embeddable":true,"href":"https:\/\/raytalkcomms.com\/ru\/wp-json\/wp\/v2\/comments?post=2870"}],"version-history":[{"count":24,"href":"https:\/\/raytalkcomms.com\/ru\/wp-json\/wp\/v2\/pages\/2870\/revisions"}],"predecessor-version":[{"id":6667,"href":"https:\/\/raytalkcomms.com\/ru\/wp-json\/wp\/v2\/pages\/2870\/revisions\/6667"}],"up":[{"embeddable":true,"href":"https:\/\/raytalkcomms.com\/ru\/wp-json\/wp\/v2\/pages\/2525"}],"wp:featuredmedia":[{"embeddable":true,"href":"https:\/\/raytalkcomms.com\/ru\/wp-json\/wp\/v2\/media\/3611"}],"wp:attachment":[{"href":"https:\/\/raytalkcomms.com\/ru\/wp-json\/wp\/v2\/media?parent=2870"}],"curies":[{"name":"wp","href":"https:\/\/api.w.org\/{rel}","templated":true}]}}