{"id":6581,"date":"2025-12-31T06:42:38","date_gmt":"2025-12-31T06:42:38","guid":{"rendered":"https:\/\/raytalkcomms.com\/?post_type=product&#038;p=6581"},"modified":"2025-12-31T06:42:38","modified_gmt":"2025-12-31T06:42:38","slug":"rpb-fnb113li-radio-battery-for-vertex-standard-vx-series-radios","status":"publish","type":"product","link":"https:\/\/raytalkcomms.com\/pt\/produto\/rpb-fnb113li-radio-battery-for-vertex-standard-vx-series-radios\/","title":{"rendered":"Bateria de r\u00e1dio RPB-FNB113Li para r\u00e1dios da s\u00e9rie VX padr\u00e3o da Vertex"},"content":{"rendered":"<h3>Carater\u00edsticas:<\/h3>\n<ul>\n<li>Compatible with Vertex Standard VX450\/VX459\/VX451\/VX454 walkie-talkies.<\/li>\n<li>sanyo2200mAh\/2600mah\/samsung 2600mah high capacity supports continuous, high-frequency radio use.<\/li>\n<li>Replaces the Vertex Standard \/ Yaesu OEM part number RPB-FNB113Li batteries<\/li>\n<li>A qu\u00edmica LI-ION permite ciclos de carga mais longos e um desempenho consistente.<\/li>\n<li>Durable build matches or exceeds original RPB-FNB113Li battery quality.<\/li>\n<li>Solu\u00e7\u00e3o de alimenta\u00e7\u00e3o fi\u00e1vel em que confiam as equipas profissionais, industriais e de seguran\u00e7a p\u00fablica.<\/li>\n<\/ul>","protected":false},"excerpt":{"rendered":"<p>RPB-FNB113Li is a high-performance LI-ION replacement Radio battery pack designed for Vertex Standard walkie-talkies, includingVX450\/VX459\/VX451\/VX454 Operating at Radio battery, it delivers more stable transmit power for clearer, more reliable voice communication.<\/p>\n<p>With a high capacity of sanyo2200mAh\/2600mah\/samsung 2600mah, this Radio Battery provides consistent and continuous power, making it ideal for teams that rely on frequent, uninterrupted radio use.<\/p>\n<p>Built for durability, the RPB-FNB113Li Radio Battery matches or exceeds the performance and quality of the original Vertex Standard \/ Motorola RPB-FNB113Li battery pack. Its LI-ION chemistry supports longer charge and discharge cycles, ensuring dependable power for intensive daily operations.<\/p>\n<p>A RayTalk oferece uma vasta gama de baterias de substitui\u00e7\u00e3o para r\u00e1dios bidireccionais. As empresas, ag\u00eancias governamentais e profissionais de seguran\u00e7a p\u00fablica confiam nelas devido \u00e0 sua fiabilidade comprovada.<\/p>","protected":false},"featured_media":6578,"template":"","meta":[],"product_brand":[],"product_cat":[219,214,323],"product_tag":[],"class_list":{"0":"post-6581","1":"product","2":"type-product","3":"status-publish","4":"has-post-thumbnail","6":"product_cat-batteries-and-chargers","7":"product_cat-two-way-radio-accessories","8":"product_cat-vertex-standard-yaesu","10":"first","11":"instock","12":"shipping-taxable","13":"purchasable","14":"product-type-simple"},"_links":{"self":[{"href":"https:\/\/raytalkcomms.com\/pt\/wp-json\/wp\/v2\/product\/6581","targetHints":{"allow":["GET"]}}],"collection":[{"href":"https:\/\/raytalkcomms.com\/pt\/wp-json\/wp\/v2\/product"}],"about":[{"href":"https:\/\/raytalkcomms.com\/pt\/wp-json\/wp\/v2\/types\/product"}],"wp:featuredmedia":[{"embeddable":true,"href":"https:\/\/raytalkcomms.com\/pt\/wp-json\/wp\/v2\/media\/6578"}],"wp:attachment":[{"href":"https:\/\/raytalkcomms.com\/pt\/wp-json\/wp\/v2\/media?parent=6581"}],"wp:term":[{"taxonomy":"product_brand","embeddable":true,"href":"https:\/\/raytalkcomms.com\/pt\/wp-json\/wp\/v2\/product_brand?post=6581"},{"taxonomy":"product_cat","embeddable":true,"href":"https:\/\/raytalkcomms.com\/pt\/wp-json\/wp\/v2\/product_cat?post=6581"},{"taxonomy":"product_tag","embeddable":true,"href":"https:\/\/raytalkcomms.com\/pt\/wp-json\/wp\/v2\/product_tag?post=6581"}],"curies":[{"name":"wp","href":"https:\/\/api.w.org\/{rel}","templated":true}]}}