{"id":6448,"date":"2025-12-30T12:14:31","date_gmt":"2025-12-30T12:14:31","guid":{"rendered":"https:\/\/raytalkcomms.com\/?post_type=product&#038;p=6448"},"modified":"2025-12-30T12:14:31","modified_gmt":"2025-12-30T12:14:31","slug":"rpb-fnbv132li-replacement-battery-for-vertex-motorola-vx228-vx230-vx231-radios","status":"publish","type":"product","link":"https:\/\/raytalkcomms.com\/pt\/produto\/rpb-fnbv132li-replacement-battery-for-vertex-motorola-vx228-vx230-vx231-radios\/","title":{"rendered":"Bateria de substitui\u00e7\u00e3o RPB-FNBV132Li para r\u00e1dios Vertex\/Motorola VX228 VX230, VX231"},"content":{"rendered":"<h3>Carater\u00edsticas:<\/h3>\n<ul>\n<li>Compat\u00edvel com os walkie-talkies Vertex Standard VX228, VX230 e VX231.<\/li>\n<li>Op\u00e7\u00f5es de alta capacidade de 2200mAh e 2600mAh para uma utiliza\u00e7\u00e3o prolongada do r\u00e1dio.<\/li>\n<li>Substitui a bateria do r\u00e1dio bidirecional Vertex Standard \/ Yaesu com o n\u00famero de pe\u00e7a OEM FNBV132Li.<\/li>\n<li>A qu\u00edmica do i\u00e3o de l\u00edtio permite ciclos de carga mais longos e um desempenho consistente.<\/li>\n<li>A constru\u00e7\u00e3o duradoura iguala ou excede a qualidade da bateria de substitui\u00e7\u00e3o original FNBV132Li.<\/li>\n<li>Solu\u00e7\u00e3o de alimenta\u00e7\u00e3o fi\u00e1vel em que confiam as equipas profissionais, industriais e de seguran\u00e7a p\u00fablica.<\/li>\n<\/ul>","protected":false},"excerpt":{"rendered":"<p>A RPB-FNBV132Li \u00e9 uma bateria de substitui\u00e7\u00e3o de alto desempenho concebida para os walkie-talkies Vertex Standard, incluindo o VX228, o VX230 e o VX231.<br \/>\nA bateria de r\u00e1dio bidirecional RPB-FNBV131Li \u00e9 uma bateria de substitui\u00e7\u00e3o de alta capacidade. Utiliza c\u00e9lulas Sanyo ou Samsung de primeira qualidade e est\u00e1 dispon\u00edvel com capacidades de 2200mAh e 2600mAh, fornecendo energia fi\u00e1vel e duradoura para uma utiliza\u00e7\u00e3o prolongada do r\u00e1dio.<br \/>\nConstru\u00edda para durar, a RPB-FNBV132Li iguala ou excede o desempenho e a qualidade da bateria original Vertex Standard \/ Motorola FNBV132Li. A sua qu\u00edmica de i\u00f5es de l\u00edtio suporta ciclos de carga e descarga mais longos, garantindo uma energia fi\u00e1vel para opera\u00e7\u00f5es di\u00e1rias intensivas.<br \/>\nA RayTalk oferece uma vasta gama de baterias de substitui\u00e7\u00e3o para r\u00e1dios bidireccionais. As empresas, ag\u00eancias governamentais e profissionais de seguran\u00e7a p\u00fablica confiam nelas devido \u00e0 sua fiabilidade comprovada.<\/p>","protected":false},"featured_media":6449,"template":"","meta":[],"product_brand":[],"product_cat":[219,214,323],"product_tag":[],"class_list":{"0":"post-6448","1":"product","2":"type-product","3":"status-publish","4":"has-post-thumbnail","6":"product_cat-batteries-and-chargers","7":"product_cat-two-way-radio-accessories","8":"product_cat-vertex-standard-yaesu","10":"first","11":"instock","12":"shipping-taxable","13":"purchasable","14":"product-type-simple"},"_links":{"self":[{"href":"https:\/\/raytalkcomms.com\/pt\/wp-json\/wp\/v2\/product\/6448","targetHints":{"allow":["GET"]}}],"collection":[{"href":"https:\/\/raytalkcomms.com\/pt\/wp-json\/wp\/v2\/product"}],"about":[{"href":"https:\/\/raytalkcomms.com\/pt\/wp-json\/wp\/v2\/types\/product"}],"wp:featuredmedia":[{"embeddable":true,"href":"https:\/\/raytalkcomms.com\/pt\/wp-json\/wp\/v2\/media\/6449"}],"wp:attachment":[{"href":"https:\/\/raytalkcomms.com\/pt\/wp-json\/wp\/v2\/media?parent=6448"}],"wp:term":[{"taxonomy":"product_brand","embeddable":true,"href":"https:\/\/raytalkcomms.com\/pt\/wp-json\/wp\/v2\/product_brand?post=6448"},{"taxonomy":"product_cat","embeddable":true,"href":"https:\/\/raytalkcomms.com\/pt\/wp-json\/wp\/v2\/product_cat?post=6448"},{"taxonomy":"product_tag","embeddable":true,"href":"https:\/\/raytalkcomms.com\/pt\/wp-json\/wp\/v2\/product_tag?post=6448"}],"curies":[{"name":"wp","href":"https:\/\/api.w.org\/{rel}","templated":true}]}}