{"id":6445,"date":"2025-12-30T12:08:36","date_gmt":"2025-12-30T12:08:36","guid":{"rendered":"https:\/\/raytalkcomms.com\/?post_type=product&#038;p=6445"},"modified":"2025-12-30T12:08:36","modified_gmt":"2025-12-30T12:08:36","slug":"rpb-fnbv131li-radio-battery-for-vertex-standard-vx228-vx230-vx231","status":"publish","type":"product","link":"https:\/\/raytalkcomms.com\/pt\/produto\/rpb-fnbv131li-radio-battery-for-vertex-standard-vx228-vx230-vx231\/","title":{"rendered":"Bateria de r\u00e1dio RPB-FNBV131Li para Vertex Standard VX228 VX230, VX231"},"content":{"rendered":"<h3>Carater\u00edsticas:<\/h3>\n<ul>\n<li>Compat\u00edvel com os walkie-talkies Vertex Standard VX228, VX230 e VX231.<\/li>\n<li>A elevada capacidade de 1600mAh suporta a utiliza\u00e7\u00e3o cont\u00ednua de r\u00e1dio de alta frequ\u00eancia.<\/li>\n<li>Substitui a bateria do r\u00e1dio bidirecional Vertex Standard \/ Yaesu com o n\u00famero de pe\u00e7a OEM FNBV131Li.<\/li>\n<li>A qu\u00edmica do i\u00e3o de l\u00edtio permite ciclos de carga mais longos e um desempenho consistente.<\/li>\n<li>A constru\u00e7\u00e3o dur\u00e1vel iguala ou excede a qualidade da bateria original do r\u00e1dio FNBV131Li.<\/li>\n<li>Solu\u00e7\u00e3o de alimenta\u00e7\u00e3o fi\u00e1vel em que confiam as equipas profissionais, industriais e de seguran\u00e7a p\u00fablica.<\/li>\n<\/ul>","protected":false},"excerpt":{"rendered":"<p>A RPB-FNBV131Li \u00e9 uma bateria de r\u00e1dio bidirecional de alto desempenho concebida para walkie-talkies Vertex Standard, incluindo VX228, VX230 e VX231.<br \/>\nA bateria de r\u00e1dio bidirecional RPB-FNBV131Li \u00e9 uma bateria de substitui\u00e7\u00e3o de alta capacidade. Com uma elevada capacidade de 1600mAh, esta bateria fornece energia consistente e cont\u00ednua, tornando-a ideal para equipas que dependem de uma utiliza\u00e7\u00e3o frequente e ininterrupta do r\u00e1dio.<br \/>\nConstru\u00edda para durar, a RPB-FNBV131Li iguala ou excede o desempenho e a qualidade da bateria original Vertex Standard \/ Motorola FNBV131Li. A sua qu\u00edmica de i\u00f5es de l\u00edtio suporta ciclos de carga e descarga mais longos, garantindo uma energia fi\u00e1vel para opera\u00e7\u00f5es di\u00e1rias intensivas.<br \/>\nA RayTalk oferece uma vasta gama de baterias de substitui\u00e7\u00e3o para r\u00e1dios bidireccionais. As empresas, ag\u00eancias governamentais e profissionais de seguran\u00e7a p\u00fablica confiam nelas devido \u00e0 sua fiabilidade comprovada.<\/p>","protected":false},"featured_media":6446,"template":"","meta":[],"product_brand":[],"product_cat":[219,214,323],"product_tag":[],"class_list":{"0":"post-6445","1":"product","2":"type-product","3":"status-publish","4":"has-post-thumbnail","6":"product_cat-batteries-and-chargers","7":"product_cat-two-way-radio-accessories","8":"product_cat-vertex-standard-yaesu","10":"first","11":"instock","12":"shipping-taxable","13":"purchasable","14":"product-type-simple"},"_links":{"self":[{"href":"https:\/\/raytalkcomms.com\/pt\/wp-json\/wp\/v2\/product\/6445","targetHints":{"allow":["GET"]}}],"collection":[{"href":"https:\/\/raytalkcomms.com\/pt\/wp-json\/wp\/v2\/product"}],"about":[{"href":"https:\/\/raytalkcomms.com\/pt\/wp-json\/wp\/v2\/types\/product"}],"wp:featuredmedia":[{"embeddable":true,"href":"https:\/\/raytalkcomms.com\/pt\/wp-json\/wp\/v2\/media\/6446"}],"wp:attachment":[{"href":"https:\/\/raytalkcomms.com\/pt\/wp-json\/wp\/v2\/media?parent=6445"}],"wp:term":[{"taxonomy":"product_brand","embeddable":true,"href":"https:\/\/raytalkcomms.com\/pt\/wp-json\/wp\/v2\/product_brand?post=6445"},{"taxonomy":"product_cat","embeddable":true,"href":"https:\/\/raytalkcomms.com\/pt\/wp-json\/wp\/v2\/product_cat?post=6445"},{"taxonomy":"product_tag","embeddable":true,"href":"https:\/\/raytalkcomms.com\/pt\/wp-json\/wp\/v2\/product_tag?post=6445"}],"curies":[{"name":"wp","href":"https:\/\/api.w.org\/{rel}","templated":true}]}}