{"id":6375,"date":"2025-12-30T08:59:20","date_gmt":"2025-12-30T08:59:20","guid":{"rendered":"https:\/\/raytalkcomms.com\/?post_type=product&#038;p=6375"},"modified":"2025-12-30T09:05:28","modified_gmt":"2025-12-30T09:05:28","slug":"rpb-fnbv103l-rpb-fnbv104l-high-capacity-vertex-li-ion-batteries","status":"publish","type":"product","link":"https:\/\/raytalkcomms.com\/pt\/produto\/rpb-fnbv103l-rpb-fnbv104l-high-capacity-vertex-li-ion-batteries\/","title":{"rendered":"RPB-FNBV103L RPB-FNBV104L Baterias de i\u00f5es de l\u00edtio Vertex de alta capacidade"},"content":{"rendered":"<h3>Carater\u00edsticas:<\/h3>\n<ul>\n<li>A bateria de alta capacidade proporciona um tempo de conversa\u00e7\u00e3o alargado e energia est\u00e1vel para as exigentes aplica\u00e7\u00f5es de r\u00e1dio Vertex.<\/li>\n<li>Totalmente compat\u00edvel com os r\u00e1dios bidireccionais Vertex VX350, VX351 e VX354 para uma adapta\u00e7\u00e3o e funcionamento perfeitos.<\/li>\n<li>A qu\u00edmica fi\u00e1vel dos i\u00f5es de l\u00edtio garante uma descarga consistente, uma maior efici\u00eancia e uma longa vida \u00fatil.<\/li>\n<li>A constru\u00e7\u00e3o duradoura suporta a utiliza\u00e7\u00e3o profissional di\u00e1ria em ambientes de seguran\u00e7a, log\u00edstica e industriais.<\/li>\n<li>Reduz o tempo de inatividade com um tempo de funcionamento mais longo entre cargas, melhorando a produtividade geral da equipa.<\/li>\n<\/ul>","protected":false},"excerpt":{"rendered":"<p>As RPB-FNBV103L e RPB-FNBV104L s\u00e3o baterias de substitui\u00e7\u00e3o de i\u00f5es de l\u00edtio de alta capacidade concebidas para os r\u00e1dios bidireccionais Vertex. Concebidas para funcionar sem problemas com os modelos VX350, VX351 e VX354, estas baterias fornecem energia est\u00e1vel e duradoura para equipas que dependem de comunica\u00e7\u00f5es de r\u00e1dio frequentes.<\/p>\n<p>Esta bateria de alta capacidade est\u00e1 dispon\u00edvel nas capacidades de 1380mAh e 2000mAh e utiliza c\u00e9lulas Sanyo ou Samsung de qualidade superior, fornecendo capacidades at\u00e9 2200mAh ou 2600mAh.<\/p>\n<p>O design de elevada capacidade suporta um tempo de conversa\u00e7\u00e3o e de espera alargado, reduzindo a necessidade de recarga constante durante turnos exigentes. Constru\u00eddos com uma qu\u00edmica fi\u00e1vel de i\u00f5es de l\u00edtio, proporcionam um desempenho de descarga consistente, uma efici\u00eancia melhorada e uma durabilidade fi\u00e1vel para uma utiliza\u00e7\u00e3o profissional di\u00e1ria.<\/p>\n<p>Ideais para seguran\u00e7a, constru\u00e7\u00e3o, log\u00edstica e outros ambientes de utiliza\u00e7\u00e3o elevada, estas baterias garantem que os r\u00e1dios Vertex permanecem alimentados e prontos quando a comunica\u00e7\u00e3o \u00e9 mais importante.<\/p>","protected":false},"featured_media":6386,"template":"","meta":[],"product_brand":[],"product_cat":[219,214,323],"product_tag":[],"class_list":{"0":"post-6375","1":"product","2":"type-product","3":"status-publish","4":"has-post-thumbnail","6":"product_cat-batteries-and-chargers","7":"product_cat-two-way-radio-accessories","8":"product_cat-vertex-standard-yaesu","10":"first","11":"instock","12":"shipping-taxable","13":"purchasable","14":"product-type-simple"},"_links":{"self":[{"href":"https:\/\/raytalkcomms.com\/pt\/wp-json\/wp\/v2\/product\/6375","targetHints":{"allow":["GET"]}}],"collection":[{"href":"https:\/\/raytalkcomms.com\/pt\/wp-json\/wp\/v2\/product"}],"about":[{"href":"https:\/\/raytalkcomms.com\/pt\/wp-json\/wp\/v2\/types\/product"}],"wp:featuredmedia":[{"embeddable":true,"href":"https:\/\/raytalkcomms.com\/pt\/wp-json\/wp\/v2\/media\/6386"}],"wp:attachment":[{"href":"https:\/\/raytalkcomms.com\/pt\/wp-json\/wp\/v2\/media?parent=6375"}],"wp:term":[{"taxonomy":"product_brand","embeddable":true,"href":"https:\/\/raytalkcomms.com\/pt\/wp-json\/wp\/v2\/product_brand?post=6375"},{"taxonomy":"product_cat","embeddable":true,"href":"https:\/\/raytalkcomms.com\/pt\/wp-json\/wp\/v2\/product_cat?post=6375"},{"taxonomy":"product_tag","embeddable":true,"href":"https:\/\/raytalkcomms.com\/pt\/wp-json\/wp\/v2\/product_tag?post=6375"}],"curies":[{"name":"wp","href":"https:\/\/api.w.org\/{rel}","templated":true}]}}