{"id":6371,"date":"2025-12-30T08:16:48","date_gmt":"2025-12-30T08:16:48","guid":{"rendered":"https:\/\/raytalkcomms.com\/?post_type=product&#038;p=6371"},"modified":"2025-12-30T08:16:49","modified_gmt":"2025-12-30T08:16:49","slug":"rpb-fnbv95li-rpb-fnbv96li-li-ion-batteries-for-vertex-motorola-vx350-vx351-vx354","status":"publish","type":"product","link":"https:\/\/raytalkcomms.com\/pt\/produto\/rpb-fnbv95li-rpb-fnbv96li-li-ion-batteries-for-vertex-motorola-vx350-vx351-vx354\/","title":{"rendered":"RPB-FNBV95Li RPB-FNBV96Li Baterias de i\u00f5es de l\u00edtio para Vertex\/ Motorola VX350 VX351 VX354"},"content":{"rendered":"<h3>Carater\u00edsticas:<\/h3>\n<ul>\n<li>Compat\u00edvel com os walkie-talkies Vertex Standard VX350, VX351 e VX354.<\/li>\n<li>A sa\u00edda de 7,4 V proporciona uma pot\u00eancia de transmiss\u00e3o est\u00e1vel e uma comunica\u00e7\u00e3o de voz mais clara.<\/li>\n<li>A elevada capacidade de 2300mAh suporta a utiliza\u00e7\u00e3o cont\u00ednua de r\u00e1dio de alta frequ\u00eancia.<\/li>\n<li>Substitui as baterias Vertex Standard \/ Yaesu com n\u00famero de pe\u00e7a OEM FNBV95Li e FNBV96Li<\/li>\n<li>A qu\u00edmica do i\u00e3o de l\u00edtio permite ciclos de carga mais longos e um desempenho consistente.<\/li>\n<li>A constru\u00e7\u00e3o duradoura corresponde ou excede a qualidade das baterias originais FNBV95Li e FNBV96Li.<\/li>\n<li>Solu\u00e7\u00e3o de alimenta\u00e7\u00e3o fi\u00e1vel em que confiam as equipas profissionais, industriais e de seguran\u00e7a p\u00fablica.<\/li>\n<\/ul>","protected":false},"excerpt":{"rendered":"<p>As RPB-FNBV95Li RPB-FNBV96Li s\u00e3o baterias de i\u00f5es de l\u00edtio de elevado desempenho para walkie-talkies Vertex\/Motorola, incluindo VX350, VX351 e VX354. Funcionando com uma bateria de 7,4 V, proporciona uma pot\u00eancia de transmiss\u00e3o mais est\u00e1vel para uma comunica\u00e7\u00e3o de voz mais clara e fi\u00e1vel.<br \/>\nCom uma elevada capacidade de 2300mAh, esta bateria fornece energia consistente e cont\u00ednua, tornando-a ideal para equipas que dependem de uma utiliza\u00e7\u00e3o frequente e ininterrupta do r\u00e1dio.<br \/>\nConstru\u00eddas para durar, as baterias de i\u00f5es de l\u00edtio igualam ou excedem o desempenho e a qualidade das baterias originais Vertex Standard \/ Motorola FNBV95Li e FNBV96Li. A sua qu\u00edmica de i\u00f5es de l\u00edtio suporta ciclos de carga e descarga mais longos, garantindo uma alimenta\u00e7\u00e3o fi\u00e1vel para opera\u00e7\u00f5es di\u00e1rias intensivas.<\/p>","protected":false},"featured_media":6372,"template":"","meta":[],"product_brand":[],"product_cat":[219,214,323],"product_tag":[],"class_list":{"0":"post-6371","1":"product","2":"type-product","3":"status-publish","4":"has-post-thumbnail","6":"product_cat-batteries-and-chargers","7":"product_cat-two-way-radio-accessories","8":"product_cat-vertex-standard-yaesu","10":"first","11":"instock","12":"shipping-taxable","13":"purchasable","14":"product-type-simple"},"_links":{"self":[{"href":"https:\/\/raytalkcomms.com\/pt\/wp-json\/wp\/v2\/product\/6371","targetHints":{"allow":["GET"]}}],"collection":[{"href":"https:\/\/raytalkcomms.com\/pt\/wp-json\/wp\/v2\/product"}],"about":[{"href":"https:\/\/raytalkcomms.com\/pt\/wp-json\/wp\/v2\/types\/product"}],"wp:featuredmedia":[{"embeddable":true,"href":"https:\/\/raytalkcomms.com\/pt\/wp-json\/wp\/v2\/media\/6372"}],"wp:attachment":[{"href":"https:\/\/raytalkcomms.com\/pt\/wp-json\/wp\/v2\/media?parent=6371"}],"wp:term":[{"taxonomy":"product_brand","embeddable":true,"href":"https:\/\/raytalkcomms.com\/pt\/wp-json\/wp\/v2\/product_brand?post=6371"},{"taxonomy":"product_cat","embeddable":true,"href":"https:\/\/raytalkcomms.com\/pt\/wp-json\/wp\/v2\/product_cat?post=6371"},{"taxonomy":"product_tag","embeddable":true,"href":"https:\/\/raytalkcomms.com\/pt\/wp-json\/wp\/v2\/product_tag?post=6371"}],"curies":[{"name":"wp","href":"https:\/\/api.w.org\/{rel}","templated":true}]}}