{"id":6361,"date":"2025-12-29T11:20:18","date_gmt":"2025-12-29T11:20:18","guid":{"rendered":"https:\/\/raytalkcomms.com\/?post_type=product&#038;p=6361"},"modified":"2025-12-30T08:14:09","modified_gmt":"2025-12-30T08:14:09","slug":"rpb-fnbv57-ni-mh-battery-for-vx410-vx420-vx250-vx160-vextex-radios","status":"publish","type":"product","link":"https:\/\/raytalkcomms.com\/pt\/produto\/rpb-fnbv57-ni-mh-battery-for-vx410-vx420-vx250-vx160-vextex-radios\/","title":{"rendered":"RPB-FNBV57 Bateria NI-MH para r\u00e1dios VX410 VX420 VX250 VX160 Vextex"},"content":{"rendered":"<h3>Carater\u00edsticas:<\/h3>\n<ul>\n<li>Compat\u00edvel com os walkie-talkies Vertex Standard VX160, VX417, VX168, VX410, VX428, VX420, VX429 e VX250.<\/li>\n<li>A sa\u00edda de 7,2 V proporciona uma pot\u00eancia de transmiss\u00e3o est\u00e1vel e uma comunica\u00e7\u00e3o de voz mais clara.<\/li>\n<li>A elevada capacidade de 1100mAh suporta a utiliza\u00e7\u00e3o cont\u00ednua de r\u00e1dio de alta frequ\u00eancia.<\/li>\n<li>Substitui as baterias Vertex Standard \/ Yaesu com n\u00famero de pe\u00e7a OEM FNBV57<\/li>\n<li>A qu\u00edmica do i\u00e3o de l\u00edtio permite ciclos de carga mais longos e um desempenho consistente.<\/li>\n<li>A constru\u00e7\u00e3o dur\u00e1vel iguala ou excede a qualidade da bateria original FNBV57.<\/li>\n<li>Solu\u00e7\u00e3o de alimenta\u00e7\u00e3o fi\u00e1vel em que confiam as equipas profissionais, industriais e de seguran\u00e7a p\u00fablica.<\/li>\n<\/ul>","protected":false},"excerpt":{"rendered":"<p>A RPB-FNBV57 \u00e9 uma bateria NI-MH de alto desempenho concebida para walkie-talkies Vertex Standard, incluindo VX160, VX417, VX168, VX410, VX428, VX420, VX429 e CX250. Funcionando com uma bateria de 7,2 V, proporciona uma pot\u00eancia de transmiss\u00e3o mais est\u00e1vel para uma comunica\u00e7\u00e3o de voz mais clara e fi\u00e1vel.<\/p>\n<p>Com uma elevada capacidade de 1100mAh, esta bateria NI-MH fornece energia consistente e cont\u00ednua, tornando-a ideal para equipas que dependem de uma utiliza\u00e7\u00e3o frequente e ininterrupta do r\u00e1dio.<\/p>\n<p>Constru\u00edda para durar, a bateria PB-FNBV57 NI-MH iguala ou excede o desempenho e a qualidade da bateria original Vertex Standard \/ Motorola FNBV57. A sua qu\u00edmica de i\u00f5es de l\u00edtio suporta ciclos de carga e descarga mais longos, garantindo uma energia fi\u00e1vel para opera\u00e7\u00f5es di\u00e1rias intensivas.<\/p>\n<p>A RayTalk oferece uma vasta gama de baterias de substitui\u00e7\u00e3o para r\u00e1dios bidireccionais. As empresas, ag\u00eancias governamentais e profissionais de seguran\u00e7a p\u00fablica confiam nelas devido \u00e0 sua fiabilidade comprovada.<\/p>","protected":false},"featured_media":6358,"template":"","meta":[],"product_brand":[],"product_cat":[219,214,323],"product_tag":[],"class_list":{"0":"post-6361","1":"product","2":"type-product","3":"status-publish","4":"has-post-thumbnail","6":"product_cat-batteries-and-chargers","7":"product_cat-two-way-radio-accessories","8":"product_cat-vertex-standard-yaesu","10":"first","11":"instock","12":"shipping-taxable","13":"purchasable","14":"product-type-simple"},"_links":{"self":[{"href":"https:\/\/raytalkcomms.com\/pt\/wp-json\/wp\/v2\/product\/6361","targetHints":{"allow":["GET"]}}],"collection":[{"href":"https:\/\/raytalkcomms.com\/pt\/wp-json\/wp\/v2\/product"}],"about":[{"href":"https:\/\/raytalkcomms.com\/pt\/wp-json\/wp\/v2\/types\/product"}],"wp:featuredmedia":[{"embeddable":true,"href":"https:\/\/raytalkcomms.com\/pt\/wp-json\/wp\/v2\/media\/6358"}],"wp:attachment":[{"href":"https:\/\/raytalkcomms.com\/pt\/wp-json\/wp\/v2\/media?parent=6361"}],"wp:term":[{"taxonomy":"product_brand","embeddable":true,"href":"https:\/\/raytalkcomms.com\/pt\/wp-json\/wp\/v2\/product_brand?post=6361"},{"taxonomy":"product_cat","embeddable":true,"href":"https:\/\/raytalkcomms.com\/pt\/wp-json\/wp\/v2\/product_cat?post=6361"},{"taxonomy":"product_tag","embeddable":true,"href":"https:\/\/raytalkcomms.com\/pt\/wp-json\/wp\/v2\/product_tag?post=6361"}],"curies":[{"name":"wp","href":"https:\/\/api.w.org\/{rel}","templated":true}]}}