{"id":6350,"date":"2025-12-29T10:22:22","date_gmt":"2025-12-29T10:22:22","guid":{"rendered":"https:\/\/raytalkcomms.com\/?post_type=product&#038;p=6350"},"modified":"2025-12-29T10:22:22","modified_gmt":"2025-12-29T10:22:22","slug":"rpb-fnbv134li-rpb-fnbv138-radio-battery-for-vertex-standard-evx-series-radios","status":"publish","type":"product","link":"https:\/\/raytalkcomms.com\/pt\/produto\/rpb-fnbv134li-rpb-fnbv138-radio-battery-for-vertex-standard-evx-series-radios\/","title":{"rendered":"RPB-FNBV134Li RPB-FNBV138 Bateria de r\u00e1dio para r\u00e1dios da s\u00e9rie Vertex Standard EVX"},"content":{"rendered":"<h3>Carater\u00edsticas:<\/h3>\n<ul>\n<li>Compat\u00edvel com os walkie-talkies Vertex Standard EVX531\/EVX534\/EVX539.<\/li>\n<li>Sanyo2200mAh 2600mah Samsung2600mah de alta capacidade suporta a utiliza\u00e7\u00e3o cont\u00ednua de r\u00e1dio de alta frequ\u00eancia.<\/li>\n<li>Substitui as baterias Vertex Standard \/ Yaesu com n\u00famero de pe\u00e7a OEM RPB-FNBV134Li RPB-FNBV138<\/li>\n<li>A qu\u00edmica NI-MH permite ciclos de carga mais longos e um desempenho consistente.<\/li>\n<li>A constru\u00e7\u00e3o dur\u00e1vel iguala ou excede a qualidade original da bateria RPB-FNBV134Li RPB-FNBV138.<\/li>\n<li>Solu\u00e7\u00e3o de alimenta\u00e7\u00e3o fi\u00e1vel em que confiam as equipas profissionais, industriais e de seguran\u00e7a p\u00fablica.<\/li>\n<\/ul>","protected":false},"excerpt":{"rendered":"<p>A RPB-FNBV134Li RPB-FNBV138 \u00e9 uma bateria de r\u00e1dio de substitui\u00e7\u00e3o NI-MH de alto desempenho, concebida para walkie-talkies Vertex Standard, incluindo EVX531\/EVX534\/EVX539. Funcionando com bateria de r\u00e1dio, proporciona uma pot\u00eancia de transmiss\u00e3o mais est\u00e1vel para uma comunica\u00e7\u00e3o de voz mais clara e fi\u00e1vel.<\/p>\n<p>Com uma elevada capacidade de Sanyo2200mAh 2600mah Samsung2600mah, esta bateria de r\u00e1dio fornece energia consistente e cont\u00ednua, tornando-a ideal para equipas que dependem de uma utiliza\u00e7\u00e3o frequente e ininterrupta do r\u00e1dio.<\/p>\n<p>Constru\u00edda para durar, a bateria de r\u00e1dio RPB-FNBV134Li RPB-FNBV138 iguala ou excede o desempenho e a qualidade da bateria original Vertex Standard \/ Motorola RPB-FNBV134Li RPB-FNBV138. A sua qu\u00edmica NI-MH suporta ciclos de carga e descarga mais longos, garantindo uma energia fi\u00e1vel para opera\u00e7\u00f5es di\u00e1rias intensivas.<\/p>\n<p>A RayTalk oferece uma vasta gama de baterias de substitui\u00e7\u00e3o para r\u00e1dios bidireccionais. As empresas, ag\u00eancias governamentais e profissionais de seguran\u00e7a p\u00fablica confiam nelas devido \u00e0 sua fiabilidade comprovada.<\/p>","protected":false},"featured_media":6352,"template":"","meta":[],"product_brand":[],"product_cat":[219,214,323],"product_tag":[],"class_list":{"0":"post-6350","1":"product","2":"type-product","3":"status-publish","4":"has-post-thumbnail","6":"product_cat-batteries-and-chargers","7":"product_cat-two-way-radio-accessories","8":"product_cat-vertex-standard-yaesu","10":"first","11":"instock","12":"shipping-taxable","13":"purchasable","14":"product-type-simple"},"_links":{"self":[{"href":"https:\/\/raytalkcomms.com\/pt\/wp-json\/wp\/v2\/product\/6350","targetHints":{"allow":["GET"]}}],"collection":[{"href":"https:\/\/raytalkcomms.com\/pt\/wp-json\/wp\/v2\/product"}],"about":[{"href":"https:\/\/raytalkcomms.com\/pt\/wp-json\/wp\/v2\/types\/product"}],"wp:featuredmedia":[{"embeddable":true,"href":"https:\/\/raytalkcomms.com\/pt\/wp-json\/wp\/v2\/media\/6352"}],"wp:attachment":[{"href":"https:\/\/raytalkcomms.com\/pt\/wp-json\/wp\/v2\/media?parent=6350"}],"wp:term":[{"taxonomy":"product_brand","embeddable":true,"href":"https:\/\/raytalkcomms.com\/pt\/wp-json\/wp\/v2\/product_brand?post=6350"},{"taxonomy":"product_cat","embeddable":true,"href":"https:\/\/raytalkcomms.com\/pt\/wp-json\/wp\/v2\/product_cat?post=6350"},{"taxonomy":"product_tag","embeddable":true,"href":"https:\/\/raytalkcomms.com\/pt\/wp-json\/wp\/v2\/product_tag?post=6350"}],"curies":[{"name":"wp","href":"https:\/\/api.w.org\/{rel}","templated":true}]}}