{"id":6325,"date":"2025-12-29T07:24:01","date_gmt":"2025-12-29T07:24:01","guid":{"rendered":"https:\/\/raytalkcomms.com\/?post_type=product&#038;p=6325"},"modified":"2025-12-30T02:57:12","modified_gmt":"2025-12-30T02:57:12","slug":"rpb-cd-47-radio-single-charger-for-vertex-motorola-vx410-vx420-ft250e-radios","status":"publish","type":"product","link":"https:\/\/raytalkcomms.com\/pt\/produto\/rpb-cd-47-radio-single-charger-for-vertex-motorola-vx410-vx420-ft250e-radios\/","title":{"rendered":"RPB-CD-47 Radio Single Charger for Vertex\/Motorola VX410 VX420 FT250E Radios"},"content":{"rendered":"<h3>Carater\u00edsticas:<\/h3>\n<ul>\n<li>Radio Single Charger for Vertex \/ Motorola walkie-talkies<\/li>\n<li>Available in 3-contact and 4-contact charger versions<\/li>\n<li>3-contact compatible with Vertex VX-410, VX-420 radios<\/li>\n<li>3-contact compatible with batteries FNB-V57, FNB-83<\/li>\n<li>4-contact compatible with special Vertex radios, including VX-110, VX-120, VX-127, NX-150, VX-160, VX-170, VX-177, NX-180, VX-210, VX-210A, VX-400, VX-410, VX-414, VX-417, VX-420, VX-424, VX-427, VX-800, VX-800V, VX-800U, FT-60E, FT-60R, FT-250E, FT-250R, FT-270E, FT-270R, FT-277R, VX-230, NX-231, VX231L, VX228<\/li>\n<li>4-contact compatible with batteries FNB-64, FNB-V57, FNB-V57X, FNB-83X, FNB-83XH, FNB-83XE, FNB-V94, and FNB-V106<\/li>\n<li>Stable and reliable charging performance for professional use<\/li>\n<\/ul>","protected":false},"excerpt":{"rendered":"<p>The RPB-CD-47 Radio Single Charger is a versatile single-bay charging solution designed for Vertex walkie-talkies. To meet different radio requirements, this radio single charge is available in 3-contact and 4-contact versions.<br \/>\nThe 3-contact charger is compatible with Vertex VX-410 and VX-420 radios using FNB-V57 and FNB-83 batteries.<br \/>\nThe 4-contact charger supports a wide range of Vertex radios, including VX, NX, and FT series models, and works with multiple FNB battery types.<br \/>\nBuilt for professional use, the RPB-CD-47 delivers stable and safe charging, making it suitable for commercial, security, and industrial communication environments.<br \/>\nAl\u00e9m disso, oferecemos uma vasta gama de <a href=\"https:\/\/online.fliphtml5.com\/sdcle\/atfh\/#p=138\">chargers for Vertex radio batteries<\/a>, que proporciona um carregamento fi\u00e1vel tanto para as baterias originais como para as de substitui\u00e7\u00e3o.<\/p>","protected":false},"featured_media":6327,"template":"","meta":[],"product_brand":[],"product_cat":[214,219,330],"product_tag":[],"class_list":{"0":"post-6325","1":"product","2":"type-product","3":"status-publish","4":"has-post-thumbnail","6":"product_cat-two-way-radio-accessories","7":"product_cat-batteries-and-chargers","8":"product_cat-chargers","10":"first","11":"instock","12":"shipping-taxable","13":"purchasable","14":"product-type-simple"},"_links":{"self":[{"href":"https:\/\/raytalkcomms.com\/pt\/wp-json\/wp\/v2\/product\/6325","targetHints":{"allow":["GET"]}}],"collection":[{"href":"https:\/\/raytalkcomms.com\/pt\/wp-json\/wp\/v2\/product"}],"about":[{"href":"https:\/\/raytalkcomms.com\/pt\/wp-json\/wp\/v2\/types\/product"}],"wp:featuredmedia":[{"embeddable":true,"href":"https:\/\/raytalkcomms.com\/pt\/wp-json\/wp\/v2\/media\/6327"}],"wp:attachment":[{"href":"https:\/\/raytalkcomms.com\/pt\/wp-json\/wp\/v2\/media?parent=6325"}],"wp:term":[{"taxonomy":"product_brand","embeddable":true,"href":"https:\/\/raytalkcomms.com\/pt\/wp-json\/wp\/v2\/product_brand?post=6325"},{"taxonomy":"product_cat","embeddable":true,"href":"https:\/\/raytalkcomms.com\/pt\/wp-json\/wp\/v2\/product_cat?post=6325"},{"taxonomy":"product_tag","embeddable":true,"href":"https:\/\/raytalkcomms.com\/pt\/wp-json\/wp\/v2\/product_tag?post=6325"}],"curies":[{"name":"wp","href":"https:\/\/api.w.org\/{rel}","templated":true}]}}