{"id":6317,"date":"2025-12-29T03:17:35","date_gmt":"2025-12-29T03:17:35","guid":{"rendered":"https:\/\/raytalkcomms.com\/?post_type=product&#038;p=6317"},"modified":"2025-12-30T03:00:17","modified_gmt":"2025-12-30T03:00:17","slug":"rpb-bc192-single-unit-intelligent-charger-for-icom-radios-and-batteries","status":"publish","type":"product","link":"https:\/\/raytalkcomms.com\/pt\/produto\/rpb-bc192-single-unit-intelligent-charger-for-icom-radios-and-batteries\/","title":{"rendered":"RPB-BC192 Carregador Inteligente de Unidade \u00danica para R\u00e1dios e Baterias Icom"},"content":{"rendered":"<h3>Carater\u00edsticas:<\/h3>\n<ul>\n<li>Unidade de Carregador \u00danico para r\u00e1dios bidireccionais Icom<\/li>\n<li>Design de carregamento lento de Ni-MH para reduzir o calor e prolongar a vida \u00fatil da bateria<\/li>\n<li>Indicador de estado LED para um estado de carregamento claro<\/li>\n<li>Modelos de r\u00e1dio compat\u00edveis: IC-F3210D, IC-F4210D, IC-T70A, IC-V86, IC-U86, IC-V80, IC-V80E, IC-G86<\/li>\n<li>Modelos de bateria compat\u00edveis: BP-264, BP-265<\/li>\n<li>Carregamento est\u00e1vel e seguro para ambientes de comunica\u00e7\u00e3o profissional<\/li>\n<\/ul>","protected":false},"excerpt":{"rendered":"<p>O carregador inteligente de unidade \u00fanica RPB-BC192 foi concebido para r\u00e1dios bidireccionais e baterias Icom, com um sistema de carga lenta Ni-MH dedicado. Este m\u00e9todo de carregamento ajuda a reduzir o ac\u00famulo de calor e protege as c\u00e9lulas da bateria, aumentando a vida \u00fatil geral da bateria.<br \/>\nEquipado com um indicador de estado LED, apresenta claramente o estado de carregamento para facilitar a monitoriza\u00e7\u00e3o e a gest\u00e3o da energia.<br \/>\nO carregador inteligente de unidade \u00fanica \u00e9 compat\u00edvel com os r\u00e1dios IC-F3210D, IC-F4210D, IC-T70A, IC-V86, IC-U86, IC-V80, IC-V80E e IC-G86, e suporta baterias BP-264 e BP-265. Proporciona um carregamento est\u00e1vel, seguro e fi\u00e1vel para utiliza\u00e7\u00e3o profissional di\u00e1ria.<\/p>\n<p>Al\u00e9m disso, oferecemos uma variedade de <a href=\"https:\/\/online.fliphtml5.com\/sdcle\/atfh\/#p=147\">carregadores para baterias de r\u00e1dio Icom<\/a>, garantindo um carregamento est\u00e1vel tanto para as baterias originais como para as de substitui\u00e7\u00e3o.<\/p>","protected":false},"featured_media":6314,"template":"","meta":[],"product_brand":[],"product_cat":[219,330,214],"product_tag":[],"class_list":{"0":"post-6317","1":"product","2":"type-product","3":"status-publish","4":"has-post-thumbnail","6":"product_cat-batteries-and-chargers","7":"product_cat-chargers","8":"product_cat-two-way-radio-accessories","10":"first","11":"instock","12":"shipping-taxable","13":"purchasable","14":"product-type-simple"},"_links":{"self":[{"href":"https:\/\/raytalkcomms.com\/pt\/wp-json\/wp\/v2\/product\/6317","targetHints":{"allow":["GET"]}}],"collection":[{"href":"https:\/\/raytalkcomms.com\/pt\/wp-json\/wp\/v2\/product"}],"about":[{"href":"https:\/\/raytalkcomms.com\/pt\/wp-json\/wp\/v2\/types\/product"}],"wp:featuredmedia":[{"embeddable":true,"href":"https:\/\/raytalkcomms.com\/pt\/wp-json\/wp\/v2\/media\/6314"}],"wp:attachment":[{"href":"https:\/\/raytalkcomms.com\/pt\/wp-json\/wp\/v2\/media?parent=6317"}],"wp:term":[{"taxonomy":"product_brand","embeddable":true,"href":"https:\/\/raytalkcomms.com\/pt\/wp-json\/wp\/v2\/product_brand?post=6317"},{"taxonomy":"product_cat","embeddable":true,"href":"https:\/\/raytalkcomms.com\/pt\/wp-json\/wp\/v2\/product_cat?post=6317"},{"taxonomy":"product_tag","embeddable":true,"href":"https:\/\/raytalkcomms.com\/pt\/wp-json\/wp\/v2\/product_tag?post=6317"}],"curies":[{"name":"wp","href":"https:\/\/api.w.org\/{rel}","templated":true}]}}