{"id":6301,"date":"2025-12-26T13:22:53","date_gmt":"2025-12-26T13:22:53","guid":{"rendered":"https:\/\/raytalkcomms.com\/?post_type=product&#038;p=6301"},"modified":"2025-12-30T02:59:20","modified_gmt":"2025-12-30T02:59:20","slug":"rpb-bc-192-single-desktop-charger-pot-for-icom-bp-264-ni-mh-battery","status":"publish","type":"product","link":"https:\/\/raytalkcomms.com\/pt\/produto\/rpb-bc-192-single-desktop-charger-pot-for-icom-bp-264-ni-mh-battery\/","title":{"rendered":"RPB-BC-192 Pote de Carregador de Mesa Simples para Bateria Icom BP-264 Ni-Mh"},"content":{"rendered":"<h3>Carater\u00edsticas:<\/h3>\n<ul>\n<li>Carregador de secret\u00e1ria simples para r\u00e1dios Icom<\/li>\n<li>Modelos de r\u00e1dio compat\u00edveis: IC-F27SR, IC-F3011, F4011, IC-F3102D, F3103D, F4102D, IC-G80, IC-T70A, IC-T70E, F4103D, IC-F3002, F4002, F3003, F4003, IC-F3001, F4001, F4003<\/li>\n<li>Bateria compat\u00edvel: Ni-Mh BP-264<\/li>\n<li>Desempenho de carregamento seguro e eficiente<\/li>\n<li>Ideal para uso profissional e pessoal<\/li>\n<\/ul>","protected":false},"excerpt":{"rendered":"<p>O carregador de secret\u00e1ria simples RPB-BC-192 \u00e9 uma solu\u00e7\u00e3o de carregamento fi\u00e1vel para r\u00e1dios bidireccionais Icom que utilizam baterias BP-264 Ni-Mh. Projetado para uma ampla gama de modelos de walkie-talkie Icom, incluindo IC-F27SR, IC-F3011, F4011, IC-F3102D, F3103D, F4102D, IC-G80, IC-T70A, IC-T70E, F4103D, IC-F3002, F4002, F3003, F4003, IC-F3001, F4001 e F4003, este pote de carregador fornece carregamento seguro e eficiente. Ideal para uso profissional ou pessoal, garante um desempenho duradouro da bateria.<\/p>\n<p>Al\u00e9m disso, oferecemos uma variedade de <a href=\"https:\/\/online.fliphtml5.com\/sdcle\/atfh\/#p=136\">carregadores para baterias de r\u00e1dio Icom<\/a>, garantindo um carregamento est\u00e1vel tanto para as baterias originais como para as de substitui\u00e7\u00e3o.<\/p>","protected":false},"featured_media":6302,"template":"","meta":[],"product_brand":[],"product_cat":[219,330,214],"product_tag":[],"class_list":{"0":"post-6301","1":"product","2":"type-product","3":"status-publish","4":"has-post-thumbnail","6":"product_cat-batteries-and-chargers","7":"product_cat-chargers","8":"product_cat-two-way-radio-accessories","10":"first","11":"instock","12":"shipping-taxable","13":"purchasable","14":"product-type-simple"},"_links":{"self":[{"href":"https:\/\/raytalkcomms.com\/pt\/wp-json\/wp\/v2\/product\/6301","targetHints":{"allow":["GET"]}}],"collection":[{"href":"https:\/\/raytalkcomms.com\/pt\/wp-json\/wp\/v2\/product"}],"about":[{"href":"https:\/\/raytalkcomms.com\/pt\/wp-json\/wp\/v2\/types\/product"}],"wp:featuredmedia":[{"embeddable":true,"href":"https:\/\/raytalkcomms.com\/pt\/wp-json\/wp\/v2\/media\/6302"}],"wp:attachment":[{"href":"https:\/\/raytalkcomms.com\/pt\/wp-json\/wp\/v2\/media?parent=6301"}],"wp:term":[{"taxonomy":"product_brand","embeddable":true,"href":"https:\/\/raytalkcomms.com\/pt\/wp-json\/wp\/v2\/product_brand?post=6301"},{"taxonomy":"product_cat","embeddable":true,"href":"https:\/\/raytalkcomms.com\/pt\/wp-json\/wp\/v2\/product_cat?post=6301"},{"taxonomy":"product_tag","embeddable":true,"href":"https:\/\/raytalkcomms.com\/pt\/wp-json\/wp\/v2\/product_tag?post=6301"}],"curies":[{"name":"wp","href":"https:\/\/api.w.org\/{rel}","templated":true}]}}