{"id":6286,"date":"2025-12-26T12:43:25","date_gmt":"2025-12-26T12:43:25","guid":{"rendered":"https:\/\/raytalkcomms.com\/?post_type=product&#038;p=6286"},"modified":"2025-12-30T03:02:44","modified_gmt":"2025-12-30T03:02:44","slug":"rpb-pmln5396b-single-charger-for-motorola-motorola-cp1300-and-cp1660-radios","status":"publish","type":"product","link":"https:\/\/raytalkcomms.com\/pt\/produto\/rpb-pmln5396b-single-charger-for-motorola-motorola-cp1300-and-cp1660-radios\/","title":{"rendered":"RPB-PMLN5396B Carregador \u00fanico para r\u00e1dios Motorola CP1300 e CP1660"},"content":{"rendered":"<h3>Carater\u00edsticas:<\/h3>\n<ul>\n<li>Carregador \u00fanico concebido para r\u00e1dios bidireccionais Motorola<\/li>\n<li>Compat\u00edvel com CP185, EP350, CP476, CP477, CP1300, CP1600, CP1660, P140, P145, P160<\/li>\n<li>Suporta v\u00e1rios modelos de bateria, incluindo as s\u00e9ries PMNN4080, PMNN4081, PMNN4092 e muito mais<\/li>\n<li>Desempenho de carregamento est\u00e1vel e eficiente<\/li>\n<li>Ideal para utiliza\u00e7\u00e3o em comunica\u00e7\u00f5es profissionais e comerciais<\/li>\n<\/ul>","protected":false},"excerpt":{"rendered":"<p>O carregador simples RPB-PMLN5396B \u00e9 uma solu\u00e7\u00e3o de carregamento fi\u00e1vel concebida para os r\u00e1dios bidireccionais da Motorola. \u00c9 totalmente compat\u00edvel com os modelos Motorola CP185, EP350, CP476, CP477, CP1300, CP1600, CP1660, P140, P145 e P160. Este carregador de unidade \u00fanica suporta uma vasta gama de baterias Motorola, incluindo PMNN4080, PMNN4081, PMNN4081AR, PMNN4081ARC, PMNN4082, PMNN4082BR, PMNN4404ART, PMNN4476A, PMNN4092 e PMNN4092AR, assegurando um carregamento seguro, est\u00e1vel e eficiente para utiliza\u00e7\u00e3o profissional di\u00e1ria.<\/p>\n<p>Al\u00e9m disso, oferecemos uma vasta gama de <a href=\"https:\/\/online.fliphtml5.com\/sdcle\/atfh\/#p=131\">carregadores para r\u00e1dios Motorola<\/a>, que proporciona um carregamento fi\u00e1vel tanto para as baterias originais como para as de substitui\u00e7\u00e3o.<\/p>","protected":false},"featured_media":6285,"template":"","meta":[],"product_brand":[],"product_cat":[214,219,330],"product_tag":[],"class_list":{"0":"post-6286","1":"product","2":"type-product","3":"status-publish","4":"has-post-thumbnail","6":"product_cat-two-way-radio-accessories","7":"product_cat-batteries-and-chargers","8":"product_cat-chargers","10":"first","11":"instock","12":"shipping-taxable","13":"purchasable","14":"product-type-simple"},"_links":{"self":[{"href":"https:\/\/raytalkcomms.com\/pt\/wp-json\/wp\/v2\/product\/6286","targetHints":{"allow":["GET"]}}],"collection":[{"href":"https:\/\/raytalkcomms.com\/pt\/wp-json\/wp\/v2\/product"}],"about":[{"href":"https:\/\/raytalkcomms.com\/pt\/wp-json\/wp\/v2\/types\/product"}],"wp:featuredmedia":[{"embeddable":true,"href":"https:\/\/raytalkcomms.com\/pt\/wp-json\/wp\/v2\/media\/6285"}],"wp:attachment":[{"href":"https:\/\/raytalkcomms.com\/pt\/wp-json\/wp\/v2\/media?parent=6286"}],"wp:term":[{"taxonomy":"product_brand","embeddable":true,"href":"https:\/\/raytalkcomms.com\/pt\/wp-json\/wp\/v2\/product_brand?post=6286"},{"taxonomy":"product_cat","embeddable":true,"href":"https:\/\/raytalkcomms.com\/pt\/wp-json\/wp\/v2\/product_cat?post=6286"},{"taxonomy":"product_tag","embeddable":true,"href":"https:\/\/raytalkcomms.com\/pt\/wp-json\/wp\/v2\/product_tag?post=6286"}],"curies":[{"name":"wp","href":"https:\/\/api.w.org\/{rel}","templated":true}]}}