{"id":6124,"date":"2025-12-24T10:44:34","date_gmt":"2025-12-24T10:44:34","guid":{"rendered":"https:\/\/raytalkcomms.com\/?post_type=product&#038;p=6124"},"modified":"2025-12-24T10:44:34","modified_gmt":"2025-12-24T10:44:34","slug":"rpb-topb200orca-5010-5040-tait-li-ion-walkie-talkie-battery-for-tait-radio","status":"publish","type":"product","link":"https:\/\/raytalkcomms.com\/pt\/produto\/rpb-topb200orca-5010-5040-tait-li-ion-walkie-talkie-battery-for-tait-radio\/","title":{"rendered":"RPB-TOPB200(Orca 5010\/5040) Bateria de i\u00f5es de l\u00edtio para walkie-talkie Tait para r\u00e1dio Tait"},"content":{"rendered":"<h3>Carater\u00edsticas:<\/h3>\n<ul>\n<li>High High capacity of 1500mah and 1800mah for extended use and reliable performance.<\/li>\n<li>A qu\u00edmica LI-ION garante uma alimenta\u00e7\u00e3o est\u00e1vel e duradoura para os r\u00e1diosTait.<\/li>\n<li>Compatible with Tait TP8100\/TP8110\/TP8135\/TP8140\/TP9300\/TP9100  models for seamless integration..<\/li>\n<li>Design robusto e duradouro, constru\u00eddo para utiliza\u00e7\u00e3o a longo prazo em ambientes exigentes.<\/li>\n<li>Testado em termos de qualidade e desempenho para garantir uma comunica\u00e7\u00e3o fi\u00e1vel.<\/li>\n<\/ul>","protected":false},"excerpt":{"rendered":"<p>RPB-TOPB200(Orca 5010\/5040)is a rugged Battery, durable Walkie Talkie battery, perfectly compatible with Tait radios, including theTAIT ORCA 5010\/5040. It offers a high capacity of 1500mah and 1800mah  features NI-MH chemistry, providing long-lasting, stable power for extended use. Ideal for Tait radios, this rechargeable battery is highly recommended for bulk purchases, with performance and quality matching or exceeding the original Tait battery. The RPB-TPA-BA100LI T03-00011-CAAA ensures reliable power for radio communications, backed by rigorous product testing to guarantee quality.<\/p>","protected":false},"featured_media":6119,"template":"","meta":[],"product_brand":[],"product_cat":[219,327,214],"product_tag":[],"class_list":{"0":"post-6124","1":"product","2":"type-product","3":"status-publish","4":"has-post-thumbnail","6":"product_cat-batteries-and-chargers","7":"product_cat-tait","8":"product_cat-two-way-radio-accessories","10":"first","11":"instock","12":"shipping-taxable","13":"purchasable","14":"product-type-simple"},"_links":{"self":[{"href":"https:\/\/raytalkcomms.com\/pt\/wp-json\/wp\/v2\/product\/6124","targetHints":{"allow":["GET"]}}],"collection":[{"href":"https:\/\/raytalkcomms.com\/pt\/wp-json\/wp\/v2\/product"}],"about":[{"href":"https:\/\/raytalkcomms.com\/pt\/wp-json\/wp\/v2\/types\/product"}],"wp:featuredmedia":[{"embeddable":true,"href":"https:\/\/raytalkcomms.com\/pt\/wp-json\/wp\/v2\/media\/6119"}],"wp:attachment":[{"href":"https:\/\/raytalkcomms.com\/pt\/wp-json\/wp\/v2\/media?parent=6124"}],"wp:term":[{"taxonomy":"product_brand","embeddable":true,"href":"https:\/\/raytalkcomms.com\/pt\/wp-json\/wp\/v2\/product_brand?post=6124"},{"taxonomy":"product_cat","embeddable":true,"href":"https:\/\/raytalkcomms.com\/pt\/wp-json\/wp\/v2\/product_cat?post=6124"},{"taxonomy":"product_tag","embeddable":true,"href":"https:\/\/raytalkcomms.com\/pt\/wp-json\/wp\/v2\/product_tag?post=6124"}],"curies":[{"name":"wp","href":"https:\/\/api.w.org\/{rel}","templated":true}]}}