{"id":6092,"date":"2025-12-24T07:43:10","date_gmt":"2025-12-24T07:43:10","guid":{"rendered":"https:\/\/raytalkcomms.com\/?post_type=product&#038;p=6092"},"modified":"2025-12-24T07:43:10","modified_gmt":"2025-12-24T07:43:10","slug":"rpb-eb342l-high-capacity-li-ion-battery-for-excera-vr8810-radios","status":"publish","type":"product","link":"https:\/\/raytalkcomms.com\/pt\/produto\/rpb-eb342l-high-capacity-li-ion-battery-for-excera-vr8810-radios\/","title":{"rendered":"RPB-EB342L Bateria de i\u00f5es de l\u00edtio de alta capacidade para r\u00e1dios Excera VR8810"},"content":{"rendered":"<h3>Carater\u00edsticas:<\/h3>\n<ul>\n<li>Bateria de i\u00f5es de l\u00edtio de alta capacidade concebida para os r\u00e1dios Excera VR8810.<\/li>\n<li>Capacidade de 3300mAh com c\u00e9lulas Panasonic de 3400mAh de qualidade superior para um tempo de conversa\u00e7\u00e3o prolongado.<\/li>\n<li>O excelente ciclo de vida e a consist\u00eancia das c\u00e9lulas garantem uma fiabilidade a longo prazo.<\/li>\n<li>O desempenho de seguran\u00e7a melhorado suporta uma sa\u00edda de energia est\u00e1vel e segura.<\/li>\n<li>Ideal para equipas e empresas com necessidades frequentes e de grande volume de comunica\u00e7\u00f5es via r\u00e1dio.<\/li>\n<\/ul>","protected":false},"excerpt":{"rendered":"<p>A RPB-EB342L \u00e9 uma bateria de i\u00f5es de l\u00edtio de alta capacidade concebida para os r\u00e1dios Excera VR8810. Com uma grande capacidade de 3300mAh e c\u00e9lulas Panasonic de 3400mAh de qualidade superior, fornece energia fi\u00e1vel e est\u00e1vel para equipas que dependem de comunica\u00e7\u00f5es de r\u00e1dio frequentes. Esta bateria de i\u00f5es de l\u00edtio de alta capacidade oferece um excelente ciclo de vida, uma forte consist\u00eancia das c\u00e9lulas e um desempenho de seguran\u00e7a melhorado, garantindo um funcionamento fi\u00e1vel durante uma utiliza\u00e7\u00e3o a longo prazo. Concebida para equipas e empresas profissionais, suporta um tempo de conversa\u00e7\u00e3o prolongado e reduz as interrup\u00e7\u00f5es de carregamento, o que a torna ideal para ambientes de comunica\u00e7\u00e3o de elevada exig\u00eancia.<\/p>","protected":false},"featured_media":6088,"template":"","meta":[],"product_brand":[],"product_cat":[214,219,329],"product_tag":[],"class_list":{"0":"post-6092","1":"product","2":"type-product","3":"status-publish","4":"has-post-thumbnail","6":"product_cat-two-way-radio-accessories","7":"product_cat-batteries-and-chargers","8":"product_cat-other-brands","10":"first","11":"instock","12":"shipping-taxable","13":"purchasable","14":"product-type-simple"},"_links":{"self":[{"href":"https:\/\/raytalkcomms.com\/pt\/wp-json\/wp\/v2\/product\/6092","targetHints":{"allow":["GET"]}}],"collection":[{"href":"https:\/\/raytalkcomms.com\/pt\/wp-json\/wp\/v2\/product"}],"about":[{"href":"https:\/\/raytalkcomms.com\/pt\/wp-json\/wp\/v2\/types\/product"}],"wp:featuredmedia":[{"embeddable":true,"href":"https:\/\/raytalkcomms.com\/pt\/wp-json\/wp\/v2\/media\/6088"}],"wp:attachment":[{"href":"https:\/\/raytalkcomms.com\/pt\/wp-json\/wp\/v2\/media?parent=6092"}],"wp:term":[{"taxonomy":"product_brand","embeddable":true,"href":"https:\/\/raytalkcomms.com\/pt\/wp-json\/wp\/v2\/product_brand?post=6092"},{"taxonomy":"product_cat","embeddable":true,"href":"https:\/\/raytalkcomms.com\/pt\/wp-json\/wp\/v2\/product_cat?post=6092"},{"taxonomy":"product_tag","embeddable":true,"href":"https:\/\/raytalkcomms.com\/pt\/wp-json\/wp\/v2\/product_tag?post=6092"}],"curies":[{"name":"wp","href":"https:\/\/api.w.org\/{rel}","templated":true}]}}