{"id":6074,"date":"2025-12-23T12:40:07","date_gmt":"2025-12-23T12:40:07","guid":{"rendered":"https:\/\/raytalkcomms.com\/?post_type=product&#038;p=6074"},"modified":"2025-12-23T12:40:08","modified_gmt":"2025-12-23T12:40:08","slug":"rpb-bl2202-hyt-li-ion-battery-for-bd-series-business-radio","status":"publish","type":"product","link":"https:\/\/raytalkcomms.com\/pt\/produto\/rpb-bl2202-hyt-li-ion-battery-for-bd-series-business-radio\/","title":{"rendered":"RPB-BL2202 Bateria de i\u00f5es de l\u00edtio HYT para r\u00e1dios comerciais da s\u00e9rie BD"},"content":{"rendered":"<h3>Carater\u00edsticas:<\/h3>\n<ul>\n<li>Bateria Hytera de substitui\u00e7\u00e3o de alta qualidade para r\u00e1dios bidireccionais Hytera (HYT), incluindo os r\u00e1dios BD300 e BD350.<\/li>\n<li>Dispon\u00edvel em capacidades de 2200mAh para uma maior dura\u00e7\u00e3o da bateria.<\/li>\n<li>A qu\u00edmica do i\u00e3o de l\u00edtio garante uma pot\u00eancia duradoura com uma descarga fi\u00e1vel e cont\u00ednua.<\/li>\n<li>Totalmente compat\u00edvel com r\u00e1dios Hytera, garantindo um desempenho sem problemas.<\/li>\n<li>Fabricado em instala\u00e7\u00f5es com certifica\u00e7\u00e3o ISO 9001 para elevados padr\u00f5es de seguran\u00e7a e qualidade.<\/li>\n<li>Concebida para cumprir as normas OEM em termos de forma, ajuste e fun\u00e7\u00e3o.<\/li>\n<li>Constru\u00eddo para um desempenho fi\u00e1vel e duradouro em ambientes exigentes.<\/li>\n<li>Testado para durabilidade e desempenho consistente ao longo da produ\u00e7\u00e3o.<\/li>\n<\/ul>","protected":false},"excerpt":{"rendered":"<p>A RPB-BL2022 \u00e9 uma bateria de i\u00f5es de l\u00edtio HYT de qualidade superior para r\u00e1dios bidireccionais Hytera (HYT) (r\u00e1dios BD300 e BD350), dispon\u00edvel em capacidades de 2200mAh.<br \/>\nEsta bateria de i\u00f5es de l\u00edtio HYT de substitui\u00e7\u00e3o de alta qualidade oferece uma fiabilidade e durabilidade excepcionais, garantindo um desempenho duradouro. \u00c9 totalmente compat\u00edvel com o equipamento original da Hytera, proporcionando uma adapta\u00e7\u00e3o perfeita para um funcionamento sem falhas.<br \/>\nFabricado com qu\u00edmica de i\u00f5es de l\u00edtio, oferece uma alimenta\u00e7\u00e3o fi\u00e1vel para os r\u00e1dios bidireccionais Hytera numa utiliza\u00e7\u00e3o di\u00e1ria exigente.<br \/>\nFabricadas nas nossas tr\u00eas instala\u00e7\u00f5es altamente eficientes e de elevada qualidade com certifica\u00e7\u00e3o ISO 9001, cada bateria \u00e9 rigorosamente testada para cumprir as normas de seguran\u00e7a e desempenho, fornecendo energia fi\u00e1vel para as suas necessidades de comunica\u00e7\u00e3o.<\/p>","protected":false},"featured_media":6062,"template":"","meta":[],"product_brand":[],"product_cat":[219,272,214],"product_tag":[],"class_list":{"0":"post-6074","1":"product","2":"type-product","3":"status-publish","4":"has-post-thumbnail","6":"product_cat-batteries-and-chargers","7":"product_cat-hytera","8":"product_cat-two-way-radio-accessories","10":"first","11":"instock","12":"shipping-taxable","13":"purchasable","14":"product-type-simple"},"_links":{"self":[{"href":"https:\/\/raytalkcomms.com\/pt\/wp-json\/wp\/v2\/product\/6074","targetHints":{"allow":["GET"]}}],"collection":[{"href":"https:\/\/raytalkcomms.com\/pt\/wp-json\/wp\/v2\/product"}],"about":[{"href":"https:\/\/raytalkcomms.com\/pt\/wp-json\/wp\/v2\/types\/product"}],"wp:featuredmedia":[{"embeddable":true,"href":"https:\/\/raytalkcomms.com\/pt\/wp-json\/wp\/v2\/media\/6062"}],"wp:attachment":[{"href":"https:\/\/raytalkcomms.com\/pt\/wp-json\/wp\/v2\/media?parent=6074"}],"wp:term":[{"taxonomy":"product_brand","embeddable":true,"href":"https:\/\/raytalkcomms.com\/pt\/wp-json\/wp\/v2\/product_brand?post=6074"},{"taxonomy":"product_cat","embeddable":true,"href":"https:\/\/raytalkcomms.com\/pt\/wp-json\/wp\/v2\/product_cat?post=6074"},{"taxonomy":"product_tag","embeddable":true,"href":"https:\/\/raytalkcomms.com\/pt\/wp-json\/wp\/v2\/product_tag?post=6074"}],"curies":[{"name":"wp","href":"https:\/\/api.w.org\/{rel}","templated":true}]}}