{"id":5995,"date":"2025-12-23T09:09:13","date_gmt":"2025-12-23T09:09:13","guid":{"rendered":"https:\/\/raytalkcomms.com\/?post_type=product&#038;p=5995"},"modified":"2025-12-23T10:04:44","modified_gmt":"2025-12-23T10:04:44","slug":"rpb-sbr-29li-li-ion-walkie-talkie-battery-for-standard-horizon-radio","status":"publish","type":"product","link":"https:\/\/raytalkcomms.com\/pt\/produto\/rpb-sbr-29li-li-ion-walkie-talkie-battery-for-standard-horizon-radio\/","title":{"rendered":"RPB-SBR-29Li Bateria de i\u00f5es de l\u00edtio para walkie-talkie para r\u00e1dio Standard Horizon"},"content":{"rendered":"<h3>Carater\u00edsticas:<\/h3>\n<ul>\n<li>Compat\u00edvel com a bateria dos r\u00e1dios Walkie Talkie Standard Horizon, incluindo o r\u00e1dio Kenwood HX400S.<\/li>\n<li>As c\u00e9lulas LI-ION de elevada capacidade permitem uma utiliza\u00e7\u00e3o prolongada em turnos e ciclos de funcionamento longos.<\/li>\n<li>Baterias LI-ION de elevado desempenho<\/li>\n<li>Proporciona at\u00e9 longas horas de funcionamento cont\u00ednuo.<\/li>\n<li>A bateria de substitui\u00e7\u00e3o genu\u00edna RayTalk oferece uma alternativa econ\u00f3mica aos pacotes OEM\/ODM.<\/li>\n<li>Concebido para uma utiliza\u00e7\u00e3o cr\u00edtica, com um desempenho est\u00e1vel em opera\u00e7\u00f5es intensivas.<\/li>\n<\/ul>","protected":false},"excerpt":{"rendered":"<p>A Standard Horizon SBR-29LI \u00e9 a bateria Walkie Talkie de substitui\u00e7\u00e3o para os r\u00e1dios mar\u00edtimos VHF port\u00e1teis da s\u00e9rie HX400S da Standard Horizon.<br \/>\nFornece energia de longa dura\u00e7\u00e3o sem necessidade de recarga, mesmo com utiliza\u00e7\u00e3o intensiva.<br \/>\nBateria Standard Horizon SBR-29LI 26000 mAh e sanyo 2600mah para r\u00e1dios mar\u00edtimos port\u00e1teis Standard Horizon HX-400S.<br \/>\nA RayTalk oferece uma bateria de r\u00e1dio Kenwood fi\u00e1vel, concebida para fornecer energia consistente a v\u00e1rios sistemas e ferramentas de comunica\u00e7\u00e3o.<\/p>","protected":false},"featured_media":6015,"template":"","meta":[],"product_brand":[],"product_cat":[219,324,214],"product_tag":[],"class_list":{"0":"post-5995","1":"product","2":"type-product","3":"status-publish","4":"has-post-thumbnail","6":"product_cat-batteries-and-chargers","7":"product_cat-standard-horizon","8":"product_cat-two-way-radio-accessories","10":"first","11":"instock","12":"shipping-taxable","13":"purchasable","14":"product-type-simple"},"_links":{"self":[{"href":"https:\/\/raytalkcomms.com\/pt\/wp-json\/wp\/v2\/product\/5995","targetHints":{"allow":["GET"]}}],"collection":[{"href":"https:\/\/raytalkcomms.com\/pt\/wp-json\/wp\/v2\/product"}],"about":[{"href":"https:\/\/raytalkcomms.com\/pt\/wp-json\/wp\/v2\/types\/product"}],"wp:featuredmedia":[{"embeddable":true,"href":"https:\/\/raytalkcomms.com\/pt\/wp-json\/wp\/v2\/media\/6015"}],"wp:attachment":[{"href":"https:\/\/raytalkcomms.com\/pt\/wp-json\/wp\/v2\/media?parent=5995"}],"wp:term":[{"taxonomy":"product_brand","embeddable":true,"href":"https:\/\/raytalkcomms.com\/pt\/wp-json\/wp\/v2\/product_brand?post=5995"},{"taxonomy":"product_cat","embeddable":true,"href":"https:\/\/raytalkcomms.com\/pt\/wp-json\/wp\/v2\/product_cat?post=5995"},{"taxonomy":"product_tag","embeddable":true,"href":"https:\/\/raytalkcomms.com\/pt\/wp-json\/wp\/v2\/product_tag?post=5995"}],"curies":[{"name":"wp","href":"https:\/\/api.w.org\/{rel}","templated":true}]}}