{"id":5966,"date":"2025-12-22T11:31:56","date_gmt":"2025-12-22T11:31:56","guid":{"rendered":"https:\/\/raytalkcomms.com\/?post_type=product&#038;p=5966"},"modified":"2025-12-22T11:31:56","modified_gmt":"2025-12-22T11:31:56","slug":"rpb-knbl3-rechargeable-battery-for-kenwood-radios","status":"publish","type":"product","link":"https:\/\/raytalkcomms.com\/pt\/produto\/rpb-knbl3-rechargeable-battery-for-kenwood-radios\/","title":{"rendered":"RPB-KNBL3 Bateria recarreg\u00e1vel para r\u00e1dios Kenwood"},"content":{"rendered":"<h3>Carater\u00edsticas:<\/h3>\n<ul>\n<li>Compat\u00edvel com a bateria recarreg\u00e1vel dos r\u00e1dios Kenwood, incluindo o r\u00e1dio Kenwood NX-5300.<\/li>\n<li>As c\u00e9lulas LI-ION de elevada capacidade permitem uma utiliza\u00e7\u00e3o prolongada em turnos e ciclos de funcionamento longos.<\/li>\n<li>Baterias LI-ION de elevado desempenho<\/li>\n<li>Proporciona at\u00e9 longas horas de funcionamento cont\u00ednuo.<\/li>\n<li>A bateria de substitui\u00e7\u00e3o genu\u00edna RayTalk oferece uma alternativa econ\u00f3mica aos pacotes OEM\/ODM.<\/li>\n<li>Concebido para uma utiliza\u00e7\u00e3o cr\u00edtica, com um desempenho est\u00e1vel em opera\u00e7\u00f5es intensivas.<\/li>\n<\/ul>","protected":false},"excerpt":{"rendered":"<p>Esta \u00e9 uma bateria recarreg\u00e1vel profissional de alta qualidade para um r\u00e1dio Kenwood. Esta bateria recarreg\u00e1vel RayTalk foi concebida para o r\u00e1dio Kenwood NX-5300<br \/>\nFornece energia de longa dura\u00e7\u00e3o sem necessidade de recarga, mesmo com utiliza\u00e7\u00e3o intensiva.<br \/>\nA capacidade da bateria Kenwood \u00e9 de 3300mah e 3200mah; outras capacidades podem ser personalizadas mediante pedido, contactando a nossa equipa.<br \/>\nFabricado com c\u00e9lulas LI-ION, oferece energia fi\u00e1vel e econ\u00f3mica para o walkie-talkie Kenwood numa utiliza\u00e7\u00e3o di\u00e1ria exigente.<br \/>\nA RayTalk oferece uma bateria de r\u00e1dio Kenwood fi\u00e1vel, concebida para fornecer energia consistente a v\u00e1rios sistemas e ferramentas de comunica\u00e7\u00e3o.<\/p>","protected":false},"featured_media":5969,"template":"","meta":[],"product_brand":[],"product_cat":[219,274,214],"product_tag":[],"class_list":{"0":"post-5966","1":"product","2":"type-product","3":"status-publish","4":"has-post-thumbnail","6":"product_cat-batteries-and-chargers","7":"product_cat-kenwood","8":"product_cat-two-way-radio-accessories","10":"first","11":"instock","12":"shipping-taxable","13":"purchasable","14":"product-type-simple"},"_links":{"self":[{"href":"https:\/\/raytalkcomms.com\/pt\/wp-json\/wp\/v2\/product\/5966","targetHints":{"allow":["GET"]}}],"collection":[{"href":"https:\/\/raytalkcomms.com\/pt\/wp-json\/wp\/v2\/product"}],"about":[{"href":"https:\/\/raytalkcomms.com\/pt\/wp-json\/wp\/v2\/types\/product"}],"wp:featuredmedia":[{"embeddable":true,"href":"https:\/\/raytalkcomms.com\/pt\/wp-json\/wp\/v2\/media\/5969"}],"wp:attachment":[{"href":"https:\/\/raytalkcomms.com\/pt\/wp-json\/wp\/v2\/media?parent=5966"}],"wp:term":[{"taxonomy":"product_brand","embeddable":true,"href":"https:\/\/raytalkcomms.com\/pt\/wp-json\/wp\/v2\/product_brand?post=5966"},{"taxonomy":"product_cat","embeddable":true,"href":"https:\/\/raytalkcomms.com\/pt\/wp-json\/wp\/v2\/product_cat?post=5966"},{"taxonomy":"product_tag","embeddable":true,"href":"https:\/\/raytalkcomms.com\/pt\/wp-json\/wp\/v2\/product_tag?post=5966"}],"curies":[{"name":"wp","href":"https:\/\/api.w.org\/{rel}","templated":true}]}}