{"id":5950,"date":"2025-12-22T08:17:44","date_gmt":"2025-12-22T08:17:44","guid":{"rendered":"https:\/\/raytalkcomms.com\/?post_type=product&#038;p=5950"},"modified":"2025-12-22T08:19:58","modified_gmt":"2025-12-22T08:19:58","slug":"rpb-nntn6034a-rpb-nntn7453a-replacement-motorola-battery-for-xts3000-xts5000","status":"publish","type":"product","link":"https:\/\/raytalkcomms.com\/pt\/produto\/rpb-nntn6034a-rpb-nntn7453a-replacement-motorola-battery-for-xts3000-xts5000\/","title":{"rendered":"RPB-NNTN6034A RPB-NNTN7453A Replacement Motorola Battery for XTS3000 XTS5000"},"content":{"rendered":"<h3>Carater\u00edsticas:<\/h3>\n<ul>\n<li>Compatible with Motorola two way radios, including XTS3000 and XTS5000.<\/li>\n<li>High-capacity power ensures longer shifts between charges, perfect for long-hour operations.<\/li>\n<li>High-performance Li-ion chemistry with IMPRES<\/li>\n<li>Proporciona at\u00e9 longas horas de funcionamento cont\u00ednuo.<\/li>\n<li>A bateria de substitui\u00e7\u00e3o genu\u00edna RayTalk oferece uma alternativa econ\u00f3mica \u00e0s baterias OEM\/ODM.<\/li>\n<li>Durable design to meet the demands of outdoor and harsh environments.<\/li>\n<\/ul>","protected":false},"excerpt":{"rendered":"<p>This is a rugged replacement Motorola battery for Motorola radios. This RayTalk rechargeable battery is designed for Motorola two-way radios, including XTS3000 and XTS5000.<br \/>\nThe battery capacity is 4000 mAh. A premium high-capacity battery delivers more stable discharge and maintains consistent power output over time. It provides long hours of power without needing a recharge, even under heavy usage conditions.<br \/>\nThe top-quality battery is built with high-quality Li-ion chemistry and is compatible with Motorola??s official smart battery system. It communicates with IMPRES chargers to deliver more stable, safer, and longer-lasting battery performance.<br \/>\nIt delivers dependable and cost-efficient power for Motorola walkie-talkies, built to withstand extreme heat and cold while maintaining stable performance, ensuring your critical tasks never fail.<\/p>","protected":false},"featured_media":5946,"template":"","meta":[],"product_brand":[],"product_cat":[219,271,214],"product_tag":[],"class_list":{"0":"post-5950","1":"product","2":"type-product","3":"status-publish","4":"has-post-thumbnail","6":"product_cat-batteries-and-chargers","7":"product_cat-motorola","8":"product_cat-two-way-radio-accessories","10":"first","11":"instock","12":"shipping-taxable","13":"purchasable","14":"product-type-simple"},"_links":{"self":[{"href":"https:\/\/raytalkcomms.com\/pt\/wp-json\/wp\/v2\/product\/5950","targetHints":{"allow":["GET"]}}],"collection":[{"href":"https:\/\/raytalkcomms.com\/pt\/wp-json\/wp\/v2\/product"}],"about":[{"href":"https:\/\/raytalkcomms.com\/pt\/wp-json\/wp\/v2\/types\/product"}],"wp:featuredmedia":[{"embeddable":true,"href":"https:\/\/raytalkcomms.com\/pt\/wp-json\/wp\/v2\/media\/5946"}],"wp:attachment":[{"href":"https:\/\/raytalkcomms.com\/pt\/wp-json\/wp\/v2\/media?parent=5950"}],"wp:term":[{"taxonomy":"product_brand","embeddable":true,"href":"https:\/\/raytalkcomms.com\/pt\/wp-json\/wp\/v2\/product_brand?post=5950"},{"taxonomy":"product_cat","embeddable":true,"href":"https:\/\/raytalkcomms.com\/pt\/wp-json\/wp\/v2\/product_cat?post=5950"},{"taxonomy":"product_tag","embeddable":true,"href":"https:\/\/raytalkcomms.com\/pt\/wp-json\/wp\/v2\/product_tag?post=5950"}],"curies":[{"name":"wp","href":"https:\/\/api.w.org\/{rel}","templated":true}]}}