{"id":5938,"date":"2025-12-22T06:54:46","date_gmt":"2025-12-22T06:54:46","guid":{"rendered":"https:\/\/raytalkcomms.com\/?post_type=product&#038;p=5938"},"modified":"2025-12-22T06:57:36","modified_gmt":"2025-12-22T06:57:36","slug":"rpb-pmnn4404art-rpb-pmnn4081-rpb-pmnn4476a-li-ion-battery-for-motorola-cp-series-radios","status":"publish","type":"product","link":"https:\/\/raytalkcomms.com\/pt\/produto\/rpb-pmnn4404art-rpb-pmnn4081-rpb-pmnn4476a-li-ion-battery-for-motorola-cp-series-radios\/","title":{"rendered":"RPB-PMNN4404ART RPB-PMNN4081 RPB-PMNN4476A Li-ion Battery for Motorola CP Series Radios"},"content":{"rendered":"<h3>Carater\u00edsticas:<\/h3>\n<ul>\n<li>Compatible with Motorola radios, including CP1200, CP1300, CP1660, C2620, EP350, CP185 and P145 radios.<\/li>\n<li>High-capacity batteries support extended use across shifts and long duty cycles.<\/li>\n<li>High-performance Lithium Ion chemistry<\/li>\n<li>Proporciona at\u00e9 longas horas de funcionamento cont\u00ednuo.<\/li>\n<li>A bateria de substitui\u00e7\u00e3o genu\u00edna RayTalk oferece uma alternativa econ\u00f3mica aos pacotes OEM\/ODM.<\/li>\n<li>Concebido para uma utiliza\u00e7\u00e3o cr\u00edtica, com um desempenho est\u00e1vel em opera\u00e7\u00f5es intensivas.<\/li>\n<\/ul>","protected":false},"excerpt":{"rendered":"<p>This is a professional, high-quality battery for Motorola radios. This RayTalk rechargeable battery is designed for Motorola two-way radios, including CP1200, CP1300, CP1660, C2620, EP350, CP185 and P145.<br \/>\nProporciona longas horas de energia sem necessidade de recarga, mesmo em condi\u00e7\u00f5es de utiliza\u00e7\u00e3o intensa.<br \/>\nThe standard battery capacity is 1800 mAh. When using Samsung battery cells, the capacity can be increased to up to 2600 mAh. A premium high-capacity battery delivers more stable discharge and maintains consistent power output over time.<br \/>\nMade with Lithium Ion chemistry, it offers reliable, cost-effective power for Motorola two-way radios in demanding daily use.<br \/>\nRayTalk offers dependable motorola radio battery engineered to provide consistent power for various communication systems and tools.<\/p>","protected":false},"featured_media":5936,"template":"","meta":[],"product_brand":[],"product_cat":[219,271,214],"product_tag":[],"class_list":{"0":"post-5938","1":"product","2":"type-product","3":"status-publish","4":"has-post-thumbnail","6":"product_cat-batteries-and-chargers","7":"product_cat-motorola","8":"product_cat-two-way-radio-accessories","10":"first","11":"instock","12":"shipping-taxable","13":"purchasable","14":"product-type-simple"},"_links":{"self":[{"href":"https:\/\/raytalkcomms.com\/pt\/wp-json\/wp\/v2\/product\/5938","targetHints":{"allow":["GET"]}}],"collection":[{"href":"https:\/\/raytalkcomms.com\/pt\/wp-json\/wp\/v2\/product"}],"about":[{"href":"https:\/\/raytalkcomms.com\/pt\/wp-json\/wp\/v2\/types\/product"}],"wp:featuredmedia":[{"embeddable":true,"href":"https:\/\/raytalkcomms.com\/pt\/wp-json\/wp\/v2\/media\/5936"}],"wp:attachment":[{"href":"https:\/\/raytalkcomms.com\/pt\/wp-json\/wp\/v2\/media?parent=5938"}],"wp:term":[{"taxonomy":"product_brand","embeddable":true,"href":"https:\/\/raytalkcomms.com\/pt\/wp-json\/wp\/v2\/product_brand?post=5938"},{"taxonomy":"product_cat","embeddable":true,"href":"https:\/\/raytalkcomms.com\/pt\/wp-json\/wp\/v2\/product_cat?post=5938"},{"taxonomy":"product_tag","embeddable":true,"href":"https:\/\/raytalkcomms.com\/pt\/wp-json\/wp\/v2\/product_tag?post=5938"}],"curies":[{"name":"wp","href":"https:\/\/api.w.org\/{rel}","templated":true}]}}