{"id":5841,"date":"2025-12-18T10:45:19","date_gmt":"2025-12-18T10:45:19","guid":{"rendered":"https:\/\/raytalkcomms.com\/?post_type=product&#038;p=5841"},"modified":"2025-12-18T11:37:38","modified_gmt":"2025-12-18T11:37:38","slug":"rpb-knb32n-rpb-knb54n-rechargeable-battery-for-kenwood-radios","status":"publish","type":"product","link":"https:\/\/raytalkcomms.com\/pt\/produto\/rpb-knb32n-rpb-knb54n-rechargeable-battery-for-kenwood-radios\/","title":{"rendered":"RPB-KNB32N RPB-KNB54N Rechargeable Battery for Kenwood Radios"},"content":{"rendered":"<h3>Carater\u00edsticas:<\/h3>\n<ul>\n<li>Compat\u00edvel com a bateria recarreg\u00e1vel dos r\u00e1dios Kenwood, incluindo o r\u00e1dio Kenwood TK-3185\/2180\/3180\/5210.<\/li>\n<li>As c\u00e9lulas NI-MH de elevada capacidade permitem uma utiliza\u00e7\u00e3o prolongada em turnos e ciclos de funcionamento longos.<\/li>\n<li>Baterias NI-MH de alto desempenho<\/li>\n<li>Proporciona at\u00e9 longas horas de funcionamento cont\u00ednuo.<\/li>\n<li>A bateria de substitui\u00e7\u00e3o genu\u00edna RayTalk oferece uma alternativa econ\u00f3mica aos pacotes OEM\/ODM.<\/li>\n<li>Concebido para uma utiliza\u00e7\u00e3o cr\u00edtica, com um desempenho est\u00e1vel em opera\u00e7\u00f5es intensivas.<\/li>\n<\/ul>\n<p><img fetchpriority=\"high\" decoding=\"async\" class=\"wp-image-5833 aligncenter\" src=\"https:\/\/raytalkcomms.com\/wp-content\/uploads\/2025\/12\/about-us-1-300x78.jpg\" alt=\"\" width=\"1392\" height=\"362\" srcset=\"https:\/\/raytalkcomms.com\/wp-content\/uploads\/2025\/12\/about-us-1-300x78.jpg 300w, https:\/\/raytalkcomms.com\/wp-content\/uploads\/2025\/12\/about-us-1-1024x267.jpg 1024w, https:\/\/raytalkcomms.com\/wp-content\/uploads\/2025\/12\/about-us-1-768x200.jpg 768w, https:\/\/raytalkcomms.com\/wp-content\/uploads\/2025\/12\/about-us-1-1536x400.jpg 1536w, https:\/\/raytalkcomms.com\/wp-content\/uploads\/2025\/12\/about-us-1-1000x260.jpg 1000w, https:\/\/raytalkcomms.com\/wp-content\/uploads\/2025\/12\/about-us-1.jpg 1920w\" sizes=\"(max-width: 1392px) 100vw, 1392px\" \/><\/p>","protected":false},"excerpt":{"rendered":"<p>This is a professional, high-quality replacement battery for a Kenwood radio Rechargeable Battery. This RayTalk rechargeable battery is designed for Kenwood TK-3185\/2180\/3180\/5210 radio<br \/>\nFornece energia de longa dura\u00e7\u00e3o sem necessidade de recarga, mesmo com utiliza\u00e7\u00e3o intensiva.<br \/>\nThe Kenwood battery capacity is 1800mah 2100mah 2500mah; other capacities can be customized upon request by contacting our team.<br \/>\nMade with NI-MH cells, it offers reliable, cost-effective power for the Kenwood walkie-talkie in demanding daily use.<br \/>\nA RayTalk oferece uma bateria de r\u00e1dio Kenwood fi\u00e1vel, concebida para fornecer energia consistente a v\u00e1rios sistemas e ferramentas de comunica\u00e7\u00e3o.<\/p>","protected":false},"featured_media":5844,"template":"","meta":[],"product_brand":[],"product_cat":[214,219,274],"product_tag":[],"class_list":{"0":"post-5841","1":"product","2":"type-product","3":"status-publish","4":"has-post-thumbnail","6":"product_cat-two-way-radio-accessories","7":"product_cat-batteries-and-chargers","8":"product_cat-kenwood","10":"first","11":"instock","12":"shipping-taxable","13":"purchasable","14":"product-type-simple"},"_links":{"self":[{"href":"https:\/\/raytalkcomms.com\/pt\/wp-json\/wp\/v2\/product\/5841","targetHints":{"allow":["GET"]}}],"collection":[{"href":"https:\/\/raytalkcomms.com\/pt\/wp-json\/wp\/v2\/product"}],"about":[{"href":"https:\/\/raytalkcomms.com\/pt\/wp-json\/wp\/v2\/types\/product"}],"wp:featuredmedia":[{"embeddable":true,"href":"https:\/\/raytalkcomms.com\/pt\/wp-json\/wp\/v2\/media\/5844"}],"wp:attachment":[{"href":"https:\/\/raytalkcomms.com\/pt\/wp-json\/wp\/v2\/media?parent=5841"}],"wp:term":[{"taxonomy":"product_brand","embeddable":true,"href":"https:\/\/raytalkcomms.com\/pt\/wp-json\/wp\/v2\/product_brand?post=5841"},{"taxonomy":"product_cat","embeddable":true,"href":"https:\/\/raytalkcomms.com\/pt\/wp-json\/wp\/v2\/product_cat?post=5841"},{"taxonomy":"product_tag","embeddable":true,"href":"https:\/\/raytalkcomms.com\/pt\/wp-json\/wp\/v2\/product_tag?post=5841"}],"curies":[{"name":"wp","href":"https:\/\/api.w.org\/{rel}","templated":true}]}}