{"id":5815,"date":"2025-12-17T08:50:59","date_gmt":"2025-12-17T08:50:59","guid":{"rendered":"https:\/\/raytalkcomms.com\/?post_type=product&#038;p=5815"},"modified":"2025-12-17T09:21:00","modified_gmt":"2025-12-17T09:21:00","slug":"rpb-knb35l-rechargeable-battery-for-kenwood-radios","status":"publish","type":"product","link":"https:\/\/raytalkcomms.com\/pt\/produto\/rpb-knb35l-rechargeable-battery-for-kenwood-radios\/","title":{"rendered":"RPB-KNB35L Rechargeable Battery for Kenwood Radios"},"content":{"rendered":"<h3>Carater\u00edsticas:<\/h3>\n<ul>\n<li>Compatible with kenwood radios Rechargeable Battery, including the TK-385 TK2140 3140\/3160\/3148\/3178\/NX220\/320<\/li>\n<li>As c\u00e9lulas LI-ION de elevada capacidade permitem uma utiliza\u00e7\u00e3o prolongada em turnos e ciclos de funcionamento longos.<\/li>\n<li>Baterias LI-ION de elevado desempenho<\/li>\n<li>Proporciona at\u00e9 longas horas de funcionamento cont\u00ednuo.<\/li>\n<li>A bateria de substitui\u00e7\u00e3o genu\u00edna RayTalk oferece uma alternativa econ\u00f3mica aos pacotes OEM\/ODM.<\/li>\n<li>Concebido para uma utiliza\u00e7\u00e3o cr\u00edtica, com um desempenho est\u00e1vel em opera\u00e7\u00f5es intensivas.<\/li>\n<\/ul>","protected":false},"excerpt":{"rendered":"<p>This is a professional, high-quality Rechargeable Battery for an kenwood radio. This RayTalk rechargeable battery is designed for Kenwood, including the TK-385 TK2140 3140\/3160\/3148\/3178\/NX220\/320<br \/>\nFornece energia de longa dura\u00e7\u00e3o sem necessidade de recarga, mesmo com utiliza\u00e7\u00e3o intensiva.<br \/>\nThe battery capacity is 1380mAh and 2200mAL and 1800mal . Made with LI-ION cells, it offers reliable, cost-effective power for the Icom walkie talkies in demanding daily use.<br \/>\nA RayTalk oferece uma bateria de r\u00e1dio Icom fi\u00e1vel, concebida para fornecer energia consistente a v\u00e1rios sistemas e ferramentas de comunica\u00e7\u00e3o.<\/p>","protected":false},"featured_media":5827,"template":"","meta":[],"product_brand":[],"product_cat":[219,274,214],"product_tag":[],"class_list":{"0":"post-5815","1":"product","2":"type-product","3":"status-publish","4":"has-post-thumbnail","6":"product_cat-batteries-and-chargers","7":"product_cat-kenwood","8":"product_cat-two-way-radio-accessories","10":"first","11":"instock","12":"shipping-taxable","13":"purchasable","14":"product-type-simple"},"_links":{"self":[{"href":"https:\/\/raytalkcomms.com\/pt\/wp-json\/wp\/v2\/product\/5815","targetHints":{"allow":["GET"]}}],"collection":[{"href":"https:\/\/raytalkcomms.com\/pt\/wp-json\/wp\/v2\/product"}],"about":[{"href":"https:\/\/raytalkcomms.com\/pt\/wp-json\/wp\/v2\/types\/product"}],"wp:featuredmedia":[{"embeddable":true,"href":"https:\/\/raytalkcomms.com\/pt\/wp-json\/wp\/v2\/media\/5827"}],"wp:attachment":[{"href":"https:\/\/raytalkcomms.com\/pt\/wp-json\/wp\/v2\/media?parent=5815"}],"wp:term":[{"taxonomy":"product_brand","embeddable":true,"href":"https:\/\/raytalkcomms.com\/pt\/wp-json\/wp\/v2\/product_brand?post=5815"},{"taxonomy":"product_cat","embeddable":true,"href":"https:\/\/raytalkcomms.com\/pt\/wp-json\/wp\/v2\/product_cat?post=5815"},{"taxonomy":"product_tag","embeddable":true,"href":"https:\/\/raytalkcomms.com\/pt\/wp-json\/wp\/v2\/product_tag?post=5815"}],"curies":[{"name":"wp","href":"https:\/\/api.w.org\/{rel}","templated":true}]}}