{"id":5791,"date":"2025-12-16T11:09:47","date_gmt":"2025-12-16T11:09:47","guid":{"rendered":"https:\/\/raytalkcomms.com\/?post_type=product&#038;p=5791"},"modified":"2025-12-16T11:16:39","modified_gmt":"2025-12-16T11:16:39","slug":"rpb-knb17-rechargeable-battery-for-kenwood-radios","status":"publish","type":"product","link":"https:\/\/raytalkcomms.com\/pt\/produto\/rpb-knb17-rechargeable-battery-for-kenwood-radios\/","title":{"rendered":"RPB-KNB17 Rechargeable Battery for Kenwood Radios"},"content":{"rendered":"<h3>Carater\u00edsticas:<\/h3>\n<ul>\n<li>Compatible with kenwood radios Rechargeable Battery, including the TK-385 TK280\/380\/481\/290\/390 TK-480<\/li>\n<li>As c\u00e9lulas NI-MH de elevada capacidade permitem uma utiliza\u00e7\u00e3o prolongada em turnos e ciclos de funcionamento longos.<\/li>\n<li>Baterias NI-MH de alto desempenho<\/li>\n<li>Proporciona at\u00e9 longas horas de funcionamento cont\u00ednuo.<\/li>\n<li>A bateria de substitui\u00e7\u00e3o genu\u00edna RayTalk oferece uma alternativa econ\u00f3mica aos pacotes OEM\/ODM.<\/li>\n<li>Concebido para uma utiliza\u00e7\u00e3o cr\u00edtica, com um desempenho est\u00e1vel em opera\u00e7\u00f5es intensivas.<\/li>\n<\/ul>","protected":false},"excerpt":{"rendered":"<p>This is a professional, high-quality Rechargeable Battery for an kenwood radio. This RayTalk rechargeable battery is designed for Kenwood, including the TK-385 TK280\/380\/481\/290\/390 TK-480<br \/>\nFornece energia de longa dura\u00e7\u00e3o sem necessidade de recarga, mesmo com utiliza\u00e7\u00e3o intensiva.<br \/>\nThe battery capacity is 1300mAh and 1500mAL and 1800mal . Made with NI-MH cells, it offers reliable, cost-effective power for the Icom walkie talkies in demanding daily use.<br \/>\nA RayTalk oferece uma bateria de r\u00e1dio Icom fi\u00e1vel, concebida para fornecer energia consistente a v\u00e1rios sistemas e ferramentas de comunica\u00e7\u00e3o.<\/p>","protected":false},"featured_media":5795,"template":"","meta":[],"product_brand":[],"product_cat":[274,214],"product_tag":[],"class_list":{"0":"post-5791","1":"product","2":"type-product","3":"status-publish","4":"has-post-thumbnail","6":"product_cat-kenwood","7":"product_cat-two-way-radio-accessories","9":"first","10":"instock","11":"shipping-taxable","12":"purchasable","13":"product-type-simple"},"_links":{"self":[{"href":"https:\/\/raytalkcomms.com\/pt\/wp-json\/wp\/v2\/product\/5791","targetHints":{"allow":["GET"]}}],"collection":[{"href":"https:\/\/raytalkcomms.com\/pt\/wp-json\/wp\/v2\/product"}],"about":[{"href":"https:\/\/raytalkcomms.com\/pt\/wp-json\/wp\/v2\/types\/product"}],"wp:featuredmedia":[{"embeddable":true,"href":"https:\/\/raytalkcomms.com\/pt\/wp-json\/wp\/v2\/media\/5795"}],"wp:attachment":[{"href":"https:\/\/raytalkcomms.com\/pt\/wp-json\/wp\/v2\/media?parent=5791"}],"wp:term":[{"taxonomy":"product_brand","embeddable":true,"href":"https:\/\/raytalkcomms.com\/pt\/wp-json\/wp\/v2\/product_brand?post=5791"},{"taxonomy":"product_cat","embeddable":true,"href":"https:\/\/raytalkcomms.com\/pt\/wp-json\/wp\/v2\/product_cat?post=5791"},{"taxonomy":"product_tag","embeddable":true,"href":"https:\/\/raytalkcomms.com\/pt\/wp-json\/wp\/v2\/product_tag?post=5791"}],"curies":[{"name":"wp","href":"https:\/\/api.w.org\/{rel}","templated":true}]}}