{"id":5782,"date":"2025-12-16T10:48:26","date_gmt":"2025-12-16T10:48:26","guid":{"rendered":"https:\/\/raytalkcomms.com\/?post_type=product&#038;p=5782"},"modified":"2025-12-16T10:48:26","modified_gmt":"2025-12-16T10:48:26","slug":"rpb-knb14-rechargeable-battery-for-kenwood-battery-radios","status":"publish","type":"product","link":"https:\/\/raytalkcomms.com\/pt\/produto\/rpb-knb14-rechargeable-battery-for-kenwood-battery-radios\/","title":{"rendered":"RPB-KNB14 Rechargeable Battery for Kenwood Battery Radios"},"content":{"rendered":"<h3>Carater\u00edsticas:<\/h3>\n<ul>\n<li>Compatible with Kenwood radios, including theTK2107\/TK3107 TK2100\/TK3100 TK3101\/TK-278 TK378\/TK-278G TK378G\/TK388 TK\/388G TK260\/360\/270\/370\/272\/372.<\/li>\n<li>High-capacity Li-ion or NI-MH cells support extended use across shifts and long duty cycles.<\/li>\n<li>High-performance Li-ion or NI-MH Kenwood Battery.<\/li>\n<li>Proporciona at\u00e9 longas horas de funcionamento cont\u00ednuo.<\/li>\n<li>A bateria de substitui\u00e7\u00e3o genu\u00edna RayTalk oferece uma alternativa econ\u00f3mica aos pacotes OEM\/ODM.<\/li>\n<li>Concebido para uma utiliza\u00e7\u00e3o cr\u00edtica, com um desempenho est\u00e1vel em opera\u00e7\u00f5es intensivas.<\/li>\n<\/ul>","protected":false},"excerpt":{"rendered":"<p>This is a professional, high-quality replacement battery for an Icom radio. This RayTalk rechargeable Kenwood Battery is designed for Kenwood, including the TK2107\/TK3107 TK2100\/TK3100 TK3101\/TK-278 TK378\/TK-278G TK378G\/TK388 TK\/388G TK260\/360\/270\/370\/272\/372.<br \/>\nFornece energia de longa dura\u00e7\u00e3o sem necessidade de recarga, mesmo com utiliza\u00e7\u00e3o intensiva.<br \/>\nThe battery capacity is 600mAh and 900mAL and 1800mal . Made with Li-ion\/NI-MH cells, it offers reliable, cost-effective power for the Kenwood walkie talkies in demanding daily use.<br \/>\nA RayTalk oferece uma bateria de r\u00e1dio Icom fi\u00e1vel, concebida para fornecer energia consistente a v\u00e1rios sistemas e ferramentas de comunica\u00e7\u00e3o.<\/p>","protected":false},"featured_media":5781,"template":"","meta":[],"product_brand":[],"product_cat":[219,274,214],"product_tag":[],"class_list":{"0":"post-5782","1":"product","2":"type-product","3":"status-publish","4":"has-post-thumbnail","6":"product_cat-batteries-and-chargers","7":"product_cat-kenwood","8":"product_cat-two-way-radio-accessories","10":"first","11":"instock","12":"shipping-taxable","13":"purchasable","14":"product-type-simple"},"_links":{"self":[{"href":"https:\/\/raytalkcomms.com\/pt\/wp-json\/wp\/v2\/product\/5782","targetHints":{"allow":["GET"]}}],"collection":[{"href":"https:\/\/raytalkcomms.com\/pt\/wp-json\/wp\/v2\/product"}],"about":[{"href":"https:\/\/raytalkcomms.com\/pt\/wp-json\/wp\/v2\/types\/product"}],"wp:featuredmedia":[{"embeddable":true,"href":"https:\/\/raytalkcomms.com\/pt\/wp-json\/wp\/v2\/media\/5781"}],"wp:attachment":[{"href":"https:\/\/raytalkcomms.com\/pt\/wp-json\/wp\/v2\/media?parent=5782"}],"wp:term":[{"taxonomy":"product_brand","embeddable":true,"href":"https:\/\/raytalkcomms.com\/pt\/wp-json\/wp\/v2\/product_brand?post=5782"},{"taxonomy":"product_cat","embeddable":true,"href":"https:\/\/raytalkcomms.com\/pt\/wp-json\/wp\/v2\/product_cat?post=5782"},{"taxonomy":"product_tag","embeddable":true,"href":"https:\/\/raytalkcomms.com\/pt\/wp-json\/wp\/v2\/product_tag?post=5782"}],"curies":[{"name":"wp","href":"https:\/\/api.w.org\/{rel}","templated":true}]}}