{"id":5689,"date":"2025-12-12T10:46:36","date_gmt":"2025-12-12T10:46:36","guid":{"rendered":"https:\/\/raytalkcomms.com\/?post_type=product&#038;p=5689"},"modified":"2025-12-15T02:18:42","modified_gmt":"2025-12-15T02:18:42","slug":"rpb-bp298-rechargeable-battery-for-icom-ic-v86-u86-series-radios","status":"publish","type":"product","link":"https:\/\/raytalkcomms.com\/pt\/produto\/rpb-bp298-rechargeable-battery-for-icom-ic-v86-u86-series-radios\/","title":{"rendered":"RPB-BP298 Bateria recarreg\u00e1vel para r\u00e1dios ICOM IC-V86 s\u00e9rie U86"},"content":{"rendered":"<h3>Carater\u00edsticas:<\/h3>\n<ul>\n<li>Bateria recarreg\u00e1vel profissional para r\u00e1dios bidireccionais Icom.<\/li>\n<li>O desempenho e a qualidade correspondem e muitas vezes excedem a bateria original da Icom.<\/li>\n<li>A bateria de pol\u00edmero de alta capacidade 2250MAH 2600MAl samsung 2600MAL fornece energia est\u00e1vel para turnos longos.<\/li>\n<li>As pilhas LI-ION proporcionam uma constru\u00e7\u00e3o leve para facilitar o transporte e a utiliza\u00e7\u00e3o de reserva.<\/li>\n<li>Compat\u00edvel com v\u00e1rios modelos de r\u00e1dio Icom, incluindo IC-V86 U86<\/li>\n<li>Fonte de energia fi\u00e1vel para equipas de constru\u00e7\u00e3o, industriais, de exterior e de eventos.<\/li>\n<li>Ajuda a manter os r\u00e1dios totalmente alimentados, reduzindo as chamadas n\u00e3o atendidas e melhorando a coordena\u00e7\u00e3o da equipa.<\/li>\n<\/ul>","protected":false},"excerpt":{"rendered":"<p>A RPB-BP298 \u00e9 uma bateria recarreg\u00e1vel profissional e resistente, concebida para r\u00e1dios bidireccionais Icom. O seu desempenho e qualidade correspondem e muitas vezes excedem a bateria original da Icom.<br \/>\nCom uma capacidade de sanyo 2250MAH 2600MAl samsung 2600MAL, esta bateria de alta capacidade fornece energia est\u00e1vel e forte desempenho de descarga para turnos longos. Mant\u00e9m as equipas de r\u00e1dio a falar com confian\u00e7a sem recargas constantes.<br \/>\nFabricada com c\u00e9lulas NIC-CD, a bateria \u00e9 leve e f\u00e1cil de transportar como fonte de alimenta\u00e7\u00e3o principal ou de reserva, ideal para equipas que trabalham no exterior ou em movimento.<\/p>","protected":false},"featured_media":5692,"template":"","meta":[],"product_brand":[],"product_cat":[219,273,214],"product_tag":[],"class_list":{"0":"post-5689","1":"product","2":"type-product","3":"status-publish","4":"has-post-thumbnail","6":"product_cat-batteries-and-chargers","7":"product_cat-icom","8":"product_cat-two-way-radio-accessories","10":"first","11":"instock","12":"shipping-taxable","13":"purchasable","14":"product-type-simple"},"_links":{"self":[{"href":"https:\/\/raytalkcomms.com\/pt\/wp-json\/wp\/v2\/product\/5689","targetHints":{"allow":["GET"]}}],"collection":[{"href":"https:\/\/raytalkcomms.com\/pt\/wp-json\/wp\/v2\/product"}],"about":[{"href":"https:\/\/raytalkcomms.com\/pt\/wp-json\/wp\/v2\/types\/product"}],"wp:featuredmedia":[{"embeddable":true,"href":"https:\/\/raytalkcomms.com\/pt\/wp-json\/wp\/v2\/media\/5692"}],"wp:attachment":[{"href":"https:\/\/raytalkcomms.com\/pt\/wp-json\/wp\/v2\/media?parent=5689"}],"wp:term":[{"taxonomy":"product_brand","embeddable":true,"href":"https:\/\/raytalkcomms.com\/pt\/wp-json\/wp\/v2\/product_brand?post=5689"},{"taxonomy":"product_cat","embeddable":true,"href":"https:\/\/raytalkcomms.com\/pt\/wp-json\/wp\/v2\/product_cat?post=5689"},{"taxonomy":"product_tag","embeddable":true,"href":"https:\/\/raytalkcomms.com\/pt\/wp-json\/wp\/v2\/product_tag?post=5689"}],"curies":[{"name":"wp","href":"https:\/\/api.w.org\/{rel}","templated":true}]}}