{"id":5316,"date":"2025-12-03T02:46:20","date_gmt":"2025-12-03T02:46:20","guid":{"rendered":"https:\/\/raytalkcomms.com\/?post_type=product&#038;p=5316"},"modified":"2025-12-05T03:51:31","modified_gmt":"2025-12-05T03:51:31","slug":"rpb-rln6308b-high-quality-replacement-battery-for-motorola-a10-a12-cp1100-cp1180-ep150","status":"publish","type":"product","link":"https:\/\/raytalkcomms.com\/pt\/produto\/rpb-rln6308b-high-quality-replacement-battery-for-motorola-a10-a12-cp1100-cp1180-ep150\/","title":{"rendered":"RPB-RLN6308B High Quality Replacement Battery for Motorola A10 A12 CP1100 CP1180 EP150"},"content":{"rendered":"<h3>Carater\u00edsticas\uff1a<\/h3>\n<ul>\n<li>Compatible with Motorola A10, A12, CP1100, CP1180, and EP15 portable radios.<\/li>\n<li>High-capacity batteries support extended use across shifts and long duty cycles.<\/li>\n<li>High-performance Lithium Ion chemistry<\/li>\n<li>Proporciona at\u00e9 longas horas de funcionamento cont\u00ednuo.<\/li>\n<li>A bateria de substitui\u00e7\u00e3o genu\u00edna RayTalk oferece uma alternativa econ\u00f3mica aos pacotes OEM\/ODM.<\/li>\n<li>Concebido para uma utiliza\u00e7\u00e3o cr\u00edtica, com um desempenho est\u00e1vel em opera\u00e7\u00f5es intensivas.<\/li>\n<\/ul>","protected":false},"excerpt":{"rendered":"<p>This is a professional, high quality replacement battery for Motorola radios. This RayTalk rechargeable battery is designed for Motorola business radios, including A10, A12, CP1100, CP1180, and EP150.<\/p>\n<p>The high quality replacement battery provides long hours of power without needing a recharge, even under heavy usage conditions.<\/p>\n<p>The battery capacity is 2200 mAh, and other capacities can be customized upon request by contacting our team.<\/p>\n<p>With Sanyo cells, the capacity reaches 2200 mAh. We also offer a popular and high-quality Samsung cell option, which delivers an even higher capacity of 2600 mAh.<\/p>\n<p>Made with Lithium Ion chemistry, it offers reliable, cost-effective power for Motorola two-way radios in demanding daily use.<\/p>\n<p>RayTalk offers dependable motorola radio battery engineered to provide consistent power for various communication systems and tools.<\/p>","protected":false},"featured_media":5304,"template":"","meta":[],"product_brand":[],"product_cat":[214,219,271],"product_tag":[],"class_list":{"0":"post-5316","1":"product","2":"type-product","3":"status-publish","4":"has-post-thumbnail","6":"product_cat-two-way-radio-accessories","7":"product_cat-batteries-and-chargers","8":"product_cat-motorola","10":"first","11":"instock","12":"shipping-taxable","13":"purchasable","14":"product-type-simple"},"_links":{"self":[{"href":"https:\/\/raytalkcomms.com\/pt\/wp-json\/wp\/v2\/product\/5316","targetHints":{"allow":["GET"]}}],"collection":[{"href":"https:\/\/raytalkcomms.com\/pt\/wp-json\/wp\/v2\/product"}],"about":[{"href":"https:\/\/raytalkcomms.com\/pt\/wp-json\/wp\/v2\/types\/product"}],"wp:featuredmedia":[{"embeddable":true,"href":"https:\/\/raytalkcomms.com\/pt\/wp-json\/wp\/v2\/media\/5304"}],"wp:attachment":[{"href":"https:\/\/raytalkcomms.com\/pt\/wp-json\/wp\/v2\/media?parent=5316"}],"wp:term":[{"taxonomy":"product_brand","embeddable":true,"href":"https:\/\/raytalkcomms.com\/pt\/wp-json\/wp\/v2\/product_brand?post=5316"},{"taxonomy":"product_cat","embeddable":true,"href":"https:\/\/raytalkcomms.com\/pt\/wp-json\/wp\/v2\/product_cat?post=5316"},{"taxonomy":"product_tag","embeddable":true,"href":"https:\/\/raytalkcomms.com\/pt\/wp-json\/wp\/v2\/product_tag?post=5316"}],"curies":[{"name":"wp","href":"https:\/\/api.w.org\/{rel}","templated":true}]}}