{"id":5260,"date":"2025-12-01T10:57:04","date_gmt":"2025-12-01T10:57:04","guid":{"rendered":"https:\/\/raytalkcomms.com\/?post_type=product&#038;p=5260"},"modified":"2025-12-05T03:51:31","modified_gmt":"2025-12-05T03:51:31","slug":"rpb-rln6305b-1100-mah-battery-for-motorola-a10-a12-cp1100-cp1180-ep150","status":"publish","type":"product","link":"https:\/\/raytalkcomms.com\/pt\/produto\/rpb-rln6305b-1100-mah-battery-for-motorola-a10-a12-cp1100-cp1180-ep150\/","title":{"rendered":"Bateria RPB-RLN6305B 1100 mAh para Motorola A10 A12 CP1100 CP1180 EP150"},"content":{"rendered":"<h3>Carater\u00edsticas:<\/h3>\n<ul>\n<li>Funciona com r\u00e1dios Motorola, incluindo os r\u00e1dios bidireccionais empresariais Motorola A10, A12, CP1100, CP1180 e EP150.<\/li>\n<li>A bateria de alta capacidade oferece turnos mais longos entre cargas, perfeita para opera\u00e7\u00f5es de longas horas.<\/li>\n<li>Qu\u00edmica de i\u00f5es de l\u00edtio de elevado desempenho<\/li>\n<li>A bateria de substitui\u00e7\u00e3o genu\u00edna RayTalk oferece uma alternativa econ\u00f3mica \u00e0s baterias OEM\/ODM.<\/li>\n<li>Concebido para uma utiliza\u00e7\u00e3o cr\u00edtica, com um desempenho est\u00e1vel em opera\u00e7\u00f5es intensivas.<\/li>\n<\/ul>","protected":false},"excerpt":{"rendered":"<p>A RPB-RLN6305B \u00e9 uma bateria de i\u00f5es de l\u00edtio para os r\u00e1dios bidireccionais empresariais das s\u00e9ries CP e EP da Motorola. Trata-se de uma bateria de 1100 mAh concebida para o r\u00e1dio bidirecional fino A10.<br \/>\nEsta bateria de elevada capacidade proporciona um tempo de funcionamento prolongado para equipas de seguran\u00e7a, de armazenamento e outras equipas comerciais, garantindo um desempenho fi\u00e1vel durante o trabalho por turnos.<br \/>\nFabricado com c\u00e9lulas de i\u00f5es de l\u00edtio, oferece energia fi\u00e1vel e econ\u00f3mica para o walkie talkie Motorola numa utiliza\u00e7\u00e3o di\u00e1ria exigente.<\/p>","protected":false},"featured_media":5258,"template":"","meta":[],"product_brand":[],"product_cat":[214,219,271],"product_tag":[],"class_list":{"0":"post-5260","1":"product","2":"type-product","3":"status-publish","4":"has-post-thumbnail","6":"product_cat-two-way-radio-accessories","7":"product_cat-batteries-and-chargers","8":"product_cat-motorola","10":"first","11":"instock","12":"shipping-taxable","13":"purchasable","14":"product-type-simple"},"_links":{"self":[{"href":"https:\/\/raytalkcomms.com\/pt\/wp-json\/wp\/v2\/product\/5260","targetHints":{"allow":["GET"]}}],"collection":[{"href":"https:\/\/raytalkcomms.com\/pt\/wp-json\/wp\/v2\/product"}],"about":[{"href":"https:\/\/raytalkcomms.com\/pt\/wp-json\/wp\/v2\/types\/product"}],"wp:featuredmedia":[{"embeddable":true,"href":"https:\/\/raytalkcomms.com\/pt\/wp-json\/wp\/v2\/media\/5258"}],"wp:attachment":[{"href":"https:\/\/raytalkcomms.com\/pt\/wp-json\/wp\/v2\/media?parent=5260"}],"wp:term":[{"taxonomy":"product_brand","embeddable":true,"href":"https:\/\/raytalkcomms.com\/pt\/wp-json\/wp\/v2\/product_brand?post=5260"},{"taxonomy":"product_cat","embeddable":true,"href":"https:\/\/raytalkcomms.com\/pt\/wp-json\/wp\/v2\/product_cat?post=5260"},{"taxonomy":"product_tag","embeddable":true,"href":"https:\/\/raytalkcomms.com\/pt\/wp-json\/wp\/v2\/product_tag?post=5260"}],"curies":[{"name":"wp","href":"https:\/\/api.w.org\/{rel}","templated":true}]}}