{"id":5152,"date":"2025-11-27T11:05:42","date_gmt":"2025-11-27T11:05:42","guid":{"rendered":"https:\/\/raytalkcomms.com\/?post_type=product&#038;p=5152"},"modified":"2025-12-05T03:50:31","modified_gmt":"2025-12-05T03:50:31","slug":"rpb-pmnn4468a-2000-mah-battery-for-motorola-sl300-sl1m-radio","status":"publish","type":"product","link":"https:\/\/raytalkcomms.com\/pt\/produto\/rpb-pmnn4468a-2000-mah-battery-for-motorola-sl300-sl1m-radio\/","title":{"rendered":"RPB-PMNN4468A 2000 mAh Battery for Motorola SL300 SL1M Radio"},"content":{"rendered":"<h3>Carater\u00edsticas:<\/h3>\n<ul>\n<li>Compatible with Motorola portable radios, including the SL300 and SL1M.<\/li>\n<li>As c\u00e9lulas de i\u00f5es de l\u00edtio de elevada capacidade permitem uma utiliza\u00e7\u00e3o prolongada em turnos e ciclos de funcionamento longos.<\/li>\n<li>Baterias de i\u00f5es de l\u00edtio de elevado desempenho<\/li>\n<li>Proporciona at\u00e9 longas horas de funcionamento cont\u00ednuo.<\/li>\n<li>A bateria de substitui\u00e7\u00e3o genu\u00edna RayTalk oferece uma alternativa econ\u00f3mica aos pacotes OEM\/ODM.<\/li>\n<li>Concebido para uma utiliza\u00e7\u00e3o cr\u00edtica, com um desempenho est\u00e1vel em opera\u00e7\u00f5es intensivas.<\/li>\n<\/ul>","protected":false},"excerpt":{"rendered":"<p>This is a professional, high-capacity battery for Motorola two way radio. This RayTalk replacement 2000 mAh battery for Motorola is designed for Motorola portable radios, including the SL300 and SL1M.<br \/>\nThe battery capacity is 2000 mAh, it delivers long-lasting power and reduces recharge frequency.<br \/>\nMade with Li-ion chemistry, this PMNN4468A rechargeable battery delivers higher energy density and more stable performance than standard packs.<br \/>\nIt offers reliable, high-performance power for Motorola two-way radios in demanding daily use.<br \/>\nRayTalk offers a dependable Motorola replacement battery engineered to provide consistent power for various communication systems and gears.<\/p>","protected":false},"featured_media":5153,"template":"","meta":[],"product_brand":[],"product_cat":[214,219,271],"product_tag":[],"class_list":{"0":"post-5152","1":"product","2":"type-product","3":"status-publish","4":"has-post-thumbnail","6":"product_cat-two-way-radio-accessories","7":"product_cat-batteries-and-chargers","8":"product_cat-motorola","10":"first","11":"instock","12":"shipping-taxable","13":"purchasable","14":"product-type-simple"},"_links":{"self":[{"href":"https:\/\/raytalkcomms.com\/pt\/wp-json\/wp\/v2\/product\/5152","targetHints":{"allow":["GET"]}}],"collection":[{"href":"https:\/\/raytalkcomms.com\/pt\/wp-json\/wp\/v2\/product"}],"about":[{"href":"https:\/\/raytalkcomms.com\/pt\/wp-json\/wp\/v2\/types\/product"}],"wp:featuredmedia":[{"embeddable":true,"href":"https:\/\/raytalkcomms.com\/pt\/wp-json\/wp\/v2\/media\/5153"}],"wp:attachment":[{"href":"https:\/\/raytalkcomms.com\/pt\/wp-json\/wp\/v2\/media?parent=5152"}],"wp:term":[{"taxonomy":"product_brand","embeddable":true,"href":"https:\/\/raytalkcomms.com\/pt\/wp-json\/wp\/v2\/product_brand?post=5152"},{"taxonomy":"product_cat","embeddable":true,"href":"https:\/\/raytalkcomms.com\/pt\/wp-json\/wp\/v2\/product_cat?post=5152"},{"taxonomy":"product_tag","embeddable":true,"href":"https:\/\/raytalkcomms.com\/pt\/wp-json\/wp\/v2\/product_tag?post=5152"}],"curies":[{"name":"wp","href":"https:\/\/api.w.org\/{rel}","templated":true}]}}