{"id":5147,"date":"2025-11-27T10:26:52","date_gmt":"2025-11-27T10:26:52","guid":{"rendered":"https:\/\/raytalkcomms.com\/?post_type=product&#038;p=5147"},"modified":"2025-12-05T03:50:31","modified_gmt":"2025-12-05T03:50:31","slug":"rpb-nntn7038a-rpb-nntn8930a-high-capacity-li-ion-battery-for-motorola-apx6000-apx7000-apx8000-spx-2200","status":"publish","type":"product","link":"https:\/\/raytalkcomms.com\/pt\/produto\/rpb-nntn7038a-rpb-nntn8930a-high-capacity-li-ion-battery-for-motorola-apx6000-apx7000-apx8000-spx-2200\/","title":{"rendered":"RPB-NNTN7038A RPB-NNTN8930A Bateria de i\u00f5es de l\u00edtio de alta capacidade para Motorola APX6000 APX7000 APX8000 SPX 2200"},"content":{"rendered":"<h3>Carater\u00edsticas:<\/h3>\n<ul>\n<li>Compat\u00edvel com os r\u00e1dios da s\u00e9rie APX e SPX da Motorola, incluindo o APX 6000, APX 7000, APX 8000 e SPX 2200.<\/li>\n<li>A bateria de 3000mAh de alta capacidade suporta uma utiliza\u00e7\u00e3o prolongada em turnos e ciclos de trabalho longos.<\/li>\n<li>Baterias de i\u00f5es de l\u00edtio de elevado desempenho<\/li>\n<li>Proporciona at\u00e9 longas horas de funcionamento cont\u00ednuo.<\/li>\n<li>A bateria de substitui\u00e7\u00e3o genu\u00edna RayTalk oferece uma alternativa econ\u00f3mica aos pacotes OEM\/ODM.<\/li>\n<li>Concebido para uma utiliza\u00e7\u00e3o cr\u00edtica, com um desempenho est\u00e1vel em opera\u00e7\u00f5es intensivas.<\/li>\n<\/ul>","protected":false},"excerpt":{"rendered":"<p>Esta \u00e9 uma bateria de i\u00f5es de l\u00edtio de alta capacidade para r\u00e1dios APX da Motorola. Esta bateria de substitui\u00e7\u00e3o RayTalk foi concebida para os r\u00e1dios da s\u00e9rie APX da Motorola e para os r\u00e1dios SPX, incluindo o APX 6000, APX 7000, APX 8000 e SPX 2200.<br \/>\nA bateria de alta capacidade at\u00e9 3000mAh, com Panasonic 3400mAh opcional (dispon\u00edvel para impres), proporciona uma energia duradoura e reduz a frequ\u00eancia de recarga.<br \/>\nFabricada com qu\u00edmica de i\u00f5es de l\u00edtio, esta bateria de i\u00f5es de l\u00edtio proporciona uma maior densidade de energia e um desempenho mais est\u00e1vel do que as baterias normais.<br \/>\nOferece uma alimenta\u00e7\u00e3o fi\u00e1vel e de elevado desempenho para os r\u00e1dios bidireccionais da Motorola numa utiliza\u00e7\u00e3o di\u00e1ria exigente.<br \/>\nA RayTalk oferece uma bateria de substitui\u00e7\u00e3o fi\u00e1vel da Motorola, concebida para fornecer energia consistente a v\u00e1rios sistemas e produtos de comunica\u00e7\u00e3o.<\/p>\n<div id=\"gtx-trans\" style=\"position: absolute; left: 362px; top: 87.2px;\">\n<div class=\"gtx-trans-icon\"><\/div>\n<\/div>","protected":false},"featured_media":5150,"template":"","meta":[],"product_brand":[],"product_cat":[219,271,214],"product_tag":[],"class_list":{"0":"post-5147","1":"product","2":"type-product","3":"status-publish","4":"has-post-thumbnail","6":"product_cat-batteries-and-chargers","7":"product_cat-motorola","8":"product_cat-two-way-radio-accessories","10":"first","11":"instock","12":"shipping-taxable","13":"purchasable","14":"product-type-simple"},"_links":{"self":[{"href":"https:\/\/raytalkcomms.com\/pt\/wp-json\/wp\/v2\/product\/5147","targetHints":{"allow":["GET"]}}],"collection":[{"href":"https:\/\/raytalkcomms.com\/pt\/wp-json\/wp\/v2\/product"}],"about":[{"href":"https:\/\/raytalkcomms.com\/pt\/wp-json\/wp\/v2\/types\/product"}],"wp:featuredmedia":[{"embeddable":true,"href":"https:\/\/raytalkcomms.com\/pt\/wp-json\/wp\/v2\/media\/5150"}],"wp:attachment":[{"href":"https:\/\/raytalkcomms.com\/pt\/wp-json\/wp\/v2\/media?parent=5147"}],"wp:term":[{"taxonomy":"product_brand","embeddable":true,"href":"https:\/\/raytalkcomms.com\/pt\/wp-json\/wp\/v2\/product_brand?post=5147"},{"taxonomy":"product_cat","embeddable":true,"href":"https:\/\/raytalkcomms.com\/pt\/wp-json\/wp\/v2\/product_cat?post=5147"},{"taxonomy":"product_tag","embeddable":true,"href":"https:\/\/raytalkcomms.com\/pt\/wp-json\/wp\/v2\/product_tag?post=5147"}],"curies":[{"name":"wp","href":"https:\/\/api.w.org\/{rel}","templated":true}]}}