{"id":5137,"date":"2025-11-27T09:56:47","date_gmt":"2025-11-27T09:56:47","guid":{"rendered":"https:\/\/raytalkcomms.com\/?post_type=product&#038;p=5137"},"modified":"2025-12-05T03:50:31","modified_gmt":"2025-12-05T03:50:31","slug":"rpb-nntn6923a-replacement-li-ion-battery-for-motorola-dtr620-and-dtr-650","status":"publish","type":"product","link":"https:\/\/raytalkcomms.com\/pt\/produto\/rpb-nntn6923a-replacement-li-ion-battery-for-motorola-dtr620-and-dtr-650\/","title":{"rendered":"RPB-NNTN6923A Replacement Li-ion Battery for Motorola DTR620 and DTR 650"},"content":{"rendered":"<p>Carater\u00edsticas:<\/p>\n<ul>\n<li>Compatible with Motorola DTR series radio, including the DTR620 and DTR 650.<\/li>\n<li>1800mAh high-capacity battery supports extended use across shifts and long duty cycles.<\/li>\n<li>Baterias de i\u00f5es de l\u00edtio de elevado desempenho<\/li>\n<li>Proporciona at\u00e9 longas horas de funcionamento cont\u00ednuo.<\/li>\n<li>A bateria de substitui\u00e7\u00e3o genu\u00edna RayTalk oferece uma alternativa econ\u00f3mica aos pacotes OEM\/ODM.<\/li>\n<li>Concebido para uma utiliza\u00e7\u00e3o cr\u00edtica, com um desempenho est\u00e1vel em opera\u00e7\u00f5es intensivas.<\/li>\n<\/ul>","protected":false},"excerpt":{"rendered":"<p>This is a high-capacity replacement Li-ion battery for Motorola radios. This RayTalk rechargeable battery is designed for Motorola DTR series radios, including the DTR620 and DTR 650.<br \/>\nFornece energia de longa dura\u00e7\u00e3o sem necessidade de recarga, mesmo com utiliza\u00e7\u00e3o intensiva.<br \/>\nThe battery capacity is 1800 mAh. Made with Li-ion chemistry, this RPB-NNTN6923A battery delivers higher energy density and more stable performance than standard packs.<br \/>\nIt offers reliable, high-performance power for Motorola DTR series radios in demanding daily use.<br \/>\nAlthough this original Motorola pack has been discontinued, you can always find this replacement battery from RayTalk, which is the ideal battery for existing DTR series radios.<\/p>","protected":false},"featured_media":5139,"template":"","meta":[],"product_brand":[],"product_cat":[214,219,271],"product_tag":[],"class_list":{"0":"post-5137","1":"product","2":"type-product","3":"status-publish","4":"has-post-thumbnail","6":"product_cat-two-way-radio-accessories","7":"product_cat-batteries-and-chargers","8":"product_cat-motorola","10":"first","11":"instock","12":"shipping-taxable","13":"purchasable","14":"product-type-simple"},"_links":{"self":[{"href":"https:\/\/raytalkcomms.com\/pt\/wp-json\/wp\/v2\/product\/5137","targetHints":{"allow":["GET"]}}],"collection":[{"href":"https:\/\/raytalkcomms.com\/pt\/wp-json\/wp\/v2\/product"}],"about":[{"href":"https:\/\/raytalkcomms.com\/pt\/wp-json\/wp\/v2\/types\/product"}],"wp:featuredmedia":[{"embeddable":true,"href":"https:\/\/raytalkcomms.com\/pt\/wp-json\/wp\/v2\/media\/5139"}],"wp:attachment":[{"href":"https:\/\/raytalkcomms.com\/pt\/wp-json\/wp\/v2\/media?parent=5137"}],"wp:term":[{"taxonomy":"product_brand","embeddable":true,"href":"https:\/\/raytalkcomms.com\/pt\/wp-json\/wp\/v2\/product_brand?post=5137"},{"taxonomy":"product_cat","embeddable":true,"href":"https:\/\/raytalkcomms.com\/pt\/wp-json\/wp\/v2\/product_cat?post=5137"},{"taxonomy":"product_tag","embeddable":true,"href":"https:\/\/raytalkcomms.com\/pt\/wp-json\/wp\/v2\/product_tag?post=5137"}],"curies":[{"name":"wp","href":"https:\/\/api.w.org\/{rel}","templated":true}]}}