{"id":5124,"date":"2025-11-27T08:37:49","date_gmt":"2025-11-27T08:37:49","guid":{"rendered":"https:\/\/raytalkcomms.com\/?post_type=product&#038;p=5124"},"modified":"2025-12-05T03:50:31","modified_gmt":"2025-12-05T03:50:31","slug":"rpb-pmnn4077-type-c-option-rpb-pmnn4104-rpb-pmnn4065-rpb-pmnn4066-rpb-pmnn4069replacement-rechargeable-battery-for-motorola-radio","status":"publish","type":"product","link":"https:\/\/raytalkcomms.com\/pt\/produto\/rpb-pmnn4077-type-c-option-rpb-pmnn4104-rpb-pmnn4065-rpb-pmnn4066-rpb-pmnn4069replacement-rechargeable-battery-for-motorola-radio\/","title":{"rendered":"RPB-PMNN4077 Type-C option RPB-PMNN4104 RPB-PMNN4065 RPB-PMNN4066 RPB-PMNN4069Replacement Rechargeable Battery for Motorola Radio"},"content":{"rendered":"<h3>Carater\u00edsticas\uff1a<\/h3>\n<ul>\n<li>Compatible with Motorola P8200 P8268 P6500 P8260 P8800 DP3600 DP3601 DP3400 PD3401 DGP4150 XPR6000series portable radios.<\/li>\n<li>High-capacity LI-ION and NI-MH cells support extended use across shifts and long duty cycles.<\/li>\n<li>Rechargeable Battery High-performance LI-ION IMPRES and NI-MH batteries<\/li>\n<li>Proporciona at\u00e9 longas horas de funcionamento cont\u00ednuo.<\/li>\n<li>A bateria de substitui\u00e7\u00e3o genu\u00edna RayTalk oferece uma alternativa econ\u00f3mica aos pacotes OEM\/ODM.<\/li>\n<li>Concebido para uma utiliza\u00e7\u00e3o cr\u00edtica, com um desempenho est\u00e1vel em opera\u00e7\u00f5es intensivas.\u201d<\/li>\n<\/ul>","protected":false},"excerpt":{"rendered":"<p>This is a professional, high-quality replacement battery for Motorola radios. This RayTalk Rechargeable Battery is designed for Motorola radios, including P8200 P8268 P6500 P8260 P8800 DP3600 DP3601 DP3400 PD3401 DGP4150 XPR6000series<br \/>\nProporciona longas horas de energia sem necessidade de recarga, mesmo em condi\u00e7\u00f5es de utiliza\u00e7\u00e3o intensa.<br \/>\nThe battery capacity is panasonic 2600mAh, and other capacities can be customized upon request by contacting our team.<br \/>\nMade with LI-ION IMPRES and NI-MH cells, it offers reliable, cost-effective power for Motorola two-way radios in demanding daily use.<br \/>\nRayTalk offers dependable motorola radio battery engineered to provide consistent power for various communication systems and tools.<\/p>","protected":false},"featured_media":5126,"template":"","meta":[],"product_brand":[],"product_cat":[219,271,214],"product_tag":[],"class_list":{"0":"post-5124","1":"product","2":"type-product","3":"status-publish","4":"has-post-thumbnail","6":"product_cat-batteries-and-chargers","7":"product_cat-motorola","8":"product_cat-two-way-radio-accessories","10":"first","11":"instock","12":"shipping-taxable","13":"purchasable","14":"product-type-simple"},"_links":{"self":[{"href":"https:\/\/raytalkcomms.com\/pt\/wp-json\/wp\/v2\/product\/5124","targetHints":{"allow":["GET"]}}],"collection":[{"href":"https:\/\/raytalkcomms.com\/pt\/wp-json\/wp\/v2\/product"}],"about":[{"href":"https:\/\/raytalkcomms.com\/pt\/wp-json\/wp\/v2\/types\/product"}],"wp:featuredmedia":[{"embeddable":true,"href":"https:\/\/raytalkcomms.com\/pt\/wp-json\/wp\/v2\/media\/5126"}],"wp:attachment":[{"href":"https:\/\/raytalkcomms.com\/pt\/wp-json\/wp\/v2\/media?parent=5124"}],"wp:term":[{"taxonomy":"product_brand","embeddable":true,"href":"https:\/\/raytalkcomms.com\/pt\/wp-json\/wp\/v2\/product_brand?post=5124"},{"taxonomy":"product_cat","embeddable":true,"href":"https:\/\/raytalkcomms.com\/pt\/wp-json\/wp\/v2\/product_cat?post=5124"},{"taxonomy":"product_tag","embeddable":true,"href":"https:\/\/raytalkcomms.com\/pt\/wp-json\/wp\/v2\/product_tag?post=5124"}],"curies":[{"name":"wp","href":"https:\/\/api.w.org\/{rel}","templated":true}]}}