{"id":5107,"date":"2025-11-27T07:17:54","date_gmt":"2025-11-27T07:17:54","guid":{"rendered":"https:\/\/raytalkcomms.com\/?post_type=product&#038;p=5107"},"modified":"2025-12-05T03:50:31","modified_gmt":"2025-12-05T03:50:31","slug":"rpb-pmnn4807-replacement-rechargeable-battery-for-motorola-r7-radio","status":"publish","type":"product","link":"https:\/\/raytalkcomms.com\/pt\/produto\/rpb-pmnn4807-replacement-rechargeable-battery-for-motorola-r7-radio\/","title":{"rendered":"RPB-PMNN4807 Replacement Rechargeable Battery for Motorola R7 Radio"},"content":{"rendered":"<h3>Carater\u00edsticas\uff1a<\/h3>\n<ul>\n<li>Compatible with Motorola R7 portable radios.<\/li>\n<li>As c\u00e9lulas LI-ION de elevada capacidade permitem uma utiliza\u00e7\u00e3o prolongada em turnos e ciclos de funcionamento longos.<\/li>\n<li>High-performance LI-ION batteries for Motorola R7 Radio<\/li>\n<li>Proporciona at\u00e9 longas horas de funcionamento cont\u00ednuo.<\/li>\n<li>A bateria de substitui\u00e7\u00e3o genu\u00edna RayTalk oferece uma alternativa econ\u00f3mica aos pacotes OEM\/ODM.<\/li>\n<li>Concebido para uma utiliza\u00e7\u00e3o cr\u00edtica, com um desempenho est\u00e1vel em opera\u00e7\u00f5es intensivas.\u201d<\/li>\n<\/ul>","protected":false},"excerpt":{"rendered":"<p>This is a professional, high-quality replacement battery for Motorola R7 Radio. This RayTalk replacement battery is designed for Motorola radios, including R7<br \/>\nProporciona longas horas de energia sem necessidade de recarga, mesmo em condi\u00e7\u00f5es de utiliza\u00e7\u00e3o intensa.<br \/>\nThe battery capacity is panasonic 2250mAh, and other capacities can be customized upon request by contacting our team.<br \/>\nFabricado com c\u00e9lulas LI-ION, oferece uma alimenta\u00e7\u00e3o fi\u00e1vel e econ\u00f3mica para os r\u00e1dios bidireccionais da Motorola numa utiliza\u00e7\u00e3o di\u00e1ria exigente.<br \/>\nRayTalk offers dependable motorola radio battery engineered to provide consistent power for various communication systems and tools.<\/p>","protected":false},"featured_media":5105,"template":"","meta":[],"product_brand":[],"product_cat":[219,271,214],"product_tag":[],"class_list":{"0":"post-5107","1":"product","2":"type-product","3":"status-publish","4":"has-post-thumbnail","6":"product_cat-batteries-and-chargers","7":"product_cat-motorola","8":"product_cat-two-way-radio-accessories","10":"first","11":"instock","12":"shipping-taxable","13":"purchasable","14":"product-type-simple"},"_links":{"self":[{"href":"https:\/\/raytalkcomms.com\/pt\/wp-json\/wp\/v2\/product\/5107","targetHints":{"allow":["GET"]}}],"collection":[{"href":"https:\/\/raytalkcomms.com\/pt\/wp-json\/wp\/v2\/product"}],"about":[{"href":"https:\/\/raytalkcomms.com\/pt\/wp-json\/wp\/v2\/types\/product"}],"wp:featuredmedia":[{"embeddable":true,"href":"https:\/\/raytalkcomms.com\/pt\/wp-json\/wp\/v2\/media\/5105"}],"wp:attachment":[{"href":"https:\/\/raytalkcomms.com\/pt\/wp-json\/wp\/v2\/media?parent=5107"}],"wp:term":[{"taxonomy":"product_brand","embeddable":true,"href":"https:\/\/raytalkcomms.com\/pt\/wp-json\/wp\/v2\/product_brand?post=5107"},{"taxonomy":"product_cat","embeddable":true,"href":"https:\/\/raytalkcomms.com\/pt\/wp-json\/wp\/v2\/product_cat?post=5107"},{"taxonomy":"product_tag","embeddable":true,"href":"https:\/\/raytalkcomms.com\/pt\/wp-json\/wp\/v2\/product_tag?post=5107"}],"curies":[{"name":"wp","href":"https:\/\/api.w.org\/{rel}","templated":true}]}}