{"id":5096,"date":"2025-11-27T07:09:24","date_gmt":"2025-11-27T07:09:24","guid":{"rendered":"https:\/\/raytalkcomms.com\/?post_type=product&#038;p=5096"},"modified":"2025-12-05T02:40:47","modified_gmt":"2025-12-05T02:40:47","slug":"prb-nntn4851-replacement-rechargeable-battery-for-motorola-radio","status":"publish","type":"product","link":"https:\/\/raytalkcomms.com\/pt\/produto\/prb-nntn4851-replacement-rechargeable-battery-for-motorola-radio\/","title":{"rendered":"PRB-NNTN4851 Replacement Rechargeable Battery for Motorola Radio"},"content":{"rendered":"<h3>Carater\u00edsticas\uff1a<\/h3>\n<ul>\n<li>Compatible with Motorola GP3688 P3688 CP140 CP040 EP450 CP380 DP1400 CP150 CP200 portable radios.<\/li>\n<li>As c\u00e9lulas NI-MH de elevada capacidade permitem uma utiliza\u00e7\u00e3o prolongada em turnos e ciclos de funcionamento longos.<\/li>\n<li>Rechargeable Battery High-performance NI-MH batteries<\/li>\n<li>Proporciona at\u00e9 longas horas de funcionamento cont\u00ednuo.<\/li>\n<li>A bateria de substitui\u00e7\u00e3o genu\u00edna RayTalk oferece uma alternativa econ\u00f3mica aos pacotes OEM\/ODM.<\/li>\n<li>Concebido para uma utiliza\u00e7\u00e3o cr\u00edtica, com um desempenho est\u00e1vel em opera\u00e7\u00f5es intensivas.\u201d<\/li>\n<\/ul>","protected":false},"excerpt":{"rendered":"<p>This is a professional, high-quality replacement battery for Motorola radios. This RayTalk Rechargeable Battery is designed for Motorola radios, including GP3688 P3688 CP140 CP040 EP450 CP380 DP1400 CP150 CP200<br \/>\nProporciona longas horas de energia sem necessidade de recarga, mesmo em condi\u00e7\u00f5es de utiliza\u00e7\u00e3o intensa.<br \/>\nThe battery capacity is2100mAh, and other capacities can be customized upon request by contacting our team.<br \/>\nMade with NI-MH cells, it offers reliable, cost-effective power for Motorola two-way radios in demanding daily use.<br \/>\nRayTalk offers dependable motorola radio battery engineered to provide consistent power for various communication systems and tools.<\/p>","protected":false},"featured_media":5102,"template":"","meta":[],"product_brand":[],"product_cat":[219,271,214],"product_tag":[],"class_list":{"0":"post-5096","1":"product","2":"type-product","3":"status-publish","4":"has-post-thumbnail","6":"product_cat-batteries-and-chargers","7":"product_cat-motorola","8":"product_cat-two-way-radio-accessories","10":"first","11":"instock","12":"shipping-taxable","13":"purchasable","14":"product-type-simple"},"_links":{"self":[{"href":"https:\/\/raytalkcomms.com\/pt\/wp-json\/wp\/v2\/product\/5096","targetHints":{"allow":["GET"]}}],"collection":[{"href":"https:\/\/raytalkcomms.com\/pt\/wp-json\/wp\/v2\/product"}],"about":[{"href":"https:\/\/raytalkcomms.com\/pt\/wp-json\/wp\/v2\/types\/product"}],"wp:featuredmedia":[{"embeddable":true,"href":"https:\/\/raytalkcomms.com\/pt\/wp-json\/wp\/v2\/media\/5102"}],"wp:attachment":[{"href":"https:\/\/raytalkcomms.com\/pt\/wp-json\/wp\/v2\/media?parent=5096"}],"wp:term":[{"taxonomy":"product_brand","embeddable":true,"href":"https:\/\/raytalkcomms.com\/pt\/wp-json\/wp\/v2\/product_brand?post=5096"},{"taxonomy":"product_cat","embeddable":true,"href":"https:\/\/raytalkcomms.com\/pt\/wp-json\/wp\/v2\/product_cat?post=5096"},{"taxonomy":"product_tag","embeddable":true,"href":"https:\/\/raytalkcomms.com\/pt\/wp-json\/wp\/v2\/product_tag?post=5096"}],"curies":[{"name":"wp","href":"https:\/\/api.w.org\/{rel}","templated":true}]}}