{"id":5063,"date":"2025-11-25T09:36:36","date_gmt":"2025-11-25T09:36:36","guid":{"rendered":"https:\/\/raytalkcomms.com\/?post_type=product&#038;p=5063"},"modified":"2025-12-05T03:50:31","modified_gmt":"2025-12-05T03:50:31","slug":"rpb-nntn4497type-c-option-replacement-rechargeable-battery-for-motorola-radio","status":"publish","type":"product","link":"https:\/\/raytalkcomms.com\/pt\/produto\/rpb-nntn4497type-c-option-replacement-rechargeable-battery-for-motorola-radio\/","title":{"rendered":"RPB-NNTN4497 Bateria recarreg\u00e1vel de substitui\u00e7\u00e3o com op\u00e7\u00e3o de tipo C para r\u00e1dio Motorola"},"content":{"rendered":"<h3>Carater\u00edsticas\uff1a<\/h3>\n<ul>\n<li>Compat\u00edvel com os r\u00e1dios port\u00e1teis Motorola GP3688, P3688, CP140, GP040, EP450, CP380, DP1400, CP150, CP200, PRO5150.<\/li>\n<li>As c\u00e9lulas LI-ION de elevada capacidade permitem uma utiliza\u00e7\u00e3o prolongada em turnos e ciclos de funcionamento longos.<\/li>\n<li>Bateria recarreg\u00e1vel Baterias de i\u00f5es de l\u00edtio de elevado desempenho<\/li>\n<li>Proporciona at\u00e9 longas horas de funcionamento cont\u00ednuo.<\/li>\n<li>A bateria de substitui\u00e7\u00e3o genu\u00edna RayTalk oferece uma alternativa econ\u00f3mica aos pacotes OEM\/ODM.<\/li>\n<li>Concebido para uma utiliza\u00e7\u00e3o cr\u00edtica, com um desempenho est\u00e1vel em opera\u00e7\u00f5es intensivas.\u201d<\/li>\n<\/ul>","protected":false},"excerpt":{"rendered":"<p>Esta \u00e9 uma bateria de substitui\u00e7\u00e3o profissional e de alta qualidade para r\u00e1dios Motorola. Esta bateria recarreg\u00e1vel RayTalk foi concebida para r\u00e1dios Motorola, incluindo GP3688 P3688 CP140 GP040 EP450 CP380 DP1400 CP150 CP200 PRO5150<br \/>\nProporciona longas horas de energia sem necessidade de recarga, mesmo em condi\u00e7\u00f5es de utiliza\u00e7\u00e3o intensa.<br \/>\nA capacidade da bateria \u00e9 de 2200mAh, e outras capacidades podem ser personalizadas mediante pedido, contactando a nossa equipa.<br \/>\nFabricado com c\u00e9lulas LI-ION, oferece uma alimenta\u00e7\u00e3o fi\u00e1vel e econ\u00f3mica para os r\u00e1dios bidireccionais da Motorola numa utiliza\u00e7\u00e3o di\u00e1ria exigente.<br \/>\nA RayTalk oferece uma bateria de r\u00e1dio motorola fi\u00e1vel, concebida para fornecer energia consistente a v\u00e1rios sistemas e ferramentas de comunica\u00e7\u00e3o.\u201d<\/p>","protected":false},"featured_media":5146,"template":"","meta":[],"product_brand":[],"product_cat":[219,271,214],"product_tag":[],"class_list":{"0":"post-5063","1":"product","2":"type-product","3":"status-publish","4":"has-post-thumbnail","6":"product_cat-batteries-and-chargers","7":"product_cat-motorola","8":"product_cat-two-way-radio-accessories","10":"first","11":"instock","12":"shipping-taxable","13":"purchasable","14":"product-type-simple"},"_links":{"self":[{"href":"https:\/\/raytalkcomms.com\/pt\/wp-json\/wp\/v2\/product\/5063","targetHints":{"allow":["GET"]}}],"collection":[{"href":"https:\/\/raytalkcomms.com\/pt\/wp-json\/wp\/v2\/product"}],"about":[{"href":"https:\/\/raytalkcomms.com\/pt\/wp-json\/wp\/v2\/types\/product"}],"wp:featuredmedia":[{"embeddable":true,"href":"https:\/\/raytalkcomms.com\/pt\/wp-json\/wp\/v2\/media\/5146"}],"wp:attachment":[{"href":"https:\/\/raytalkcomms.com\/pt\/wp-json\/wp\/v2\/media?parent=5063"}],"wp:term":[{"taxonomy":"product_brand","embeddable":true,"href":"https:\/\/raytalkcomms.com\/pt\/wp-json\/wp\/v2\/product_brand?post=5063"},{"taxonomy":"product_cat","embeddable":true,"href":"https:\/\/raytalkcomms.com\/pt\/wp-json\/wp\/v2\/product_cat?post=5063"},{"taxonomy":"product_tag","embeddable":true,"href":"https:\/\/raytalkcomms.com\/pt\/wp-json\/wp\/v2\/product_tag?post=5063"}],"curies":[{"name":"wp","href":"https:\/\/api.w.org\/{rel}","templated":true}]}}