{"id":4799,"date":"2025-11-17T09:00:26","date_gmt":"2025-11-17T09:00:26","guid":{"rendered":"https:\/\/raytalkcomms.com\/?post_type=product&#038;p=4799"},"modified":"2025-12-04T02:35:13","modified_gmt":"2025-12-04T02:35:13","slug":"epac-03z-high-quality-police-earphones-acoustic-coiled-tube","status":"publish","type":"product","link":"https:\/\/raytalkcomms.com\/pt\/produto\/epac-03z-high-quality-police-earphones-acoustic-coiled-tube\/","title":{"rendered":"EPAC-03Z Auriculares de pol\u00edcia de alta qualidade Tubo ac\u00fastico em espiral"},"content":{"rendered":"<h3>Carater\u00edsticas:<\/h3>\n<ul>\n<li>Clear acoustic tube<\/li>\n<li>Includes ear bud and elbow<\/li>\n<li>Coiled design<\/li>\n<li>Compatible with the RayTalk E-45 earhook<\/li>\n<\/ul>","protected":false},"excerpt":{"rendered":"<p>Police earphones and other radio earpieces can use the EPAC-03Z as a reliable replacement tube. The EPAC-03Z is a replacement part for an in-ear earpiece for a radio. This clear tube assembly includes the earbud and elbow. Earpiece headsets built with the E-45 can adopt EPAC-03Z as the replacement part.<br \/>\nReplacing damaged or aging parts regularly helps extend the life of your communications headset. With a wide range of options, RayTalk consistently supplies dependable surveillance kit accessories.<\/p>","protected":false},"featured_media":4798,"template":"","meta":[],"product_brand":[],"product_cat":[214,218],"product_tag":[],"class_list":{"0":"post-4799","1":"product","2":"type-product","3":"status-publish","4":"has-post-thumbnail","6":"product_cat-two-way-radio-accessories","7":"product_cat-spare-parts","9":"first","10":"instock","11":"shipping-taxable","12":"purchasable","13":"product-type-simple"},"_links":{"self":[{"href":"https:\/\/raytalkcomms.com\/pt\/wp-json\/wp\/v2\/product\/4799","targetHints":{"allow":["GET"]}}],"collection":[{"href":"https:\/\/raytalkcomms.com\/pt\/wp-json\/wp\/v2\/product"}],"about":[{"href":"https:\/\/raytalkcomms.com\/pt\/wp-json\/wp\/v2\/types\/product"}],"wp:featuredmedia":[{"embeddable":true,"href":"https:\/\/raytalkcomms.com\/pt\/wp-json\/wp\/v2\/media\/4798"}],"wp:attachment":[{"href":"https:\/\/raytalkcomms.com\/pt\/wp-json\/wp\/v2\/media?parent=4799"}],"wp:term":[{"taxonomy":"product_brand","embeddable":true,"href":"https:\/\/raytalkcomms.com\/pt\/wp-json\/wp\/v2\/product_brand?post=4799"},{"taxonomy":"product_cat","embeddable":true,"href":"https:\/\/raytalkcomms.com\/pt\/wp-json\/wp\/v2\/product_cat?post=4799"},{"taxonomy":"product_tag","embeddable":true,"href":"https:\/\/raytalkcomms.com\/pt\/wp-json\/wp\/v2\/product_tag?post=4799"}],"curies":[{"name":"wp","href":"https:\/\/api.w.org\/{rel}","templated":true}]}}