{"id":4790,"date":"2025-11-17T07:30:29","date_gmt":"2025-11-17T07:30:29","guid":{"rendered":"https:\/\/raytalkcomms.com\/?post_type=product&#038;p=4790"},"modified":"2025-12-04T02:37:05","modified_gmt":"2025-12-04T02:37:05","slug":"epac-03-clear-air-audio-tube-with-mushroom-bud-for-radio-surveillance-kit","status":"publish","type":"product","link":"https:\/\/raytalkcomms.com\/pt\/produto\/epac-03-clear-air-audio-tube-with-mushroom-bud-for-radio-surveillance-kit\/","title":{"rendered":"EPAC-03 Tubo de \u00e1udio Clear Air com bot\u00e3o em forma de cogumelo para kit de vigil\u00e2ncia por r\u00e1dio"},"content":{"rendered":"<h3>Carater\u00edsticas:<\/h3>\n<ul>\n<li>Clear acoustic tube with earbud<\/li>\n<li>Coiled design<\/li>\n<\/ul>","protected":false},"excerpt":{"rendered":"<p>EPAC-03 is a replacement clear acoustic tube for radio surveillance kits. It includes a mushroom earbud to improve fit and usability with the surveillance kit. It not only works with standard radio earpiece, it also works with most RayTalk series acoustic tube earpieces. E.g. EM-4238T, EM-4238P, EM-4132, etc.<\/p>\n<p>RayTalk has always provided reliable communication accessories. The price ratio of durable acoustic tube is very commendable.<\/p>\n<div id=\"gtx-trans\" style=\"position: absolute; left: 517px; top: 15.2px;\">\n<div class=\"gtx-trans-icon\"><\/div>\n<\/div>","protected":false},"featured_media":4791,"template":"","meta":[],"product_brand":[],"product_cat":[214,218],"product_tag":[],"class_list":{"0":"post-4790","1":"product","2":"type-product","3":"status-publish","4":"has-post-thumbnail","6":"product_cat-two-way-radio-accessories","7":"product_cat-spare-parts","9":"first","10":"instock","11":"shipping-taxable","12":"purchasable","13":"product-type-simple"},"_links":{"self":[{"href":"https:\/\/raytalkcomms.com\/pt\/wp-json\/wp\/v2\/product\/4790","targetHints":{"allow":["GET"]}}],"collection":[{"href":"https:\/\/raytalkcomms.com\/pt\/wp-json\/wp\/v2\/product"}],"about":[{"href":"https:\/\/raytalkcomms.com\/pt\/wp-json\/wp\/v2\/types\/product"}],"wp:featuredmedia":[{"embeddable":true,"href":"https:\/\/raytalkcomms.com\/pt\/wp-json\/wp\/v2\/media\/4791"}],"wp:attachment":[{"href":"https:\/\/raytalkcomms.com\/pt\/wp-json\/wp\/v2\/media?parent=4790"}],"wp:term":[{"taxonomy":"product_brand","embeddable":true,"href":"https:\/\/raytalkcomms.com\/pt\/wp-json\/wp\/v2\/product_brand?post=4790"},{"taxonomy":"product_cat","embeddable":true,"href":"https:\/\/raytalkcomms.com\/pt\/wp-json\/wp\/v2\/product_cat?post=4790"},{"taxonomy":"product_tag","embeddable":true,"href":"https:\/\/raytalkcomms.com\/pt\/wp-json\/wp\/v2\/product_tag?post=4790"}],"curies":[{"name":"wp","href":"https:\/\/api.w.org\/{rel}","templated":true}]}}