{"id":4784,"date":"2025-11-17T07:08:40","date_gmt":"2025-11-17T07:08:40","guid":{"rendered":"https:\/\/raytalkcomms.com\/?post_type=product&#038;p=4784"},"modified":"2025-12-04T02:40:34","modified_gmt":"2025-12-04T02:40:34","slug":"epac-01x-replacement-transparent-acoustic-tube-earpiece-hook","status":"publish","type":"product","link":"https:\/\/raytalkcomms.com\/pt\/produto\/epac-01x-replacement-transparent-acoustic-tube-earpiece-hook\/","title":{"rendered":"EPAC-01X\/01BX Gancho de auricular transparente para tubo ac\u00fastico de substitui\u00e7\u00e3o"},"content":{"rendered":"<h3>Carater\u00edsticas:<\/h3>\n<ul>\n<li>Acoustic tube comes with an earbud<\/li>\n<li>Available in clear or black earpiece hook<\/li>\n<\/ul>","protected":false},"excerpt":{"rendered":"<p>EPAC-01X\/01BX is a transparent acoustic tube set for your walkie talkie earpiece hook, supplied with an elbow and earbud for fast, clean replacement. It fits all RayTalk earpieces and headsets, including EM-4342, EM-4238N, and EM-3927.<\/p>\n<p>This interchangeable airtube accessory includes the Clear Eartube (EPAC-01X) and the Black Acoustic Tube (EPAC-01BX). The EPAC-01X\/01BX transparent acoustic tube comes with an earbud, so you don\u2019t need to purchase additional earbuds for assembly.<\/p>\n<p>RayTalk has always provided reliable communication solutions. Professional and durable acoustic tube at a great price.<\/p>","protected":false},"featured_media":4785,"template":"","meta":[],"product_brand":[],"product_cat":[218,214],"product_tag":[],"class_list":{"0":"post-4784","1":"product","2":"type-product","3":"status-publish","4":"has-post-thumbnail","6":"product_cat-spare-parts","7":"product_cat-two-way-radio-accessories","9":"first","10":"instock","11":"shipping-taxable","12":"purchasable","13":"product-type-simple"},"_links":{"self":[{"href":"https:\/\/raytalkcomms.com\/pt\/wp-json\/wp\/v2\/product\/4784","targetHints":{"allow":["GET"]}}],"collection":[{"href":"https:\/\/raytalkcomms.com\/pt\/wp-json\/wp\/v2\/product"}],"about":[{"href":"https:\/\/raytalkcomms.com\/pt\/wp-json\/wp\/v2\/types\/product"}],"wp:featuredmedia":[{"embeddable":true,"href":"https:\/\/raytalkcomms.com\/pt\/wp-json\/wp\/v2\/media\/4785"}],"wp:attachment":[{"href":"https:\/\/raytalkcomms.com\/pt\/wp-json\/wp\/v2\/media?parent=4784"}],"wp:term":[{"taxonomy":"product_brand","embeddable":true,"href":"https:\/\/raytalkcomms.com\/pt\/wp-json\/wp\/v2\/product_brand?post=4784"},{"taxonomy":"product_cat","embeddable":true,"href":"https:\/\/raytalkcomms.com\/pt\/wp-json\/wp\/v2\/product_cat?post=4784"},{"taxonomy":"product_tag","embeddable":true,"href":"https:\/\/raytalkcomms.com\/pt\/wp-json\/wp\/v2\/product_tag?post=4784"}],"curies":[{"name":"wp","href":"https:\/\/api.w.org\/{rel}","templated":true}]}}