{"id":4699,"date":"2025-11-13T03:57:39","date_gmt":"2025-11-13T03:57:39","guid":{"rendered":"https:\/\/raytalkcomms.com\/?post_type=product&#038;p=4699"},"modified":"2025-12-30T06:56:03","modified_gmt":"2025-12-30T06:56:03","slug":"ap-c1-m1-caltta-ph600-series-to-motorola-2-pin-adapter","status":"publish","type":"product","link":"https:\/\/raytalkcomms.com\/pt\/produto\/ap-c1-m1-caltta-ph600-series-to-motorola-2-pin-adapter\/","title":{"rendered":"AP-C1-M1 Adaptador da s\u00e9rie Caltta PH600 para Motorola de 2 pinos"},"content":{"rendered":"<h3>Carater\u00edsticas:<\/h3>\n<ul>\n<li>Adaptador para acess\u00f3rios Caltta da s\u00e9rie PH600 para Motorola de 2 pinos<\/li>\n<li>Liga\u00e7\u00e3o r\u00e1pida para se ligar \u00e0 sua equipa<\/li>\n<li>Caixa robusta com al\u00edvio de tens\u00e3o moldado para utiliza\u00e7\u00e3o no terreno<\/li>\n<li>Caminho de \u00e1udio claro e fi\u00e1vel para as opera\u00e7\u00f5es di\u00e1rias<\/li>\n<li>Ajuda a normalizar as pe\u00e7as sobresselentes em invent\u00e1rios mistos<\/li>\n<li>Reduz a complexidade da forma\u00e7\u00e3o e das aquisi\u00e7\u00f5es<\/li>\n<li>Ideal para equipas de seguran\u00e7a, eventos e produ\u00e7\u00e3o em alugueres de v\u00e1rios locais<\/li>\n<\/ul>","protected":false},"excerpt":{"rendered":"<p>O adaptador AP-C1-M1 Caltta da s\u00e9rie PH600 para Motorola de 2 pinos preenche a lacuna de acess\u00f3rios para empresas de seguran\u00e7a e equipas de produ\u00e7\u00e3o de TV que utilizam r\u00e1dios Caltta.<br \/>\nMuitos compradores enfrentam invent\u00e1rios mistos e fichas incompat\u00edveis. Este adaptador AP-C1-M1 permite que os r\u00e1dios PH600 Caltta aceitem auscultadores, auriculares e PTTs amplamente dispon\u00edveis com uma ficha de 2 pinos Motorola.<br \/>\nImplemente equipamento comprovado sem necessidade de voltar a ligar ou treinar. Um inv\u00f3lucro robusto e al\u00edvio de tens\u00e3o suportam o uso di\u00e1rio no campo. Padronize as pe\u00e7as sobressalentes, reduza os custos e mantenha as opera\u00e7\u00f5es de r\u00e1dio da s\u00e9rie PH600 consistentes entre equipas de aluguer e de v\u00e1rios locais.<\/p>\n<div id=\"gtx-trans\" style=\"position: absolute; left: 156px; top: 111.2px;\">\n<div class=\"gtx-trans-icon\"><\/div>\n<\/div>","protected":false},"featured_media":4698,"template":"","meta":[],"product_brand":[],"product_cat":[214,307],"product_tag":[],"class_list":{"0":"post-4699","1":"product","2":"type-product","3":"status-publish","4":"has-post-thumbnail","6":"product_cat-two-way-radio-accessories","7":"product_cat-audio-adapter","9":"first","10":"instock","11":"shipping-taxable","12":"purchasable","13":"product-type-simple"},"_links":{"self":[{"href":"https:\/\/raytalkcomms.com\/pt\/wp-json\/wp\/v2\/product\/4699","targetHints":{"allow":["GET"]}}],"collection":[{"href":"https:\/\/raytalkcomms.com\/pt\/wp-json\/wp\/v2\/product"}],"about":[{"href":"https:\/\/raytalkcomms.com\/pt\/wp-json\/wp\/v2\/types\/product"}],"wp:featuredmedia":[{"embeddable":true,"href":"https:\/\/raytalkcomms.com\/pt\/wp-json\/wp\/v2\/media\/4698"}],"wp:attachment":[{"href":"https:\/\/raytalkcomms.com\/pt\/wp-json\/wp\/v2\/media?parent=4699"}],"wp:term":[{"taxonomy":"product_brand","embeddable":true,"href":"https:\/\/raytalkcomms.com\/pt\/wp-json\/wp\/v2\/product_brand?post=4699"},{"taxonomy":"product_cat","embeddable":true,"href":"https:\/\/raytalkcomms.com\/pt\/wp-json\/wp\/v2\/product_cat?post=4699"},{"taxonomy":"product_tag","embeddable":true,"href":"https:\/\/raytalkcomms.com\/pt\/wp-json\/wp\/v2\/product_tag?post=4699"}],"curies":[{"name":"wp","href":"https:\/\/api.w.org\/{rel}","templated":true}]}}