{"id":4685,"date":"2025-11-12T11:01:44","date_gmt":"2025-11-12T11:01:44","guid":{"rendered":"https:\/\/raytalkcomms.com\/?post_type=product&#038;p=4685"},"modified":"2025-12-30T06:56:35","modified_gmt":"2025-12-30T06:56:35","slug":"ap-m11-m1-motorola-walkie-talkie-earpiece-adapter-dp2400-2600-connector-to-2-pin-connector","status":"publish","type":"product","link":"https:\/\/raytalkcomms.com\/pt\/produto\/ap-m11-m1-motorola-walkie-talkie-earpiece-adapter-dp2400-2600-connector-to-2-pin-connector\/","title":{"rendered":"AP-M11-M1 Adaptador de auscultador de walkie-talkie Motorola - conetor DP2400\/2600 para conetor de 2 pinos"},"content":{"rendered":"<h3>Carater\u00edsticas:<\/h3>\n<ul>\n<li>Este adaptador de \u00e1udio converte o conetor de v\u00e1rios pinos dos r\u00e1dios Motorola numa ficha normal de 2 pinos.<\/li>\n<li>Permite a utiliza\u00e7\u00e3o de acess\u00f3rios Quick Disconnect, oferecendo uma comodidade superior tanto para utilizadores individuais como para grandes equipas. Ao minimizar as frequentes opera\u00e7\u00f5es de ligar e desligar<\/li>\n<li>protege a porta do seu r\u00e1dio contra o desgaste, prolongando a vida \u00fatil do equipamento e proporcionando uma solu\u00e7\u00e3o mais econ\u00f3mica do que a utiliza\u00e7\u00e3o de uma ficha direta<\/li>\n<\/ul>","protected":false},"excerpt":{"rendered":"<p>AP-M11-M1 Adaptador de auscultador para walkie talkie Motorola converte um walkie talkie motorola<br \/>\nDP2400\/2600\/2000 conetor (M) para conetor de \u00e1udio de 2 pinos (MI) Adaptador para o seu<br \/>\nr\u00e1dio bidirecional motorola.<\/p>","protected":false},"featured_media":4682,"template":"","meta":[],"product_brand":[],"product_cat":[307,214],"product_tag":[],"class_list":{"0":"post-4685","1":"product","2":"type-product","3":"status-publish","4":"has-post-thumbnail","6":"product_cat-audio-adapter","7":"product_cat-two-way-radio-accessories","9":"first","10":"instock","11":"shipping-taxable","12":"purchasable","13":"product-type-simple"},"_links":{"self":[{"href":"https:\/\/raytalkcomms.com\/pt\/wp-json\/wp\/v2\/product\/4685","targetHints":{"allow":["GET"]}}],"collection":[{"href":"https:\/\/raytalkcomms.com\/pt\/wp-json\/wp\/v2\/product"}],"about":[{"href":"https:\/\/raytalkcomms.com\/pt\/wp-json\/wp\/v2\/types\/product"}],"wp:featuredmedia":[{"embeddable":true,"href":"https:\/\/raytalkcomms.com\/pt\/wp-json\/wp\/v2\/media\/4682"}],"wp:attachment":[{"href":"https:\/\/raytalkcomms.com\/pt\/wp-json\/wp\/v2\/media?parent=4685"}],"wp:term":[{"taxonomy":"product_brand","embeddable":true,"href":"https:\/\/raytalkcomms.com\/pt\/wp-json\/wp\/v2\/product_brand?post=4685"},{"taxonomy":"product_cat","embeddable":true,"href":"https:\/\/raytalkcomms.com\/pt\/wp-json\/wp\/v2\/product_cat?post=4685"},{"taxonomy":"product_tag","embeddable":true,"href":"https:\/\/raytalkcomms.com\/pt\/wp-json\/wp\/v2\/product_tag?post=4685"}],"curies":[{"name":"wp","href":"https:\/\/api.w.org\/{rel}","templated":true}]}}