{"id":4673,"date":"2025-12-04T07:26:51","date_gmt":"2025-12-04T07:26:51","guid":{"rendered":"https:\/\/raytalkcomms.com\/?post_type=product&#038;p=4673"},"modified":"2025-12-30T06:49:36","modified_gmt":"2025-12-30T06:49:36","slug":"ap-m3-m1-earpiece-adapter-motorola-multi-pin-connector-to-motorola-2-pin-connector","status":"publish","type":"product","link":"https:\/\/raytalkcomms.com\/pt\/produto\/ap-m3-m1-earpiece-adapter-motorola-multi-pin-connector-to-motorola-2-pin-connector\/","title":{"rendered":"Adaptador de auscultador AP-M3-M1 Conector multipinos Motorola para conetor de 2 pinos Motorola"},"content":{"rendered":"<h3>Carater\u00edsticas:<\/h3>\n<ul>\n<li>Adaptador para converter r\u00e1dios Motorola de v\u00e1rios pinos para utiliza\u00e7\u00e3o com acess\u00f3rios \u00e1udio Motorola de 2 pinos<\/li>\n<li>Pr\u00e1tico bot\u00e3o Push-to-Talk localizado diretamente no adaptador<\/li>\n<li>A tampa anti-p\u00f3 incorporada permite-lhe tapar a tomada de \u00e1udio quando n\u00e3o est\u00e1 a ser utilizada \u201c<\/li>\n<\/ul>","protected":false},"excerpt":{"rendered":"<p>O adaptador de auscultador AP-M3-M1 converte um conetor multipinos (M3) da Motorola num conetor de \u00e1udio de 2 pinos (M1) da Motorola para o seu r\u00e1dio bidirecional Motorola.<\/p>","protected":false},"featured_media":5394,"template":"","meta":[],"product_brand":[],"product_cat":[214,307],"product_tag":[],"class_list":{"0":"post-4673","1":"product","2":"type-product","3":"status-publish","4":"has-post-thumbnail","6":"product_cat-two-way-radio-accessories","7":"product_cat-audio-adapter","9":"first","10":"instock","11":"shipping-taxable","12":"purchasable","13":"product-type-simple"},"_links":{"self":[{"href":"https:\/\/raytalkcomms.com\/pt\/wp-json\/wp\/v2\/product\/4673","targetHints":{"allow":["GET"]}}],"collection":[{"href":"https:\/\/raytalkcomms.com\/pt\/wp-json\/wp\/v2\/product"}],"about":[{"href":"https:\/\/raytalkcomms.com\/pt\/wp-json\/wp\/v2\/types\/product"}],"wp:featuredmedia":[{"embeddable":true,"href":"https:\/\/raytalkcomms.com\/pt\/wp-json\/wp\/v2\/media\/5394"}],"wp:attachment":[{"href":"https:\/\/raytalkcomms.com\/pt\/wp-json\/wp\/v2\/media?parent=4673"}],"wp:term":[{"taxonomy":"product_brand","embeddable":true,"href":"https:\/\/raytalkcomms.com\/pt\/wp-json\/wp\/v2\/product_brand?post=4673"},{"taxonomy":"product_cat","embeddable":true,"href":"https:\/\/raytalkcomms.com\/pt\/wp-json\/wp\/v2\/product_cat?post=4673"},{"taxonomy":"product_tag","embeddable":true,"href":"https:\/\/raytalkcomms.com\/pt\/wp-json\/wp\/v2\/product_tag?post=4673"}],"curies":[{"name":"wp","href":"https:\/\/api.w.org\/{rel}","templated":true}]}}