{"id":4666,"date":"2025-11-12T09:47:25","date_gmt":"2025-11-12T09:47:25","guid":{"rendered":"https:\/\/raytalkcomms.com\/?post_type=product&#038;p=4666"},"modified":"2025-12-30T06:57:43","modified_gmt":"2025-12-30T06:57:43","slug":"ap-k2-k1-kenwood-radio-earpiece-adapter-kenwood-multi-pin-to-2pin-connector-adapter","status":"publish","type":"product","link":"https:\/\/raytalkcomms.com\/pt\/produto\/ap-k2-k1-kenwood-radio-earpiece-adapter-kenwood-multi-pin-to-2pin-connector-adapter\/","title":{"rendered":"AP-K2-K1 Adaptador de auscultador para r\u00e1dio Kenwood - Adaptador de conetor multipinos para 2 pinos Kenwood"},"content":{"rendered":"<h3>Carater\u00edsticas:<\/h3>\n<ul>\n<li>Ligue os seus acess\u00f3rios \u00e1udio de 2 pinos aos r\u00e1dios Kenwood com portas multipinos.<\/li>\n<li>Este adaptador alarga as suas op\u00e7\u00f5es de auscultadores e altifalantes, garantindo a compatibilidade com modelos populares como o NX-200\/NX-300, TK-190, TK-2180, TK-280, TK-3180, TK-390 e as s\u00e9ries TK-5200 e TK-5400.<\/li>\n<\/ul>","protected":false},"excerpt":{"rendered":"<p>AP-03 O adaptador de auscultador para r\u00e1dio Kenwood converte um conetor Kenwood de v\u00e1rios pinos (K2) num conetor Kenwood de 2 pinos (KI) Adaptador de conetor \u00e1udio para o seu r\u00e1dio Kenwood de duas vias.<\/p>","protected":false},"featured_media":4667,"template":"","meta":[],"product_brand":[],"product_cat":[307,214],"product_tag":[],"class_list":{"0":"post-4666","1":"product","2":"type-product","3":"status-publish","4":"has-post-thumbnail","6":"product_cat-audio-adapter","7":"product_cat-two-way-radio-accessories","9":"first","10":"instock","11":"shipping-taxable","12":"purchasable","13":"product-type-simple"},"_links":{"self":[{"href":"https:\/\/raytalkcomms.com\/pt\/wp-json\/wp\/v2\/product\/4666","targetHints":{"allow":["GET"]}}],"collection":[{"href":"https:\/\/raytalkcomms.com\/pt\/wp-json\/wp\/v2\/product"}],"about":[{"href":"https:\/\/raytalkcomms.com\/pt\/wp-json\/wp\/v2\/types\/product"}],"wp:featuredmedia":[{"embeddable":true,"href":"https:\/\/raytalkcomms.com\/pt\/wp-json\/wp\/v2\/media\/4667"}],"wp:attachment":[{"href":"https:\/\/raytalkcomms.com\/pt\/wp-json\/wp\/v2\/media?parent=4666"}],"wp:term":[{"taxonomy":"product_brand","embeddable":true,"href":"https:\/\/raytalkcomms.com\/pt\/wp-json\/wp\/v2\/product_brand?post=4666"},{"taxonomy":"product_cat","embeddable":true,"href":"https:\/\/raytalkcomms.com\/pt\/wp-json\/wp\/v2\/product_cat?post=4666"},{"taxonomy":"product_tag","embeddable":true,"href":"https:\/\/raytalkcomms.com\/pt\/wp-json\/wp\/v2\/product_tag?post=4666"}],"curies":[{"name":"wp","href":"https:\/\/api.w.org\/{rel}","templated":true}]}}