{"id":4588,"date":"2025-11-11T08:55:23","date_gmt":"2025-11-11T08:55:23","guid":{"rendered":"https:\/\/raytalkcomms.com\/?post_type=product&#038;p=4588"},"modified":"2025-12-19T11:45:35","modified_gmt":"2025-12-19T11:45:35","slug":"e-42-lok-1-single-wire-coiled-clear-tube-earphone","status":"publish","type":"product","link":"https:\/\/raytalkcomms.com\/pt\/produto\/e-42-lok-1-single-wire-coiled-clear-tube-earphone\/","title":{"rendered":"E-42\/LOK 1 Auscultadores com tubo transparente enrolado de fio simples"},"content":{"rendered":"<h3>Carater\u00edsticas:<\/h3>\n<ul>\n<li>Auscultador com tubo transparente enrolado<\/li>\n<li>LOK 1 f\u00eamea de encaixe<\/li>\n<li>Cabo refor\u00e7ado com Kevlar<\/li>\n<\/ul>","protected":false},"excerpt":{"rendered":"<p>Este auricular de tubo transparente enrolado E-42\/LOK 1 \u00e9 um auricular de estilo LOK que \u00e9 utilizado com auriculares de dois e de um fio. O E-42\/LOK 1 possui um encaixe f\u00eamea Lok 1, tubo ac\u00fastico transparente enrolado, pode ser utilizado em qualquer orelha e encaixa facilmente no kit principal de um ou dois fios.<br \/>\nEm compara\u00e7\u00e3o com outros auriculares LOK de liberta\u00e7\u00e3o r\u00e1pida, o auricular de tubo transparente em espiral E-42\/LOK 1 apresenta um design de tubo transparente mais discreto, permitindo que os guarda-costas e o pessoal de seguran\u00e7a comuniquem e monitorizem as tarefas com mais cuidado.<br \/>\nO auricular de tubo transparente enrolado E-42\/LOK 1 \u00e9 fornecido apenas com o gancho de orelha em forma de C. Para utilizar plenamente este conjunto de r\u00e1dio higi\u00e9nico, adquira separadamente o kit de cabos, como o kit de fio \u00fanico de pino duplo M-27AC\/LOK 1 ou o kit de fio duplo de pino duplo M-27AC\/LOK 1.<\/p>","protected":false},"featured_media":4589,"template":"","meta":[],"product_brand":[],"product_cat":[214,215,312],"product_tag":[],"class_list":{"0":"post-4588","1":"product","2":"type-product","3":"status-publish","4":"has-post-thumbnail","6":"product_cat-two-way-radio-accessories","7":"product_cat-earpieces","8":"product_cat-lok-earpiece","10":"first","11":"instock","12":"shipping-taxable","13":"purchasable","14":"product-type-simple"},"_links":{"self":[{"href":"https:\/\/raytalkcomms.com\/pt\/wp-json\/wp\/v2\/product\/4588","targetHints":{"allow":["GET"]}}],"collection":[{"href":"https:\/\/raytalkcomms.com\/pt\/wp-json\/wp\/v2\/product"}],"about":[{"href":"https:\/\/raytalkcomms.com\/pt\/wp-json\/wp\/v2\/types\/product"}],"wp:featuredmedia":[{"embeddable":true,"href":"https:\/\/raytalkcomms.com\/pt\/wp-json\/wp\/v2\/media\/4589"}],"wp:attachment":[{"href":"https:\/\/raytalkcomms.com\/pt\/wp-json\/wp\/v2\/media?parent=4588"}],"wp:term":[{"taxonomy":"product_brand","embeddable":true,"href":"https:\/\/raytalkcomms.com\/pt\/wp-json\/wp\/v2\/product_brand?post=4588"},{"taxonomy":"product_cat","embeddable":true,"href":"https:\/\/raytalkcomms.com\/pt\/wp-json\/wp\/v2\/product_cat?post=4588"},{"taxonomy":"product_tag","embeddable":true,"href":"https:\/\/raytalkcomms.com\/pt\/wp-json\/wp\/v2\/product_tag?post=4588"}],"curies":[{"name":"wp","href":"https:\/\/api.w.org\/{rel}","templated":true}]}}