{"id":4568,"date":"2025-11-10T13:23:28","date_gmt":"2025-11-10T13:23:28","guid":{"rendered":"https:\/\/raytalkcomms.com\/?post_type=product&#038;p=4568"},"modified":"2025-12-19T14:20:07","modified_gmt":"2025-12-19T14:20:07","slug":"em-450453-professional-duplex-hand-control-phone-headphones","status":"publish","type":"product","link":"https:\/\/raytalkcomms.com\/pt\/produto\/em-450453-professional-duplex-hand-control-phone-headphones\/","title":{"rendered":"EM-450453 Auscultadores profissionais com controlo manual duplex para telefone"},"content":{"rendered":"<h3>Carater\u00edsticas:<\/h3>\n<ul>\n<li>Auricular com tubo transparente<\/li>\n<li>PTT redondo grande<\/li>\n<li>Cabo de refor\u00e7o Kevlar forte<\/li>\n<li>Al\u00edvio de tens\u00e3o no PTT e no conetor<\/li>\n<li>Compat\u00edvel com as principais marcas de r\u00e1dio, como Hytera, Icom e Midland<\/li>\n<\/ul>\n<div id=\"gtx-trans\" style=\"position: absolute; left: -66px; top: 1.2px;\">\n<div class=\"gtx-trans-icon\"><\/div>\n<\/div>","protected":false},"excerpt":{"rendered":"<p>O EM-450453 foi concebido para satisfazer as necessidades espec\u00edficas dos agentes da pol\u00edcia no terreno. Um grande bot\u00e3o \"push-to-talk\" \u00e9 montado no seu cinto, tornando a comunica\u00e7\u00e3o com os seus colegas de equipa f\u00e1cil, r\u00e1pida, dissimulada e conveniente. Este auricular divide os cabos do microfone e do auricular, permitindo-lhe controlar onde prender e ocultar os fios. O bot\u00e3o Push-to-Talk \u00e9 selado e tem classifica\u00e7\u00e3o IP67, o que significa que \u00e9 resistente ao p\u00f3 e \u00e0 \u00e1gua! Fabricado com fio de calibre 10 para resistir a danos provocados por pux\u00f5es e utilizando os mesmos componentes utilizados nos auscultadores de avi\u00f5es, sentir\u00e1 a qualidade da primeira vez que o segurar.<br \/>\nApoiamos conectores moldados e opcionais para Motorola, Kenwood, Hytera, Icom, Midland, etc...<\/p>","protected":false},"featured_media":4612,"template":"","meta":[],"product_brand":[],"product_cat":[214,215,306],"product_tag":[],"class_list":{"0":"post-4568","1":"product","2":"type-product","3":"status-publish","4":"has-post-thumbnail","6":"product_cat-two-way-radio-accessories","7":"product_cat-earpieces","8":"product_cat-1-wire-earpiece","10":"first","11":"instock","12":"shipping-taxable","13":"purchasable","14":"product-type-simple"},"_links":{"self":[{"href":"https:\/\/raytalkcomms.com\/pt\/wp-json\/wp\/v2\/product\/4568","targetHints":{"allow":["GET"]}}],"collection":[{"href":"https:\/\/raytalkcomms.com\/pt\/wp-json\/wp\/v2\/product"}],"about":[{"href":"https:\/\/raytalkcomms.com\/pt\/wp-json\/wp\/v2\/types\/product"}],"wp:featuredmedia":[{"embeddable":true,"href":"https:\/\/raytalkcomms.com\/pt\/wp-json\/wp\/v2\/media\/4612"}],"wp:attachment":[{"href":"https:\/\/raytalkcomms.com\/pt\/wp-json\/wp\/v2\/media?parent=4568"}],"wp:term":[{"taxonomy":"product_brand","embeddable":true,"href":"https:\/\/raytalkcomms.com\/pt\/wp-json\/wp\/v2\/product_brand?post=4568"},{"taxonomy":"product_cat","embeddable":true,"href":"https:\/\/raytalkcomms.com\/pt\/wp-json\/wp\/v2\/product_cat?post=4568"},{"taxonomy":"product_tag","embeddable":true,"href":"https:\/\/raytalkcomms.com\/pt\/wp-json\/wp\/v2\/product_tag?post=4568"}],"curies":[{"name":"wp","href":"https:\/\/api.w.org\/{rel}","templated":true}]}}