{"id":4564,"date":"2025-11-10T13:17:40","date_gmt":"2025-11-10T13:17:40","guid":{"rendered":"https:\/\/raytalkcomms.com\/?post_type=product&#038;p=4564"},"modified":"2026-04-28T07:26:07","modified_gmt":"2026-04-28T07:26:07","slug":"em-4238-2-wire-covert-acoustic-tube-security-earphone","status":"publish","type":"product","link":"https:\/\/raytalkcomms.com\/pt\/produto\/em-4238-2-wire-covert-acoustic-tube-security-earphone\/","title":{"rendered":"EM-4238 2-Wire Covert Acoustic Tube Security Earphone"},"content":{"rendered":"<h3>Carater\u00edsticas:<\/h3>\n<ul>\n<li>Auscultador com tubo transparente enrolado<\/li>\n<li>Bot\u00e3o PTT de lapela para comunica\u00e7\u00e3o<\/li>\n<li>Cabo de refor\u00e7o Kevlar forte<\/li>\n<li>Al\u00edvio de tens\u00e3o no PTT e no conetor<\/li>\n<li>Escolha entre v\u00e1rios tipos de fichas para se adaptar ao seu r\u00e1dio<\/li>\n<\/ul>\n<div id=\"gtx-trans\" style=\"position: absolute; left: -67px; top: 1.2px;\">\n<div class=\"gtx-trans-icon\"><\/div>\n<\/div>","protected":false},"excerpt":{"rendered":"<p>EM-4238 Acoustic tube earpiece uses a clear audio tube and a soft rubber earbud for the ear tip. As a versatile alternative to be used with many handheld two-way radios, 2 wire surveillance kit connects to your handheld unit and provides a privacy earpiece and a microphone that can be clipped to a staff uniform for easy use.<br \/>\nPara al\u00e9m dos auriculares de r\u00e1dio de 1 e 2 fios, tamb\u00e9m oferecemos um auricular de 3 fios mais flex\u00edvel para r\u00e1dios. Proporciona uma forma mais discreta de comunicar com a sua equipa sem ser notado no meio de uma multid\u00e3o, garantindo que apenas o utilizador e a sua equipa podem ouvir a conversa.<\/p>","protected":false},"featured_media":4566,"template":"","meta":[],"product_brand":[],"product_cat":[214,308,215],"product_tag":[],"class_list":{"0":"post-4564","1":"product","2":"type-product","3":"status-publish","4":"has-post-thumbnail","6":"product_cat-two-way-radio-accessories","7":"product_cat-2-wire-earpiece","8":"product_cat-earpieces","10":"first","11":"instock","12":"shipping-taxable","13":"purchasable","14":"product-type-simple"},"_links":{"self":[{"href":"https:\/\/raytalkcomms.com\/pt\/wp-json\/wp\/v2\/product\/4564","targetHints":{"allow":["GET"]}}],"collection":[{"href":"https:\/\/raytalkcomms.com\/pt\/wp-json\/wp\/v2\/product"}],"about":[{"href":"https:\/\/raytalkcomms.com\/pt\/wp-json\/wp\/v2\/types\/product"}],"wp:featuredmedia":[{"embeddable":true,"href":"https:\/\/raytalkcomms.com\/pt\/wp-json\/wp\/v2\/media\/4566"}],"wp:attachment":[{"href":"https:\/\/raytalkcomms.com\/pt\/wp-json\/wp\/v2\/media?parent=4564"}],"wp:term":[{"taxonomy":"product_brand","embeddable":true,"href":"https:\/\/raytalkcomms.com\/pt\/wp-json\/wp\/v2\/product_brand?post=4564"},{"taxonomy":"product_cat","embeddable":true,"href":"https:\/\/raytalkcomms.com\/pt\/wp-json\/wp\/v2\/product_cat?post=4564"},{"taxonomy":"product_tag","embeddable":true,"href":"https:\/\/raytalkcomms.com\/pt\/wp-json\/wp\/v2\/product_tag?post=4564"}],"curies":[{"name":"wp","href":"https:\/\/api.w.org\/{rel}","templated":true}]}}