{"id":4493,"date":"2025-11-08T12:39:27","date_gmt":"2025-11-08T12:39:27","guid":{"rendered":"https:\/\/raytalkcomms.com\/?post_type=product&#038;p=4493"},"modified":"2025-12-19T11:42:15","modified_gmt":"2025-12-19T11:42:15","slug":"e-40c-clear-tube-listen-only-earpiece-with-metal-clip","status":"publish","type":"product","link":"https:\/\/raytalkcomms.com\/pt\/produto\/e-40c-clear-tube-listen-only-earpiece-with-metal-clip\/","title":{"rendered":"E-40C Auscultador s\u00f3 para ouvir com tubo transparente e clip de metal"},"content":{"rendered":"<h3>Carater\u00edsticas:<\/h3>\n<ul>\n<li>Auricular com tubo transparente e clipe de metal<\/li>\n<li>Receber apenas o auricular<\/li>\n<li>Tomada de 2,5 mm ou 3,5 mm dispon\u00edvel<\/li>\n<li>O comprimento do cabo pode ser personalizado<\/li>\n<li>Cabo encaracolado ou reto para op\u00e7\u00e3o<\/li>\n<\/ul>","protected":false},"excerpt":{"rendered":"<p>O auricular E-40C \u00e9 um excelente acess\u00f3rio para privacidade adicional, comunica\u00e7\u00f5es furtivas ou para utiliza\u00e7\u00e3o em ambientes ruidosos. O seu tubo de bobina ac\u00fastica transparente envolve-se discretamente atr\u00e1s da orelha, e o auricular transparente com ponta em forma de cogumelo esconde-se no interior do canal auditivo de forma segura.<br \/>\nEst\u00e1 dispon\u00edvel com um conetor de \u00e1udio padr\u00e3o de 2,5 mm ou 3,5 mm para funcionar em sa\u00eddas como a porta auxiliar em muitos microfones de altifalante.<br \/>\nDispon\u00edvel para tomadas de \u00e1udio com rosca de 2,5 mm, 3,5 mm e 3,5 mm.<br \/>\nAo encomendar, verifique cuidadosamente o seu equipamento de r\u00e1dio para selecionar o tamanho correto da tomada de \u00e1udio.<\/p>","protected":false},"featured_media":4482,"template":"","meta":[],"product_brand":[],"product_cat":[214,215,313],"product_tag":[],"class_list":{"0":"post-4493","1":"product","2":"type-product","3":"status-publish","4":"has-post-thumbnail","6":"product_cat-two-way-radio-accessories","7":"product_cat-earpieces","8":"product_cat-listen-only-earpiece","10":"first","11":"instock","12":"shipping-taxable","13":"purchasable","14":"product-type-simple"},"_links":{"self":[{"href":"https:\/\/raytalkcomms.com\/pt\/wp-json\/wp\/v2\/product\/4493","targetHints":{"allow":["GET"]}}],"collection":[{"href":"https:\/\/raytalkcomms.com\/pt\/wp-json\/wp\/v2\/product"}],"about":[{"href":"https:\/\/raytalkcomms.com\/pt\/wp-json\/wp\/v2\/types\/product"}],"wp:featuredmedia":[{"embeddable":true,"href":"https:\/\/raytalkcomms.com\/pt\/wp-json\/wp\/v2\/media\/4482"}],"wp:attachment":[{"href":"https:\/\/raytalkcomms.com\/pt\/wp-json\/wp\/v2\/media?parent=4493"}],"wp:term":[{"taxonomy":"product_brand","embeddable":true,"href":"https:\/\/raytalkcomms.com\/pt\/wp-json\/wp\/v2\/product_brand?post=4493"},{"taxonomy":"product_cat","embeddable":true,"href":"https:\/\/raytalkcomms.com\/pt\/wp-json\/wp\/v2\/product_cat?post=4493"},{"taxonomy":"product_tag","embeddable":true,"href":"https:\/\/raytalkcomms.com\/pt\/wp-json\/wp\/v2\/product_tag?post=4493"}],"curies":[{"name":"wp","href":"https:\/\/api.w.org\/{rel}","templated":true}]}}