{"id":4490,"date":"2025-11-08T12:36:30","date_gmt":"2025-11-08T12:36:30","guid":{"rendered":"https:\/\/raytalkcomms.com\/?post_type=product&#038;p=4490"},"modified":"2025-12-19T11:42:15","modified_gmt":"2025-12-19T11:42:15","slug":"e-39c-listen-only-surveillance-earpiece-for-speaker-microphones","status":"publish","type":"product","link":"https:\/\/raytalkcomms.com\/pt\/produto\/e-39c-listen-only-surveillance-earpiece-for-speaker-microphones\/","title":{"rendered":"E-39C Auricular de vigil\u00e2ncia s\u00f3 de escuta para microfones com altifalante"},"content":{"rendered":"<h3>Carater\u00edsticas:<\/h3>\n<ul>\n<li>Ponta do ouvido com tubo transparente<\/li>\n<li>Receber apenas o auricular<\/li>\n<li>Tomada de 2,5 mm ou 3,5 mm dispon\u00edvel<\/li>\n<li>O comprimento do cabo pode ser personalizado<\/li>\n<li>Cabo encaracolado ou reto para op\u00e7\u00e3o<\/li>\n<\/ul>","protected":false},"excerpt":{"rendered":"<p>O auricular E-39C s\u00f3 para ouvir \u00e9 um \u00f3timo acess\u00f3rio para privacidade adicional, comunica\u00e7\u00f5es furtivas ou para utiliza\u00e7\u00e3o em ambientes ruidosos. \u00c9 um tubo de bobina ac\u00fastica transparente que se enrola discretamente atr\u00e1s da orelha e o auricular transparente com ponta em cogumelo esconde-se no interior do canal auditivo de forma segura.<br \/>\nDispon\u00edvel para tomadas de \u00e1udio com rosca de 2,5 mm, 3,5 mm e 3,5 mm.<br \/>\nAo encomendar, verifique cuidadosamente o seu equipamento de r\u00e1dio para selecionar o tamanho correto da tomada de \u00e1udio.<\/p>","protected":false},"featured_media":4481,"template":"","meta":[],"product_brand":[],"product_cat":[215,214,313],"product_tag":[],"class_list":{"0":"post-4490","1":"product","2":"type-product","3":"status-publish","4":"has-post-thumbnail","6":"product_cat-earpieces","7":"product_cat-two-way-radio-accessories","8":"product_cat-listen-only-earpiece","10":"first","11":"instock","12":"shipping-taxable","13":"purchasable","14":"product-type-simple"},"_links":{"self":[{"href":"https:\/\/raytalkcomms.com\/pt\/wp-json\/wp\/v2\/product\/4490","targetHints":{"allow":["GET"]}}],"collection":[{"href":"https:\/\/raytalkcomms.com\/pt\/wp-json\/wp\/v2\/product"}],"about":[{"href":"https:\/\/raytalkcomms.com\/pt\/wp-json\/wp\/v2\/types\/product"}],"wp:featuredmedia":[{"embeddable":true,"href":"https:\/\/raytalkcomms.com\/pt\/wp-json\/wp\/v2\/media\/4481"}],"wp:attachment":[{"href":"https:\/\/raytalkcomms.com\/pt\/wp-json\/wp\/v2\/media?parent=4490"}],"wp:term":[{"taxonomy":"product_brand","embeddable":true,"href":"https:\/\/raytalkcomms.com\/pt\/wp-json\/wp\/v2\/product_brand?post=4490"},{"taxonomy":"product_cat","embeddable":true,"href":"https:\/\/raytalkcomms.com\/pt\/wp-json\/wp\/v2\/product_cat?post=4490"},{"taxonomy":"product_tag","embeddable":true,"href":"https:\/\/raytalkcomms.com\/pt\/wp-json\/wp\/v2\/product_tag?post=4490"}],"curies":[{"name":"wp","href":"https:\/\/api.w.org\/{rel}","templated":true}]}}