{"id":4488,"date":"2025-11-08T12:33:14","date_gmt":"2025-11-08T12:33:14","guid":{"rendered":"https:\/\/raytalkcomms.com\/?post_type=product&#038;p=4488"},"modified":"2025-12-19T11:42:15","modified_gmt":"2025-12-19T11:42:15","slug":"e-37-large-g-style-listen-only-earphone-with-3-5mm-plug","status":"publish","type":"product","link":"https:\/\/raytalkcomms.com\/pt\/produto\/e-37-large-g-style-listen-only-earphone-with-3-5mm-plug\/","title":{"rendered":"E-37 Auricular grande tipo G s\u00f3 para ouvir com ficha de 3,5 mm"},"content":{"rendered":"<h3>Carater\u00edsticas:<\/h3>\n<ul>\n<li>Gancho de orelha grande tipo G<\/li>\n<li>Receber apenas o auricular<\/li>\n<li>Girat\u00f3rio para o ouvido esquerdo ou direito<\/li>\n<li>Tomada de 2,5 mm ou 3,5 mm dispon\u00edvel<\/li>\n<li>O comprimento do cabo pode ser personalizado<\/li>\n<li>Cabo encaracolado ou reto para op\u00e7\u00e3o<\/li>\n<\/ul>","protected":false},"excerpt":{"rendered":"<p>O auricular E-37 G-Style grande \u00e9 feito de borracha macia e flex\u00edvel. Este auricular sobre a orelha possui um microfone rotativo incorporado para que possa alternar entre as orelhas esquerda e direita com um ajuste perfeito. O auricular grande fica fora do canal auditivo, mas proporciona um \u00e1udio de r\u00e1dio n\u00edtido, melhorando a higiene das equipas por turnos. A sua forma adaptada ao ouvido aumenta o conforto. Proporciona um som mais completo e natural.<br \/>\nPara os auscultadores de estilo E 37 G grandes, oferecemos op\u00e7\u00f5es personalizadas de fichas de 2,5 mm ou 3,5 mm e op\u00e7\u00f5es de cabo reto ou em espiral. Ao encomendar, verifique o seu r\u00e1dio e selecione o tamanho correto da ficha de \u00e1udio.<\/p>","protected":false},"featured_media":4480,"template":"","meta":[],"product_brand":[],"product_cat":[215,214,313],"product_tag":[],"class_list":{"0":"post-4488","1":"product","2":"type-product","3":"status-publish","4":"has-post-thumbnail","6":"product_cat-earpieces","7":"product_cat-two-way-radio-accessories","8":"product_cat-listen-only-earpiece","10":"first","11":"instock","12":"shipping-taxable","13":"purchasable","14":"product-type-simple"},"_links":{"self":[{"href":"https:\/\/raytalkcomms.com\/pt\/wp-json\/wp\/v2\/product\/4488","targetHints":{"allow":["GET"]}}],"collection":[{"href":"https:\/\/raytalkcomms.com\/pt\/wp-json\/wp\/v2\/product"}],"about":[{"href":"https:\/\/raytalkcomms.com\/pt\/wp-json\/wp\/v2\/types\/product"}],"wp:featuredmedia":[{"embeddable":true,"href":"https:\/\/raytalkcomms.com\/pt\/wp-json\/wp\/v2\/media\/4480"}],"wp:attachment":[{"href":"https:\/\/raytalkcomms.com\/pt\/wp-json\/wp\/v2\/media?parent=4488"}],"wp:term":[{"taxonomy":"product_brand","embeddable":true,"href":"https:\/\/raytalkcomms.com\/pt\/wp-json\/wp\/v2\/product_brand?post=4488"},{"taxonomy":"product_cat","embeddable":true,"href":"https:\/\/raytalkcomms.com\/pt\/wp-json\/wp\/v2\/product_cat?post=4488"},{"taxonomy":"product_tag","embeddable":true,"href":"https:\/\/raytalkcomms.com\/pt\/wp-json\/wp\/v2\/product_tag?post=4488"}],"curies":[{"name":"wp","href":"https:\/\/api.w.org\/{rel}","templated":true}]}}