{"id":4418,"date":"2025-11-07T12:13:30","date_gmt":"2025-11-07T12:13:30","guid":{"rendered":"https:\/\/raytalkcomms.com\/?post_type=product&#038;p=4418"},"modified":"2025-12-19T14:10:23","modified_gmt":"2025-12-19T14:10:23","slug":"cb-20-ground-support-headset-to-ga-adapter-cable","status":"publish","type":"product","link":"https:\/\/raytalkcomms.com\/pt\/produto\/cb-20-ground-support-headset-to-ga-adapter-cable\/","title":{"rendered":"Cabo adaptador do auscultador de apoio terrestre CB-20 para GA"},"content":{"rendered":"<h3>Carater\u00edsticas:<\/h3>\n<ul>\n<li>Converte um auricular de suporte de terra de ficha \u00fanica em fichas GA duplas<\/li>\n<li>Pronto a utilizar e de f\u00e1cil manuten\u00e7\u00e3o<\/li>\n<\/ul>","protected":false},"excerpt":{"rendered":"<p>O cabo adaptador de avia\u00e7\u00e3o CB-20 foi concebido para as equipas de apoio em terra que utilizam auscultadores intercomunicadores, permitindo-lhes ligar-se aos pain\u00e9is de controlo das aeronaves de asa fixa GA, tal como os auscultadores dos pilotos.<br \/>\nConstru\u00eddo com materiais dur\u00e1veis e de alta resist\u00eancia, o CB-20 \u00e9 resistente \u00e0 deforma\u00e7\u00e3o e ao desgaste.<br \/>\nPode ligar o auricular de terra a uma extremidade do cabo e inserir as fichas GA duplas no painel de controlo da aeronave.<br \/>\nIsto permite um \u00e1udio n\u00edtido e uma comunica\u00e7\u00e3o fi\u00e1vel, proporcionando a mesma funcionalidade que os auscultadores de avia\u00e7\u00e3o profissionais e aumentando consideravelmente a flexibilidade de comunica\u00e7\u00e3o entre as equipas de terra e os pilotos.<\/p>","protected":false},"featured_media":4419,"template":"","meta":[],"product_brand":[],"product_cat":[208,267],"product_tag":[],"class_list":{"0":"post-4418","1":"product","2":"type-product","3":"status-publish","4":"has-post-thumbnail","6":"product_cat-aviation","7":"product_cat-adapter-cable-aviation","9":"first","10":"instock","11":"shipping-taxable","12":"purchasable","13":"product-type-simple"},"_links":{"self":[{"href":"https:\/\/raytalkcomms.com\/pt\/wp-json\/wp\/v2\/product\/4418","targetHints":{"allow":["GET"]}}],"collection":[{"href":"https:\/\/raytalkcomms.com\/pt\/wp-json\/wp\/v2\/product"}],"about":[{"href":"https:\/\/raytalkcomms.com\/pt\/wp-json\/wp\/v2\/types\/product"}],"wp:featuredmedia":[{"embeddable":true,"href":"https:\/\/raytalkcomms.com\/pt\/wp-json\/wp\/v2\/media\/4419"}],"wp:attachment":[{"href":"https:\/\/raytalkcomms.com\/pt\/wp-json\/wp\/v2\/media?parent=4418"}],"wp:term":[{"taxonomy":"product_brand","embeddable":true,"href":"https:\/\/raytalkcomms.com\/pt\/wp-json\/wp\/v2\/product_brand?post=4418"},{"taxonomy":"product_cat","embeddable":true,"href":"https:\/\/raytalkcomms.com\/pt\/wp-json\/wp\/v2\/product_cat?post=4418"},{"taxonomy":"product_tag","embeddable":true,"href":"https:\/\/raytalkcomms.com\/pt\/wp-json\/wp\/v2\/product_tag?post=4418"}],"curies":[{"name":"wp","href":"https:\/\/api.w.org\/{rel}","templated":true}]}}