{"id":4331,"date":"2025-11-06T12:04:32","date_gmt":"2025-11-06T12:04:32","guid":{"rendered":"https:\/\/raytalkcomms.com\/?post_type=product&#038;p=4331"},"modified":"2025-12-25T07:44:22","modified_gmt":"2025-12-25T07:44:22","slug":"epac-10c-half-gel-and-half-foam-replacement-ear-pad","status":"publish","type":"product","link":"https:\/\/raytalkcomms.com\/pt\/produto\/epac-10c-half-gel-and-half-foam-replacement-ear-pad\/","title":{"rendered":"EPAC-10C Almofada auricular de substitui\u00e7\u00e3o metade gel e metade espuma"},"content":{"rendered":"<h3>Escolha as almofadas para os ouvidos que se adequam ao seu funcionamento:<\/h3>\n<ul>\n<li>Metade gel e metade almofada de ouvido roam<\/li>\n<li>Constru\u00eddo para resistir \u00e0 fissura\u00e7\u00e3o e ao desgaste, proporcionando um desempenho mais duradouro<\/li>\n<li>100 \u00d7 75 \u00d7 25 mm<\/li>\n<\/ul>","protected":false},"excerpt":{"rendered":"<p>A almofada EPAC-10C \u00e9 uma almofada de substitui\u00e7\u00e3o composta por metade de gel e metade de espuma, concebida para aeronaves com elevado n\u00edvel de ru\u00eddo e para utiliza\u00e7\u00e3o em treinos intensivos. O seu perfil mais espesso melhora a veda\u00e7\u00e3o ac\u00fastica para bloquear melhor o ru\u00eddo do motor e do vento. Desenvolvida com o contributo dos pilotos e dos departamentos de forma\u00e7\u00e3o, combina uma camada de gel de silicone do lado da pele que reduz a abras\u00e3o e evita as marcas escuras do uso frequente com uma camada de espuma do lado do copo que melhora a estabilidade da veda\u00e7\u00e3o e a respirabilidade. Instala-se rapidamente e adapta-se \u00e0 maioria dos auscultadores GA e PNR.<\/p>\n<p>Mas quer esteja no cockpit, no ch\u00e3o de f\u00e1brica, em opera\u00e7\u00f5es mineiras ou em estaleiros de constru\u00e7\u00e3o, vale a pena adicionar \u00e0 sua lista de equipamento a almofada para os ouvidos mais espessa EPAC-10C da RayTalk.<\/p>","protected":false},"featured_media":4324,"template":"","meta":[],"product_brand":[],"product_cat":[208,246,214,218],"product_tag":[],"class_list":{"0":"post-4331","1":"product","2":"type-product","3":"status-publish","4":"has-post-thumbnail","6":"product_cat-aviation","7":"product_cat-headset-accessories","8":"product_cat-two-way-radio-accessories","9":"product_cat-spare-parts","11":"first","12":"instock","13":"shipping-taxable","14":"purchasable","15":"product-type-simple"},"_links":{"self":[{"href":"https:\/\/raytalkcomms.com\/pt\/wp-json\/wp\/v2\/product\/4331","targetHints":{"allow":["GET"]}}],"collection":[{"href":"https:\/\/raytalkcomms.com\/pt\/wp-json\/wp\/v2\/product"}],"about":[{"href":"https:\/\/raytalkcomms.com\/pt\/wp-json\/wp\/v2\/types\/product"}],"wp:featuredmedia":[{"embeddable":true,"href":"https:\/\/raytalkcomms.com\/pt\/wp-json\/wp\/v2\/media\/4324"}],"wp:attachment":[{"href":"https:\/\/raytalkcomms.com\/pt\/wp-json\/wp\/v2\/media?parent=4331"}],"wp:term":[{"taxonomy":"product_brand","embeddable":true,"href":"https:\/\/raytalkcomms.com\/pt\/wp-json\/wp\/v2\/product_brand?post=4331"},{"taxonomy":"product_cat","embeddable":true,"href":"https:\/\/raytalkcomms.com\/pt\/wp-json\/wp\/v2\/product_cat?post=4331"},{"taxonomy":"product_tag","embeddable":true,"href":"https:\/\/raytalkcomms.com\/pt\/wp-json\/wp\/v2\/product_tag?post=4331"}],"curies":[{"name":"wp","href":"https:\/\/api.w.org\/{rel}","templated":true}]}}