{"id":4289,"date":"2025-11-06T03:29:04","date_gmt":"2025-11-06T03:29:04","guid":{"rendered":"https:\/\/raytalkcomms.com\/?post_type=product&#038;p=4289"},"modified":"2025-12-03T07:16:31","modified_gmt":"2025-12-03T07:16:31","slug":"asp-02m-dynamic-microphone-for-metal-boom-flying-headset","status":"publish","type":"product","link":"https:\/\/raytalkcomms.com\/pt\/produto\/asp-02m-dynamic-microphone-for-metal-boom-flying-headset\/","title":{"rendered":"Microfone din\u00e2mico ASP-02M para auscultadores voadores com barra met\u00e1lica"},"content":{"rendered":"<h3>Carater\u00edsticas:<\/h3>\n<ul>\n<li>Elemento de microfone din\u00e2mico com cancelamento de ru\u00eddo<\/li>\n<li>Proporciona um \u00e1udio claro e n\u00edtido<\/li>\n<li>Compat\u00edvel com a maioria dos auscultadores para avia\u00e7\u00e3o geral e helic\u00f3pteros<\/li>\n<\/ul>\n<h3>Benef\u00edcios:<\/h3>\n<p>The ASP-02M dynamic microphone is built with more durable materials, offering greater resistance to wear, corrosion, and damage. Equipping aviation headsets with the ASP-02M dynamic microphone extends their service life, reduces overall organizational costs, and enhances flight communication efficiency.<\/p>","protected":false},"excerpt":{"rendered":"<p>ASP-02M Dynamic Microphone for metal boom flying headset. Compatible with Crystal Mic, Bose, and most general aviation ANR headsets. The ASP-02M dynamic microphone is easy to replace, it can be installed on a metal boom arm in just a few simple steps, giving your aviation headset a new life. It delivers clearer audio and improved communication performance.<\/p>","protected":false},"featured_media":4290,"template":"","meta":[],"product_brand":[],"product_cat":[246,208],"product_tag":[],"class_list":{"0":"post-4289","1":"product","2":"type-product","3":"status-publish","4":"has-post-thumbnail","6":"product_cat-headset-accessories","7":"product_cat-aviation","9":"first","10":"instock","11":"shipping-taxable","12":"purchasable","13":"product-type-simple"},"_links":{"self":[{"href":"https:\/\/raytalkcomms.com\/pt\/wp-json\/wp\/v2\/product\/4289","targetHints":{"allow":["GET"]}}],"collection":[{"href":"https:\/\/raytalkcomms.com\/pt\/wp-json\/wp\/v2\/product"}],"about":[{"href":"https:\/\/raytalkcomms.com\/pt\/wp-json\/wp\/v2\/types\/product"}],"wp:featuredmedia":[{"embeddable":true,"href":"https:\/\/raytalkcomms.com\/pt\/wp-json\/wp\/v2\/media\/4290"}],"wp:attachment":[{"href":"https:\/\/raytalkcomms.com\/pt\/wp-json\/wp\/v2\/media?parent=4289"}],"wp:term":[{"taxonomy":"product_brand","embeddable":true,"href":"https:\/\/raytalkcomms.com\/pt\/wp-json\/wp\/v2\/product_brand?post=4289"},{"taxonomy":"product_cat","embeddable":true,"href":"https:\/\/raytalkcomms.com\/pt\/wp-json\/wp\/v2\/product_cat?post=4289"},{"taxonomy":"product_tag","embeddable":true,"href":"https:\/\/raytalkcomms.com\/pt\/wp-json\/wp\/v2\/product_tag?post=4289"}],"curies":[{"name":"wp","href":"https:\/\/api.w.org\/{rel}","templated":true}]}}