{"id":4286,"date":"2025-11-06T03:13:44","date_gmt":"2025-11-06T03:13:44","guid":{"rendered":"https:\/\/raytalkcomms.com\/?post_type=product&#038;p=4286"},"modified":"2025-12-03T07:15:26","modified_gmt":"2025-12-03T07:15:26","slug":"asp-02-replaceable-dynamic-microphone-for-flexible-boom-flying-headset","status":"publish","type":"product","link":"https:\/\/raytalkcomms.com\/pt\/produto\/asp-02-replaceable-dynamic-microphone-for-flexible-boom-flying-headset\/","title":{"rendered":"Microfone din\u00e2mico substitu\u00edvel ASP-02 para auscultadores voadores com haste flex\u00edvel"},"content":{"rendered":"<h3>Carater\u00edsticas:<\/h3>\n<ul>\n<li>Elemento de microfone din\u00e2mico com cancelamento de ru\u00eddo<\/li>\n<li>Proporciona um \u00e1udio claro e n\u00edtido<\/li>\n<li>Compat\u00edvel com a maioria dos auscultadores para avia\u00e7\u00e3o geral e helic\u00f3pteros<\/li>\n<\/ul>\n<h3>Benef\u00edcios:<\/h3>\n<p>Os auscultadores para avia\u00e7\u00e3o apresentam frequentemente um design de haste flex\u00edvel, o que exige um elemento de microfone mais potente. Oferecemos n\u00e3o s\u00f3 microfones de eletreto para auscultadores de piloto, mas tamb\u00e9m microfones din\u00e2micos. Para os clubes de voo e as companhias a\u00e9reas, oferecemos uma gama mais vasta de op\u00e7\u00f5es para satisfazer as necessidades de aquisi\u00e7\u00e3o - com pre\u00e7os mais acess\u00edveis e qualidade superior.<\/p>\n<div id=\"gtx-trans\" style=\"position: absolute; left: -72px; top: 138.713px;\">\n<div class=\"gtx-trans-icon\"><\/div>\n<\/div>","protected":false},"excerpt":{"rendered":"<p>Microfone din\u00e2mico substitu\u00edvel ASP-02 para auscultadores voadores com haste flex\u00edvel. Compat\u00edvel com Crystal Mic, David Clark e a maioria dos auscultadores ANR. Trata-se de um microfone din\u00e2mico amplificado com cancelamento de ru\u00eddo, muito apreciado por entusiastas da avia\u00e7\u00e3o e pilotos. Da mesma forma, este microfone din\u00e2mico tamb\u00e9m \u00e9 compat\u00edvel com os auscultadores de avia\u00e7\u00e3o ANR PH-100 ANR, PH-100H Helicopter Headset e PH-400 Bluetooth Headset da RayTalk, entre outros.<\/p>","protected":false},"featured_media":4287,"template":"","meta":[],"product_brand":[],"product_cat":[208,246],"product_tag":[],"class_list":{"0":"post-4286","1":"product","2":"type-product","3":"status-publish","4":"has-post-thumbnail","6":"product_cat-aviation","7":"product_cat-headset-accessories","9":"first","10":"instock","11":"shipping-taxable","12":"purchasable","13":"product-type-simple"},"_links":{"self":[{"href":"https:\/\/raytalkcomms.com\/pt\/wp-json\/wp\/v2\/product\/4286","targetHints":{"allow":["GET"]}}],"collection":[{"href":"https:\/\/raytalkcomms.com\/pt\/wp-json\/wp\/v2\/product"}],"about":[{"href":"https:\/\/raytalkcomms.com\/pt\/wp-json\/wp\/v2\/types\/product"}],"wp:featuredmedia":[{"embeddable":true,"href":"https:\/\/raytalkcomms.com\/pt\/wp-json\/wp\/v2\/media\/4287"}],"wp:attachment":[{"href":"https:\/\/raytalkcomms.com\/pt\/wp-json\/wp\/v2\/media?parent=4286"}],"wp:term":[{"taxonomy":"product_brand","embeddable":true,"href":"https:\/\/raytalkcomms.com\/pt\/wp-json\/wp\/v2\/product_brand?post=4286"},{"taxonomy":"product_cat","embeddable":true,"href":"https:\/\/raytalkcomms.com\/pt\/wp-json\/wp\/v2\/product_cat?post=4286"},{"taxonomy":"product_tag","embeddable":true,"href":"https:\/\/raytalkcomms.com\/pt\/wp-json\/wp\/v2\/product_tag?post=4286"}],"curies":[{"name":"wp","href":"https:\/\/api.w.org\/{rel}","templated":true}]}}